{"id":18508,"date":"2024-11-12T11:08:56","date_gmt":"2024-11-12T10:08:56","guid":{"rendered":"http:\/\/ksiegarnia-akademicka.pl\/?post_type=product&#038;p=18508"},"modified":"2024-11-20T14:26:38","modified_gmt":"2024-11-20T13:26:38","slug":"stany-nagle-psychiatria","status":"publish","type":"product","link":"http:\/\/ksiegarnia-akademicka.pl\/index.php\/product\/stany-nagle-psychiatria\/","title":{"rendered":"Stany nag\u0142e Psychiatria"},"content":{"rendered":"<p>Autor:<br \/>\nAnna Antosik-W\u00f3jci\u0144ska<br \/>\nWydawca: Medical Tribune<br \/>\nOprawa: Mi\u0119kka<br \/>\nFormat: 19.3&#215;12.7cm<br \/>\nLiczba stron: 224<br \/>\nRok wydania: 2024<br \/>\nJ\u0119zyk wydania: polski<\/p>\n<p>Wst\u0119p &#8230;&#8230;&#8230;&#8230;&#8230;&#8230;&#8230;&#8230;&#8230;&#8230;&#8230;&#8230;&#8230;. 9<br \/>\nBadanie psychiatryczne<br \/>\nNawi\u0105zywanie kontaktu z pacjentem &#8230;&#8230;&#8230;&#8230;&#8230;&#8230;. 11<br \/>\nAnna Zofia Antosik-W\u00f3jci\u0144ska, Agnieszka Borycka<br \/>\nBadanie psychiatryczne<br \/>\nSpos\u00f3b zbierania wywiadu &#8230;&#8230;&#8230;&#8230;&#8230;&#8230;.. 22<br \/>\nAnna Zofia Antosik-W\u00f3jci\u0144ska<br \/>\nZachowania samob\u00f3jcze i autoagresywne &#8230;&#8230;&#8230;&#8230;&#8230;&#8230;&#8230;&#8230;&#8230; 27<br \/>\nMonika Rieff-Kosecka<br \/>\nZachowania agresywne, pacjent pobudzony &#8230;&#8230;&#8230;&#8230;&#8230;&#8230;&#8230;.. 55<br \/>\nAleksandra Majewska, Anna Zofia Antosik-W\u00f3jci\u0144ska<br \/>\nPacjent z ostr\u0105 psychoz\u0105 &#8230;&#8230;&#8230;&#8230;&#8230;&#8230;&#8230;&#8230;&#8230;. 83<br \/>\nMichalina Kwasowiec<br \/>\nPacjent w silnym l\u0119ku &#8230;&#8230;&#8230;&#8230;&#8230;&#8230;&#8230;&#8230;&#8230;&#8230;&#8230;.. 97<br \/>\nMichalina Kwasowiec<br \/>\nInterwencja kryzysowa &#8230;&#8230;&#8230;&#8230;&#8230;&#8230;&#8230;&#8230;&#8230;&#8230;&#8230;&#8230; 109<br \/>\nMicha\u0142 Balwi\u0144ski<br \/>\nRola psychoterapii<br \/>\nKiedy kierowa\u0107 pacjenta do szpitala? &#8230;&#8230;&#8230;&#8230;&#8230;.. 149<br \/>\nAgnieszka Borycka<br \/>\nZaburzenia psychiczne w chorobach somatycznych &#8230;&#8230;&#8230; 161<br \/>\nMonika Dominiak<br \/>\nOstre powik\u0142ania farmakoterapii &#8230;&#8230;&#8230;&#8230;&#8230;&#8230;. 199<br \/>\nMichalina Kwasowiec, Wojciech Lubi\u0144ski,<br \/>\nAnna Zofia Antosik-W\u00f3jci\u0144ska<br \/>\nWezwanie pogotowia &#8230;&#8230;&#8230;&#8230;&#8230;&#8230;&#8230;&#8230;&#8230;&#8230;&#8230; 209<br \/>\nBart\u0142omiej Antoniak, Anna Zofia Antosik-W\u00f3jci\u0144ska<\/p>\n","protected":false},"excerpt":{"rendered":"<p>Autor: Anna Antosik-W\u00f3jci\u0144ska Wydawca: Medical Tribune Oprawa: Mi\u0119kka Format: 19.3&#215;12.7cm [&hellip;]<\/p>\n","protected":false},"featured_media":18662,"template":"","meta":[],"product_brand":[],"product_cat":[8302,7493],"product_tag":[1665,8327],"class_list":{"0":"post-18508","1":"product","2":"type-product","3":"status-publish","4":"has-post-thumbnail","6":"product_cat-inne-medycyna","7":"product_cat-medycyna","8":"product_tag-psychiatria","9":"product_tag-seria-stany-nagle","11":"first","12":"instock","13":"sale","14":"shipping-taxable","15":"purchasable","16":"product-type-simple"},"_links":{"self":[{"href":"http:\/\/ksiegarnia-akademicka.pl\/index.php\/wp-json\/wp\/v2\/product\/18508","targetHints":{"allow":["GET"]}}],"collection":[{"href":"http:\/\/ksiegarnia-akademicka.pl\/index.php\/wp-json\/wp\/v2\/product"}],"about":[{"href":"http:\/\/ksiegarnia-akademicka.pl\/index.php\/wp-json\/wp\/v2\/types\/product"}],"wp:featuredmedia":[{"embeddable":true,"href":"http:\/\/ksiegarnia-akademicka.pl\/index.php\/wp-json\/wp\/v2\/media\/18662"}],"wp:attachment":[{"href":"http:\/\/ksiegarnia-akademicka.pl\/index.php\/wp-json\/wp\/v2\/media?parent=18508"}],"wp:term":[{"taxonomy":"product_brand","embeddable":true,"href":"http:\/\/ksiegarnia-akademicka.pl\/index.php\/wp-json\/wp\/v2\/product_brand?post=18508"},{"taxonomy":"product_cat","embeddable":true,"href":"http:\/\/ksiegarnia-akademicka.pl\/index.php\/wp-json\/wp\/v2\/product_cat?post=18508"},{"taxonomy":"product_tag","embeddable":true,"href":"http:\/\/ksiegarnia-akademicka.pl\/index.php\/wp-json\/wp\/v2\/product_tag?post=18508"}],"curies":[{"name":"wp","href":"https:\/\/api.w.org\/{rel}","templated":true}]}}