{"id":18498,"date":"2024-11-12T10:13:50","date_gmt":"2024-11-12T09:13:50","guid":{"rendered":"http:\/\/ksiegarnia-akademicka.pl\/?post_type=product&#038;p=18498"},"modified":"2024-11-20T14:31:52","modified_gmt":"2024-11-20T13:31:52","slug":"konwencja-o-zapobieganiu-i-zwalczaniu-przemocy-wobec-kobiet-i-przemocy-domowej-komentarz","status":"publish","type":"product","link":"http:\/\/ksiegarnia-akademicka.pl\/index.php\/product\/konwencja-o-zapobieganiu-i-zwalczaniu-przemocy-wobec-kobiet-i-przemocy-domowej-komentarz\/","title":{"rendered":"Konwencja o zapobieganiu i zwalczaniu przemocy wobec kobiet i przemocy domowej. Komentarz"},"content":{"rendered":"<p>Redakcja: Bie\u0144kowska Ewa, Mazowiecka Lidia<br \/>\nWydawca: Wolters Kluwer<br \/>\nOprawa: Mi\u0119kka<br \/>\nLiczba stron: 592<br \/>\nWydanie: 2<br \/>\nRok wydania: 2024<br \/>\nJ\u0119zyk wydania: polski<\/p>\n<p>Publikacja jest jedynym na polskim rynku wydawniczym komentarzem do konwencji Rady Europy o zapobieganiu i zwalczaniu przemocy wobec kobiet i przemocy domowej. Autorzy omawiaj\u0105 pierwszy europejski akt prawny wprowadzaj\u0105cy minimalne wymogi wobec sytuacji prawnej i spo\u0142ecznej ofiar tych zjawisk, odwo\u0142uj\u0105c si\u0119 do polskich regulacji.<\/p>\n<p>Drugie wydanie publikacji uwzgl\u0119dnia zmiany wprowadzone m.in. ustawami:<br \/>\n\u2022 z 28 lipca 2023 r. o zmianie ustawy \u2013 Kodeks rodzinny i opieku\u0144czy oraz niekt\u00f3rych innych ustaw, kt\u00f3ra okre\u015bla szczeg\u00f3lne \u015brodki ochrony przed zagro\u017ceniami przest\u0119pczo\u015bci\u0105 na tle seksualnym i szczeg\u00f3lne \u015brodki ochrony ma\u0142oletnich, a tak\u017ce wprowadza wiele zmian w innych ustawach, kt\u00f3rych celem jest ochrona dziecka;<br \/>\n\u2022 z 13 stycznia 2023 r. o zmianie ustawy \u2013 Kodeks post\u0119powania cywilnego oraz niekt\u00f3rych innych ustaw wprowadzaj\u0105c\u0105 zapisy, kt\u00f3re w maj\u0105 chroni\u0107 przed wt\u00f3rn\u0105 wiktymizacj\u0105 pokrzywdzonych.<\/p>\n<p>Publikacja b\u0119dzie przydatna dla prawnik\u00f3w praktyk\u00f3w (adwokat\u00f3w, s\u0119dzi\u00f3w, prokurator\u00f3w), a tak\u017ce funkcjonariuszy Policji, kurator\u00f3w, pracownik\u00f3w administracji samorz\u0105dowej, organizacji pozarz\u0105dowych. Zainteresuje ponadto przedstawicieli nauki zajmuj\u0105cych si\u0119 prawami ofiar przemocy domowej.<\/p>\n<p>Komentarz opracowali wybitni specjali\u015bci z zakresu prawa karnego i procesowego, kryminologii, a tak\u017ce wiktymologii.<\/p>\n","protected":false},"excerpt":{"rendered":"<p>Redakcja: Bie\u0144kowska Ewa, Mazowiecka Lidia Wydawca: Wolters Kluwer Oprawa: Mi\u0119kka [&hellip;]<\/p>\n","protected":false},"featured_media":18667,"template":"","meta":[],"product_brand":[],"product_cat":[18,7719],"product_tag":[487,1008,1027],"class_list":{"0":"post-18498","1":"product","2":"type-product","3":"status-publish","4":"has-post-thumbnail","6":"product_cat-prawo","7":"product_cat-prawo-miedzynarodowe","8":"product_tag-komentarze","9":"product_tag-prawo","10":"product_tag-prawo-miedzynarodowe","12":"first","13":"instock","14":"sale","15":"shipping-taxable","16":"purchasable","17":"product-type-simple"},"_links":{"self":[{"href":"http:\/\/ksiegarnia-akademicka.pl\/index.php\/wp-json\/wp\/v2\/product\/18498","targetHints":{"allow":["GET"]}}],"collection":[{"href":"http:\/\/ksiegarnia-akademicka.pl\/index.php\/wp-json\/wp\/v2\/product"}],"about":[{"href":"http:\/\/ksiegarnia-akademicka.pl\/index.php\/wp-json\/wp\/v2\/types\/product"}],"wp:featuredmedia":[{"embeddable":true,"href":"http:\/\/ksiegarnia-akademicka.pl\/index.php\/wp-json\/wp\/v2\/media\/18667"}],"wp:attachment":[{"href":"http:\/\/ksiegarnia-akademicka.pl\/index.php\/wp-json\/wp\/v2\/media?parent=18498"}],"wp:term":[{"taxonomy":"product_brand","embeddable":true,"href":"http:\/\/ksiegarnia-akademicka.pl\/index.php\/wp-json\/wp\/v2\/product_brand?post=18498"},{"taxonomy":"product_cat","embeddable":true,"href":"http:\/\/ksiegarnia-akademicka.pl\/index.php\/wp-json\/wp\/v2\/product_cat?post=18498"},{"taxonomy":"product_tag","embeddable":true,"href":"http:\/\/ksiegarnia-akademicka.pl\/index.php\/wp-json\/wp\/v2\/product_tag?post=18498"}],"curies":[{"name":"wp","href":"https:\/\/api.w.org\/{rel}","templated":true}]}}