{"id":18494,"date":"2024-11-12T10:09:19","date_gmt":"2024-11-12T09:09:19","guid":{"rendered":"http:\/\/ksiegarnia-akademicka.pl\/?post_type=product&#038;p=18494"},"modified":"2024-11-20T14:34:24","modified_gmt":"2024-11-20T13:34:24","slug":"jeden-dzien-z-zycia-abeda-salamy","status":"publish","type":"product","link":"http:\/\/ksiegarnia-akademicka.pl\/index.php\/product\/jeden-dzien-z-zycia-abeda-salamy\/","title":{"rendered":"Jeden dzie\u0144 z \u017cycia Abeda Salamy"},"content":{"rendered":"<p>Autor:<br \/>\nNathan Thrall<br \/>\nT\u0142umacze: Bukowska Monika<br \/>\nWydawca: Znak<br \/>\nOprawa: Mi\u0119kka ze skrzyde\u0142kami<br \/>\nFormat: 14.0&#215;20.5cm<br \/>\nLiczba stron: 336<br \/>\nWydanie: 1<br \/>\nRok wydania: 2024<br \/>\nJ\u0119zyk wydania: polski<\/p>\n<p>Jeden z najwa\u017cniejszych \u015bwiatowych reporta\u017cy ostatnich lat. Trzymaj\u0105ca w napi\u0119ciu opowie\u015b\u0107 o nieszcz\u0119\u015bliwym wypadku, z kt\u00f3rej wy\u0142ania si\u0119 przejmuj\u0105cy obraz \u017cycia w pa\u0144stwie podzielonym murem. Pi\u0119cioletni Milad, syn Abeda Salamy, jest podekscytowany szkoln\u0105 wycieczk\u0105. Cz\u0119\u015b\u0107 rodzic\u00f3w boi si\u0119 wyj\u0105tkowo deszczowej pogody, ale ostatecznie autobusy ruszaj\u0105 w drog\u0119. Kilka godzin p\u00f3\u017aniej Abed dowiaduje si\u0119, \u017ce dosz\u0142o do wypadku. Gdy dociera na miejsce, widzi spalony autobus i wszechogarniaj\u0105cy chaos. Cz\u0119\u015b\u0107 dzieci przewieziono do szpitali w Jerozolimie i na Zachodnim Brzegu, niekt\u00f3re zagin\u0119\u0142y. Abed musi odnale\u017a\u0107 syna, ale czy mu si\u0119 to uda? Jest po niew\u0142a\u015bciwej stronie muru separacyjnego i ma niew\u0142a\u015bciwe dokumenty. Jak przekroczy punkty kontrolne? Autor tworzy pe\u0142n\u0105 empatii i zrozumienia opowie\u015b\u0107, w kt\u00f3rej splataj\u0105 si\u0119 g\u0142osy palesty\u0144skich rodzic\u00f3w i ratownik\u00f3w oraz izraelskich osadnik\u00f3w i \u017co\u0142nierzy. W jaki spos\u00f3b wydarzenia z przesz\u0142o\u015bci i decyzje polityk\u00f3w doprowadzi\u0142y wszystkich bohater\u00f3w do tego jednego tragicznego dnia?<\/p>\n","protected":false},"excerpt":{"rendered":"<p>Autor: Nathan Thrall T\u0142umacze: Bukowska Monika Wydawca: Znak Oprawa: Mi\u0119kka [&hellip;]<\/p>\n","protected":false},"featured_media":18669,"template":"","meta":[],"product_brand":[],"product_cat":[7707],"product_tag":[5953,4548],"class_list":{"0":"post-18494","1":"product","2":"type-product","3":"status-publish","4":"has-post-thumbnail","6":"product_cat-literatura","7":"product_tag-literatura","8":"product_tag-reportaz","10":"first","11":"instock","12":"sale","13":"shipping-taxable","14":"purchasable","15":"product-type-simple"},"_links":{"self":[{"href":"http:\/\/ksiegarnia-akademicka.pl\/index.php\/wp-json\/wp\/v2\/product\/18494","targetHints":{"allow":["GET"]}}],"collection":[{"href":"http:\/\/ksiegarnia-akademicka.pl\/index.php\/wp-json\/wp\/v2\/product"}],"about":[{"href":"http:\/\/ksiegarnia-akademicka.pl\/index.php\/wp-json\/wp\/v2\/types\/product"}],"wp:featuredmedia":[{"embeddable":true,"href":"http:\/\/ksiegarnia-akademicka.pl\/index.php\/wp-json\/wp\/v2\/media\/18669"}],"wp:attachment":[{"href":"http:\/\/ksiegarnia-akademicka.pl\/index.php\/wp-json\/wp\/v2\/media?parent=18494"}],"wp:term":[{"taxonomy":"product_brand","embeddable":true,"href":"http:\/\/ksiegarnia-akademicka.pl\/index.php\/wp-json\/wp\/v2\/product_brand?post=18494"},{"taxonomy":"product_cat","embeddable":true,"href":"http:\/\/ksiegarnia-akademicka.pl\/index.php\/wp-json\/wp\/v2\/product_cat?post=18494"},{"taxonomy":"product_tag","embeddable":true,"href":"http:\/\/ksiegarnia-akademicka.pl\/index.php\/wp-json\/wp\/v2\/product_tag?post=18494"}],"curies":[{"name":"wp","href":"https:\/\/api.w.org\/{rel}","templated":true}]}}