{"id":18430,"date":"2024-10-30T08:56:59","date_gmt":"2024-10-30T07:56:59","guid":{"rendered":"http:\/\/ksiegarnia-akademicka.pl\/?post_type=product&#038;p=18430"},"modified":"2024-11-20T14:54:00","modified_gmt":"2024-11-20T13:54:00","slug":"biologia-wokol-nas-t-1","status":"publish","type":"product","link":"http:\/\/ksiegarnia-akademicka.pl\/index.php\/product\/biologia-wokol-nas-t-1\/","title":{"rendered":"Biologia wok\u00f3\u0142 nas Tom 1"},"content":{"rendered":"<p>Autor:<br \/>\nDavid M. Hillis<br \/>\nT\u0142umacze: Jedynak Pawe\u0142<br \/>\nWydawca: Wydawnictwo Naukowe PWN<br \/>\nOprawa: Mi\u0119kka<br \/>\nFormat: 21.0&#215;29.7cm<br \/>\nLiczba stron: 460<br \/>\nWydanie: 1<br \/>\nRok wydania: 2024<br \/>\nJ\u0119zyk wydania: polski<\/p>\n<p>Nareszcie biologia zrozumia\u0142a dla wszystkich! W trzech tomach Biologii wok\u00f3\u0142 nas przedstawiamy biologi\u0119 poczynaj\u0105c od nauki o \u017cyciu i jego chemicznych podstawach, poprzez kom\u00f3rki, geny, genomy i dziedziczenie, procesy i modele ewolucji, r\u00f3\u017cnorodno\u015b\u0107 \u017cycia, ro\u015bliny i zwierz\u0119ta, na ekologii ko\u0144cz\u0105c. Chcemy, \u017ceby nasi Czytelnicy zapoznali si\u0119 z ka\u017cdym przejawem \u017cycia opisanym w tej ksi\u0105\u017cce z poczuciem zachwytu i umiej\u0119tno\u015bci\u0105 zg\u0142\u0119biania zagadnie\u0144 biologicznych. Dlatego przedstawienie tre\u015bci jest zajmuj\u0105ce, przyk\u0142ady nowoczesne i ekscytuj\u0105ce. Ka\u017cdy rozdzia\u0142 jest skonstruowany tak, by nie tylko przekazywa\u0107 wiedz\u0119, ale te\u017c by inspirowa\u0142 do zadawania pyta\u0144 i sprawia\u0142, by\u015bcie chcieli dowiedzie\u0107 si\u0119 wi\u0119cej. R\u00f3\u017cne rodzaje \u0107wicze\u0144 ucz\u0105 rozwi\u0105zywania problem\u00f3w i podnoszenia umiej\u0119tno\u015bci. \u0106wiczenia r\u00f3\u017cni\u0105 si\u0119 poziomem trudno\u015bci, rodzajem i podej\u015bciem, a odpowiedzi znajduj\u0105 si\u0119 na ko\u0144cu ksi\u0105\u017cki. Ksi\u0105\u017cka szczeg\u00f3lnie godna polecania wszystkim Czytelnikom, kt\u00f3rym biologia wydaje si\u0119 trudna i nudna. Nieoceniona pomoc dla uczni\u00f3w, student\u00f3w i nauczycieli.<\/p>\n","protected":false},"excerpt":{"rendered":"<p>Autor: David M. Hillis T\u0142umacze: Jedynak Pawe\u0142 Wydawca: Wydawnictwo Naukowe [&hellip;]<\/p>\n","protected":false},"featured_media":18682,"template":"","meta":[],"product_brand":[],"product_cat":[8321,42],"product_tag":[4390,1323],"class_list":{"0":"post-18430","1":"product","2":"type-product","3":"status-publish","4":"has-post-thumbnail","6":"product_cat-biologia","7":"product_cat-chemia","8":"product_tag-biologia","9":"product_tag-chemia","11":"first","12":"instock","13":"sale","14":"shipping-taxable","15":"purchasable","16":"product-type-simple"},"_links":{"self":[{"href":"http:\/\/ksiegarnia-akademicka.pl\/index.php\/wp-json\/wp\/v2\/product\/18430","targetHints":{"allow":["GET"]}}],"collection":[{"href":"http:\/\/ksiegarnia-akademicka.pl\/index.php\/wp-json\/wp\/v2\/product"}],"about":[{"href":"http:\/\/ksiegarnia-akademicka.pl\/index.php\/wp-json\/wp\/v2\/types\/product"}],"wp:featuredmedia":[{"embeddable":true,"href":"http:\/\/ksiegarnia-akademicka.pl\/index.php\/wp-json\/wp\/v2\/media\/18682"}],"wp:attachment":[{"href":"http:\/\/ksiegarnia-akademicka.pl\/index.php\/wp-json\/wp\/v2\/media?parent=18430"}],"wp:term":[{"taxonomy":"product_brand","embeddable":true,"href":"http:\/\/ksiegarnia-akademicka.pl\/index.php\/wp-json\/wp\/v2\/product_brand?post=18430"},{"taxonomy":"product_cat","embeddable":true,"href":"http:\/\/ksiegarnia-akademicka.pl\/index.php\/wp-json\/wp\/v2\/product_cat?post=18430"},{"taxonomy":"product_tag","embeddable":true,"href":"http:\/\/ksiegarnia-akademicka.pl\/index.php\/wp-json\/wp\/v2\/product_tag?post=18430"}],"curies":[{"name":"wp","href":"https:\/\/api.w.org\/{rel}","templated":true}]}}