{"id":18422,"date":"2024-10-28T08:41:43","date_gmt":"2024-10-28T07:41:43","guid":{"rendered":"http:\/\/ksiegarnia-akademicka.pl\/?post_type=product&#038;p=18422"},"modified":"2024-11-20T14:56:50","modified_gmt":"2024-11-20T13:56:50","slug":"szacowanie-nieruchomosci-2","status":"publish","type":"product","link":"http:\/\/ksiegarnia-akademicka.pl\/index.php\/product\/szacowanie-nieruchomosci-2\/","title":{"rendered":"Szacowanie nieruchomo\u015bci"},"content":{"rendered":"<p>Redakcja: Dydenko Jerzy<br \/>\nWydawca: Wolters Kluwer<br \/>\nOprawa: Mi\u0119kka<br \/>\nLiczba stron: 844<br \/>\nWydanie: 5<br \/>\nRok wydania: 2024<br \/>\nJ\u0119zyk wydania: polski<\/p>\n<p>Publikacja przedstawia problematyk\u0119 gospodarki nieruchomo\u015bciami, w tym w szczeg\u00f3lno\u015bci wycen\u0119 nieruchomo\u015bci, obejmuj\u0105c\u0105 m.in.:<br \/>\n\u2022 ustalenie stanu prawnego i warto\u015bci nieruchomo\u015bci,<br \/>\n\u2022 spory dotycz\u0105ce praw do nieruchomo\u015bci,<br \/>\n\u2022 nabywanie nieruchomo\u015bci przez cudzoziemc\u00f3w,<br \/>\n\u2022 wyw\u0142aszczenie oraz zwrot wyw\u0142aszczonych nieruchomo\u015bci,<br \/>\n\u2022 nabycie i zbycie nieruchomo\u015bci publicznych,<br \/>\n\u2022 op\u0142aty za u\u017cytkowanie wieczyste nieruchomo\u015bci, trwa\u0142y zarz\u0105d nieruchomo\u015bci oraz zwi\u0105zane z planowaniem przestrzennym,<br \/>\n\u2022 podzia\u0142y nieruchomo\u015bci oraz ustanawianie odr\u0119bnej w\u0142asno\u015bci lokali,<br \/>\n\u2022 nak\u0142ady poniesione na nieruchomo\u015bci,<br \/>\n\u2022 zamian\u0119 nieruchomo\u015bci, ich ogl\u0119dziny,<br \/>\n\u2022 wsp\u00f3\u0142prac\u0119 z rzeczoznawc\u0105 maj\u0105tkowym,<br \/>\n\u2022 odpowiedzialno\u015b\u0107 cywiln\u0105 i karn\u0105 rzeczoznawcy maj\u0105tkowego.<\/p>\n<p>W obecnym wydaniu dodano zagadnienia odnosz\u0105ce si\u0119 do system\u00f3w geoinformacyjnych, optymalizacji koszt\u00f3w inwestycji budowlanych oraz charakterystyki energetycznej budynk\u00f3w.<\/p>\n<p>Autorami opracowania s\u0105 pracownicy naukowi wy\u017cszych uczelni (Uniwersytetu Jagiello\u0144skiego, Akademii G\u00f3rniczo-Hutniczej w Krakowie, Uniwersytetu Ekonomicznego w Krakowie, Uniwersytetu Rolniczego w Krakowie, Krakowskiej Akademii), rzeczoznawcy maj\u0105tkowi \u2013 wieloletni cz\u0142onkowie Pa\u0144stwowej Komisji Kwalifikacyjnej, s\u0119dziowie s\u0105d\u00f3w administracyjnych, pracownicy administracji publicznej prowadz\u0105cy wyk\u0142ady dla rzeczoznawc\u00f3w maj\u0105tkowych na studiach podyplomowych z zakresu gospodarki nieruchomo\u015bciami.<\/p>\n<p>Ksi\u0105\u017cka stanowi kompendium wiedzy potrzebnej wszystkim osobom, kt\u00f3re zawodowo zwi\u0105zane s\u0105 z nieruchomo\u015bciami i ich obs\u0142ug\u0105, a wi\u0119c: rzeczoznawcom maj\u0105tkowym oraz osobom, kt\u00f3re przygotowuj\u0105 si\u0119 do egzaminu pa\u0144stwowego otwieraj\u0105cego drog\u0119 do tego zawodu, a tak\u017ce: s\u0119dziom, radcom prawnym i adwokatom, pracownikom bank\u00f3w, administracji pa\u0144stwowej i samorz\u0105dowej. Publikacja zainteresuje te\u017c zarz\u0105dc\u00f3w nieruchomo\u015bci i po\u015brednik\u00f3w w obrocie nieruchomo\u015bciami.<\/p>\n","protected":false},"excerpt":{"rendered":"<p>Redakcja: Dydenko Jerzy Wydawca: Wolters Kluwer Oprawa: Mi\u0119kka Liczba stron: [&hellip;]<\/p>\n","protected":false},"featured_media":18685,"template":"","meta":[],"product_brand":[],"product_cat":[34],"product_tag":[705,7721],"class_list":{"0":"post-18422","1":"product","2":"type-product","3":"status-publish","4":"has-post-thumbnail","6":"product_cat-nieruchomosci","7":"product_tag-nieruchomosci","8":"product_tag-seria-zagadnienia-prawne","10":"first","11":"instock","12":"sale","13":"shipping-taxable","14":"purchasable","15":"product-type-simple"},"_links":{"self":[{"href":"http:\/\/ksiegarnia-akademicka.pl\/index.php\/wp-json\/wp\/v2\/product\/18422","targetHints":{"allow":["GET"]}}],"collection":[{"href":"http:\/\/ksiegarnia-akademicka.pl\/index.php\/wp-json\/wp\/v2\/product"}],"about":[{"href":"http:\/\/ksiegarnia-akademicka.pl\/index.php\/wp-json\/wp\/v2\/types\/product"}],"wp:featuredmedia":[{"embeddable":true,"href":"http:\/\/ksiegarnia-akademicka.pl\/index.php\/wp-json\/wp\/v2\/media\/18685"}],"wp:attachment":[{"href":"http:\/\/ksiegarnia-akademicka.pl\/index.php\/wp-json\/wp\/v2\/media?parent=18422"}],"wp:term":[{"taxonomy":"product_brand","embeddable":true,"href":"http:\/\/ksiegarnia-akademicka.pl\/index.php\/wp-json\/wp\/v2\/product_brand?post=18422"},{"taxonomy":"product_cat","embeddable":true,"href":"http:\/\/ksiegarnia-akademicka.pl\/index.php\/wp-json\/wp\/v2\/product_cat?post=18422"},{"taxonomy":"product_tag","embeddable":true,"href":"http:\/\/ksiegarnia-akademicka.pl\/index.php\/wp-json\/wp\/v2\/product_tag?post=18422"}],"curies":[{"name":"wp","href":"https:\/\/api.w.org\/{rel}","templated":true}]}}