{"id":18354,"date":"2024-10-15T08:48:37","date_gmt":"2024-10-15T06:48:37","guid":{"rendered":"http:\/\/ksiegarnia-akademicka.pl\/?post_type=product&#038;p=18354"},"modified":"2024-10-15T08:48:37","modified_gmt":"2024-10-15T06:48:37","slug":"urbanistyka-xxi-wieku","status":"publish","type":"product","link":"http:\/\/ksiegarnia-akademicka.pl\/index.php\/product\/urbanistyka-xxi-wieku\/","title":{"rendered":"Urbanistyka XXI wieku"},"content":{"rendered":"<p>Autor:<br \/>\nS\u0142awomir Gzell<br \/>\nWydawca: Wydawnictwo Naukowe PWN<br \/>\nOprawa: Mi\u0119kka<br \/>\nFormat: 16.5&#215;23.5cm<br \/>\nLiczba stron: 252<br \/>\nWydanie: 2<br \/>\nRok wydania: 2024<br \/>\nJ\u0119zyk wydania: polski<\/p>\n<p>Niniejsza publikacja to wielow\u0105tkowe rozwa\u017cania na temat planowania i projektowania urbanistycznego \u2013 dziedzin maj\u0105cych ogromny wp\u0142yw na kreowanie przemian przestrzennych miasta. Z jednej strony to klasyczny podr\u0119cznik dla os\u00f3b studiuj\u0105cych architektur\u0119 i urbanistyk\u0119, a z drugiej \u2013 doskona\u0142e \u017ar\u00f3d\u0142o praktycznej wiedzy dla urbanist\u00f3w oraz przedstawicieli w\u0142adz samorz\u0105dowych odpowiedzialnych za proces rozwoju miast. Obecne wydanie jest rozszerzon\u0105 wersj\u0105 ksi\u0105\u017cki nagrodzonej przez Ministra Rozwoju i Technologii w 2021 roku w konkursie na najlepsz\u0105 publikacj\u0119 z dziedziny urbanistyki i planowania przestrzennego. Uwzgl\u0119dniono w niej aktualny stan zwi\u0105zany ze zmianami wynikaj\u0105cymi z takich czynnik\u00f3w jak: nowe technologie, konflikty zbrojne, zmiany klimatu, masowe migracje, problemy z wy\u017cywieniem i inne. Ksi\u0105\u017cka stanowi punkt wyj\u015bcia do dyskusji o urbanistyce jutra.<\/p>\n","protected":false},"excerpt":{"rendered":"<p>Autor: S\u0142awomir Gzell Wydawca: Wydawnictwo Naukowe PWN Oprawa: Mi\u0119kka Format: [&hellip;]<\/p>\n","protected":false},"featured_media":18355,"template":"","meta":[],"product_brand":[],"product_cat":[7812],"product_tag":[193,3856],"class_list":{"0":"post-18354","1":"product","2":"type-product","3":"status-publish","4":"has-post-thumbnail","6":"product_cat-architektura-i-budownictwo","7":"product_tag-architektura","8":"product_tag-urbanistyka","10":"first","11":"instock","12":"sale","13":"shipping-taxable","14":"purchasable","15":"product-type-simple"},"_links":{"self":[{"href":"http:\/\/ksiegarnia-akademicka.pl\/index.php\/wp-json\/wp\/v2\/product\/18354","targetHints":{"allow":["GET"]}}],"collection":[{"href":"http:\/\/ksiegarnia-akademicka.pl\/index.php\/wp-json\/wp\/v2\/product"}],"about":[{"href":"http:\/\/ksiegarnia-akademicka.pl\/index.php\/wp-json\/wp\/v2\/types\/product"}],"wp:featuredmedia":[{"embeddable":true,"href":"http:\/\/ksiegarnia-akademicka.pl\/index.php\/wp-json\/wp\/v2\/media\/18355"}],"wp:attachment":[{"href":"http:\/\/ksiegarnia-akademicka.pl\/index.php\/wp-json\/wp\/v2\/media?parent=18354"}],"wp:term":[{"taxonomy":"product_brand","embeddable":true,"href":"http:\/\/ksiegarnia-akademicka.pl\/index.php\/wp-json\/wp\/v2\/product_brand?post=18354"},{"taxonomy":"product_cat","embeddable":true,"href":"http:\/\/ksiegarnia-akademicka.pl\/index.php\/wp-json\/wp\/v2\/product_cat?post=18354"},{"taxonomy":"product_tag","embeddable":true,"href":"http:\/\/ksiegarnia-akademicka.pl\/index.php\/wp-json\/wp\/v2\/product_tag?post=18354"}],"curies":[{"name":"wp","href":"https:\/\/api.w.org\/{rel}","templated":true}]}}