{"id":18323,"date":"2024-10-08T08:51:42","date_gmt":"2024-10-08T06:51:42","guid":{"rendered":"http:\/\/ksiegarnia-akademicka.pl\/?post_type=product&#038;p=18323"},"modified":"2026-02-25T10:52:24","modified_gmt":"2026-02-25T09:52:24","slug":"kodeks-spolek-handlowych-twoje-prawo","status":"publish","type":"product","link":"http:\/\/ksiegarnia-akademicka.pl\/index.php\/product\/kodeks-spolek-handlowych-twoje-prawo\/","title":{"rendered":"Kodeks sp\u00f3\u0142ek handlowych Twoje prawo"},"content":{"rendered":"<p>Redakcja: Flisek Aneta<br \/>\nWydawca: C.H. Beck<br \/>\nOprawa: Mi\u0119kka<br \/>\nFormat: 12.2&#215;17.5cm<br \/>\nLiczba stron: 336<br \/>\nWydanie: 41<br \/>\nRok wydania: 2026<br \/>\nJ\u0119zyk wydania: polski<\/p>\n<p><strong>Stan prawny: 1 stycznia 2026 r.<\/strong><\/p>\n<p>Zbi\u00f3r uwzgl\u0119dnia zmiany wchodz\u0105ce w \u017cycie:<\/p>\n<p><strong>Kodeks cywilny:<\/strong><\/p>\n<ul>\n<li><strong>Nowy tekst jednolity z dnia 25 lipca 2025 r.<\/strong>\u00a0(Dz.U. z 2025 r. poz. 1071).<\/li>\n<\/ul>\n<p>Ksi\u0105\u017cka zawiera:<\/p>\n<ul>\n<li>Tekst ustawy Kodeks sp\u00f3\u0142ek handlowych,<\/li>\n<li>Indeks rzeczowy.<\/li>\n<\/ul>\n","protected":false},"excerpt":{"rendered":"<p>Redakcja: Flisek Aneta Wydawca: C.H. Beck Oprawa: Mi\u0119kka Format: 12.2&#215;17.5cm [&hellip;]<\/p>\n","protected":false},"featured_media":18324,"template":"","meta":[],"product_brand":[],"product_cat":[7495,18],"product_tag":[746,428,429,2240],"class_list":{"0":"post-18323","1":"product","2":"type-product","3":"status-publish","4":"has-post-thumbnail","6":"product_cat-gospodarcze-i-handlowe","7":"product_cat-prawo","8":"product_tag-kodeks-spolek-handlowych","9":"product_tag-prawo-gospodarcze","10":"product_tag-prawo-handlowe","11":"product_tag-seria-twoje-prawo","13":"first","14":"instock","15":"sale","16":"shipping-taxable","17":"purchasable","18":"product-type-simple"},"_links":{"self":[{"href":"http:\/\/ksiegarnia-akademicka.pl\/index.php\/wp-json\/wp\/v2\/product\/18323","targetHints":{"allow":["GET"]}}],"collection":[{"href":"http:\/\/ksiegarnia-akademicka.pl\/index.php\/wp-json\/wp\/v2\/product"}],"about":[{"href":"http:\/\/ksiegarnia-akademicka.pl\/index.php\/wp-json\/wp\/v2\/types\/product"}],"wp:featuredmedia":[{"embeddable":true,"href":"http:\/\/ksiegarnia-akademicka.pl\/index.php\/wp-json\/wp\/v2\/media\/18324"}],"wp:attachment":[{"href":"http:\/\/ksiegarnia-akademicka.pl\/index.php\/wp-json\/wp\/v2\/media?parent=18323"}],"wp:term":[{"taxonomy":"product_brand","embeddable":true,"href":"http:\/\/ksiegarnia-akademicka.pl\/index.php\/wp-json\/wp\/v2\/product_brand?post=18323"},{"taxonomy":"product_cat","embeddable":true,"href":"http:\/\/ksiegarnia-akademicka.pl\/index.php\/wp-json\/wp\/v2\/product_cat?post=18323"},{"taxonomy":"product_tag","embeddable":true,"href":"http:\/\/ksiegarnia-akademicka.pl\/index.php\/wp-json\/wp\/v2\/product_tag?post=18323"}],"curies":[{"name":"wp","href":"https:\/\/api.w.org\/{rel}","templated":true}]}}