{"id":18304,"date":"2024-10-07T11:26:08","date_gmt":"2024-10-07T09:26:08","guid":{"rendered":"http:\/\/ksiegarnia-akademicka.pl\/?post_type=product&#038;p=18304"},"modified":"2024-12-05T09:49:19","modified_gmt":"2024-12-05T08:49:19","slug":"model-biznesowy-ty","status":"publish","type":"product","link":"http:\/\/ksiegarnia-akademicka.pl\/index.php\/product\/model-biznesowy-ty\/","title":{"rendered":"Model Biznesowy Ty."},"content":{"rendered":"<p>Autor:<br \/>\nClark Timothy, Osterwalder Alexander, Pigneur Yves, Hazen Bruce, Smith Alan<br \/>\nT\u0142umacze: Sielicki Leszek, Sa\u0142but Bartosz<br \/>\nWydawca: onepress<br \/>\nOprawa: Mi\u0119kka<br \/>\nFormat: 24.0&#215;19.0cm<br \/>\nLiczba stron: 248<br \/>\nWydanie: 2<br \/>\nRok wydania: 2024<br \/>\nJ\u0119zyk wydania: polski<\/p>\n<p>Globalny bestseller w zupe\u0142nie nowym wydaniu<br \/>\nOstatnie kilka lat by\u0142o dla naszej cywilizacji bardzo trudne. Co wi\u0119cej, problemy bezustannie si\u0119 pog\u0142\u0119biaj\u0105, przez co ro\u015bnie niepewno\u015b\u0107. Wci\u0105\u017c jednak pojawiaj\u0105 si\u0119 kolejne, nieznane wcze\u015bniej mo\u017cliwo\u015bci. W naszej nowej, szalonej rzeczywisto\u015bci klarowno\u015b\u0107 i poczucie bezpiecze\u0144stwa w sferze \u017cycia zawodowego staj\u0105 si\u0119 marzeniem niemal ka\u017cdej osoby, na ka\u017cdym etapie rozwoju kariery.<br \/>\nPoznaj jednostronicow\u0105, czteroetapow\u0105 metod\u0119 modelowania, kt\u00f3ra pomog\u0142a ju\u017c setkom tysi\u0119cy profesjonalist\u00f3w ze wszystkich stron \u015bwiata!<br \/>\nSzablon modelu pracy jest nieustann\u0105 inspiracj\u0105 dla os\u00f3b w wieku 50+, kt\u00f3re poszukuj\u0105 nowych mo\u017cliwo\u015bci w zupe\u0142nie nieprawdopodobnych sferach!<br \/>\nTim Lybarger, Encore NEO<br \/>\nSzablon modelu pracy? To prze\u0142omowe rozwi\u0105zanie dla os\u00f3b rozpoczynaj\u0105cych karier\u0119 zawodow\u0105!<br \/>\nRandi Millard, Learner2Earner<br \/>\nTa niezwykle skuteczna i uniwersalna metoda prowadzenia kariery powsta\u0142a 15 lat temu na podstawie prze\u0142omowego szablonu modelu biznesowego (ang. Business Model Canvas). Metoda dzia\u0142a poprzez po\u0142\u0105czenie zasad my\u015blenia projektowego w kontek\u015bcie rozwoju kariery. Przy tworzeniu techniki skorzystano z do\u015bwiadczenia setek doradc\u00f3w zawodowych z kilkudziesi\u0119ciu pa\u0144stw. Metodologia ta, w efekcie konsekwentnego rozwijania, wyewoluowa\u0142a w doskona\u0142y i niezwykle skuteczny produkt. Dodatkowo w tym wydaniu ksi\u0105\u017cki znalaz\u0142y si\u0119 niezawodne wskaz\u00f3wki dotycz\u0105ce budowy silnej marki osobistej!<br \/>\nOto dok\u0142adnie to, czego potrzebuje ka\u017cdy profesjonalista klarownie planuj\u0105cy w\u0142asn\u0105 karier\u0119!<br \/>\nJulia Samman, trenerka biznesu<br \/>\nDobrze zrozumia\u0142em swoj\u0105 rol\u0119 w organizacji, a tak\u017ce zacz\u0105\u0142em skutecznie zarz\u0105dza\u0107 w\u0142asn\u0105 karier\u0105!<br \/>\nDr James Heilman, lekarz i profesjonalny mened\u017cer<\/p>\n","protected":false},"excerpt":{"rendered":"<p>Autor: Clark Timothy, Osterwalder Alexander, Pigneur Yves, Hazen Bruce, Smith [&hellip;]<\/p>\n","protected":false},"featured_media":18305,"template":"","meta":[],"product_brand":[],"product_cat":[32],"product_tag":[1802,1660],"class_list":{"0":"post-18304","1":"product","2":"type-product","3":"status-publish","4":"has-post-thumbnail","6":"product_cat-biznes","7":"product_tag-biznes","8":"product_tag-samorealizacja","10":"first","11":"instock","12":"sale","13":"shipping-taxable","14":"purchasable","15":"product-type-simple"},"_links":{"self":[{"href":"http:\/\/ksiegarnia-akademicka.pl\/index.php\/wp-json\/wp\/v2\/product\/18304","targetHints":{"allow":["GET"]}}],"collection":[{"href":"http:\/\/ksiegarnia-akademicka.pl\/index.php\/wp-json\/wp\/v2\/product"}],"about":[{"href":"http:\/\/ksiegarnia-akademicka.pl\/index.php\/wp-json\/wp\/v2\/types\/product"}],"wp:featuredmedia":[{"embeddable":true,"href":"http:\/\/ksiegarnia-akademicka.pl\/index.php\/wp-json\/wp\/v2\/media\/18305"}],"wp:attachment":[{"href":"http:\/\/ksiegarnia-akademicka.pl\/index.php\/wp-json\/wp\/v2\/media?parent=18304"}],"wp:term":[{"taxonomy":"product_brand","embeddable":true,"href":"http:\/\/ksiegarnia-akademicka.pl\/index.php\/wp-json\/wp\/v2\/product_brand?post=18304"},{"taxonomy":"product_cat","embeddable":true,"href":"http:\/\/ksiegarnia-akademicka.pl\/index.php\/wp-json\/wp\/v2\/product_cat?post=18304"},{"taxonomy":"product_tag","embeddable":true,"href":"http:\/\/ksiegarnia-akademicka.pl\/index.php\/wp-json\/wp\/v2\/product_tag?post=18304"}],"curies":[{"name":"wp","href":"https:\/\/api.w.org\/{rel}","templated":true}]}}