{"id":18239,"date":"2024-09-05T13:46:26","date_gmt":"2024-09-05T11:46:26","guid":{"rendered":"http:\/\/ksiegarnia-akademicka.pl\/?post_type=product&#038;p=18239"},"modified":"2024-12-05T09:47:43","modified_gmt":"2024-12-05T08:47:43","slug":"krol-darknetu-polowanie-na-genialnego-cyberprzestepce","status":"publish","type":"product","link":"http:\/\/ksiegarnia-akademicka.pl\/index.php\/product\/krol-darknetu-polowanie-na-genialnego-cyberprzestepce\/","title":{"rendered":"Kr\u00f3l darknetu Polowanie na genialnego cyberprzest\u0119pc\u0119"},"content":{"rendered":"<p>Autor:<br \/>\nNick Bilton<br \/>\nT\u0142umacze: Lisowski Rafa\u0142<br \/>\nWydawca: Czarne<br \/>\nOprawa: Twarda<br \/>\nFormat: 13.3&#215;21.5cm<br \/>\nLiczba stron: 376<br \/>\nWydanie: 3<br \/>\nRok wydania: 2024<br \/>\nJ\u0119zyk wydania: polski<\/p>\n<p>Bestseller \u201eNew York Timesa\u201d! \u015awiat wirtualny, w kt\u00f3rym toczy si\u0119 codzienne cyber\u017cycie, ma te\u017c swoj\u0105 ciemn\u0105 ods\u0142on\u0119. Darknet. To w\u0142a\u015bnie tam, po drugiej stronie internetowego lustra, Ross Ulbricht postanowi\u0142 zrealizowa\u0107 sw\u00f3j zuchwa\u0142y plan, kt\u00f3ry mia\u0142 doprowadzi\u0107 do narkotykowej rewolucji. Ulbricht by\u0142 typowym dwudziestokilkulatkiem \u2013 studiowa\u0142 fizyk\u0119, gra\u0142 na b\u0119bnach, chodzi\u0142 na randki. R\u00f3wnolegle pracowa\u0142 nad swoim \u017cyciowym dzie\u0142em, kt\u00f3re mia\u0142o mu przynie\u015b\u0107 s\u0142aw\u0119 i cyfrow\u0105 nie\u015bmiertelno\u015b\u0107. W 2011 roku za\u0142o\u017cy\u0142 platform\u0119 Silk Road \u2013 sklep internetowy oferuj\u0105cy \u0142atwy zakup wszystkiego, co nielegalne. Bez wzgl\u0119du na to, czy zam\u00f3wienie dotyczy\u0142o heroiny, cyjanku, czy nerki, wystarczy\u0142o jedno klikni\u0119cie, zaszyfrowana p\u0142atno\u015b\u0107 bitcoinami i towar l\u0105dowa\u0142 pod drzwiami klienta. Jednak jak zawsze w przypadku czarnego rynku, tak\u017ce Silk Road szybko uton\u0105\u0142 w przemocy, staj\u0105c si\u0119 wirtualnym kartelem, gdzie morderstwa, wymuszenia i ataki s\u0105 codzienno\u015bci\u0105. Alter ego Rossa \u2013 Straszny Pirat Roberts \u2013 stan\u0105\u0142 na jego czele. \u201eKr\u00f3l darknetu\u201d to trzymaj\u0105ce w napi\u0119ciu studium ob\u0142\u0119du nap\u0119dzanego poczuciem w\u0142adzy i wnikliwa kronika jednego z najwa\u017cniejszych \u015bledztw we wsp\u00f3\u0142czesnej historii Stan\u00f3w Zjednoczonych. To tak\u017ce historia o tym, \u017ce nie ma zbrodni doskona\u0142ej. Wystarczy jeden ma\u0142y b\u0142\u0105d, by wygodny fotel bossa nielegalnego imperium zamieni\u0107 na tward\u0105 prycz\u0119 w wi\u0119ziennej celi. \u201eOpowie\u015b\u0107 o kr\u00f3lu darknetu pokazuje w krzywym zwierciadle histori\u0119 start-upowych geniuszy, kt\u00f3rych biznesy zmieni\u0142y \u015bwiat i internet. Wierzyli, \u017ce realizuj\u0105 wielk\u0105 misj\u0119 naprawiania \u015bwiata. Straszny Pirat Roberts, tw\u00f3rca Silk Road \u2013 bitcoinowego targowiska, na kt\u00f3rym handlowano narkotykami, broni\u0105, a nawet organami \u2013 wierzy\u0142 w libertaria\u0144skie idee pirat\u00f3w sprzeciwiaj\u0105cych si\u0119 opresji rz\u0105du. Uwa\u017ca\u0142, \u017ce ludzie s\u0105 wolni i sami powinni decydowa\u0107, co napisz\u0105 na portalu spo\u0142eczno\u015bciowym i czym chc\u0105 handlowa\u0107 w sieci. Geniusze z Doliny Krzemowej zostali okrzykni\u0119ci wizjonerami, Pirat Roberts wrogiem publicznym numer jeden. Ale czy oni a\u017c tak si\u0119 od siebie r\u00f3\u017cni\u0105?\u201d Micha\u0142 Szu\u0142drzy\u0144ski \u201ePortret genialnego i bezczelnego Rossa Ulbrichta odmalowany przez Biltona na d\u0142ugo zostaje w pami\u0119ci. Zw\u0142aszcza gdy po\u015bwi\u0119casz sen, przewracaj\u0105c kolejne strony, by sprawdzi\u0107, jak sprawiedliwo\u015bci sta\u0142o si\u0119 zado\u015b\u0107.\u201d Brad Stone \u201e\u015aledztwo Biltona na temat Silk Road jest tak pe\u0142ne zwrot\u00f3w akcji, \u017ce zawstydzi twoje ulubione krymina\u0142y.\u201d Steven Pressfield \u201eCzytelniku, nie czytaj tej ksi\u0105\u017cki na raz! Mistrzowsko udokumentowany i doskonale napisany reporta\u017c Biltona rzuca ci\u0119 w sam \u015brodek najs\u0142ynniejszej zbrodni internetowej. To przyjemno\u015b\u0107, kt\u00f3ra trzeba sobie dawkowa\u0107.\u201d Joshua Cooper Ramo \u201eNick Bilton [\u2026] maluje jaskrawy obraz tego, co si\u0119 dzieje, gdy geniusz i ambicja po\u0142\u0105cz\u0105 si\u0119 z deprawacj\u0105.\u201d Ashlee Vance \u201eWci\u0105gaj\u0105ca, uzale\u017cniaj\u0105ca, trzymaj\u0105ca w napi\u0119ciu, fascynuj\u0105ca\u2014 nie mog\u0142em jej od\u0142o\u017cy\u0107 ju\u017c po pierwszej stronie. \u201eKr\u00f3l darknetu\u201d to najlepsze, co czyta\u0142em od lat.\u201d Dan Lyons \u201eTylko Nick Bilton m\u00f3g\u0142 tak opowiedzie\u0107 t\u0119 trzymaj\u0105c\u0105 w napi\u0119ciu histori\u0119. \u201eKr\u00f3l darknetu\u201d wci\u0105ga i trzyma w napi\u0119ciu a\u017c po zako\u0144czenie, od kt\u00f3rego skacze t\u0119tno.\u201d Adam Lashinsky<\/p>\n","protected":false},"excerpt":{"rendered":"<p>Autor: Nick Bilton T\u0142umacze: Lisowski Rafa\u0142 Wydawca: Czarne Oprawa: Twarda [&hellip;]<\/p>\n","protected":false},"featured_media":18240,"template":"","meta":[],"product_brand":[],"product_cat":[7707],"product_tag":[8311,1405,4548],"class_list":{"0":"post-18239","1":"product","2":"type-product","3":"status-publish","4":"has-post-thumbnail","6":"product_cat-literatura","7":"product_tag-darknet","8":"product_tag-internet","9":"product_tag-reportaz","11":"first","12":"instock","13":"sale","14":"shipping-taxable","15":"purchasable","16":"product-type-simple"},"_links":{"self":[{"href":"http:\/\/ksiegarnia-akademicka.pl\/index.php\/wp-json\/wp\/v2\/product\/18239","targetHints":{"allow":["GET"]}}],"collection":[{"href":"http:\/\/ksiegarnia-akademicka.pl\/index.php\/wp-json\/wp\/v2\/product"}],"about":[{"href":"http:\/\/ksiegarnia-akademicka.pl\/index.php\/wp-json\/wp\/v2\/types\/product"}],"wp:featuredmedia":[{"embeddable":true,"href":"http:\/\/ksiegarnia-akademicka.pl\/index.php\/wp-json\/wp\/v2\/media\/18240"}],"wp:attachment":[{"href":"http:\/\/ksiegarnia-akademicka.pl\/index.php\/wp-json\/wp\/v2\/media?parent=18239"}],"wp:term":[{"taxonomy":"product_brand","embeddable":true,"href":"http:\/\/ksiegarnia-akademicka.pl\/index.php\/wp-json\/wp\/v2\/product_brand?post=18239"},{"taxonomy":"product_cat","embeddable":true,"href":"http:\/\/ksiegarnia-akademicka.pl\/index.php\/wp-json\/wp\/v2\/product_cat?post=18239"},{"taxonomy":"product_tag","embeddable":true,"href":"http:\/\/ksiegarnia-akademicka.pl\/index.php\/wp-json\/wp\/v2\/product_tag?post=18239"}],"curies":[{"name":"wp","href":"https:\/\/api.w.org\/{rel}","templated":true}]}}