{"id":18194,"date":"2024-09-03T12:06:38","date_gmt":"2024-09-03T10:06:38","guid":{"rendered":"http:\/\/ksiegarnia-akademicka.pl\/?post_type=product&#038;p=18194"},"modified":"2024-12-05T09:47:05","modified_gmt":"2024-12-05T08:47:05","slug":"kardiomiopatie","status":"publish","type":"product","link":"http:\/\/ksiegarnia-akademicka.pl\/index.php\/product\/kardiomiopatie\/","title":{"rendered":"Kardiomiopatie"},"content":{"rendered":"<p>Autor:<br \/>\nKatarzyna Mizia-Stec<br \/>\nEl\u017cbieta Katarzyna Biernacka<br \/>\nWydawca: PZWL<br \/>\nOprawa: Mi\u0119kka<br \/>\nFormat: 16.5&#215;23.5cm<br \/>\nLiczba stron: 560<br \/>\nWydanie: 1<br \/>\nRok wydania: 2024<br \/>\nJ\u0119zyk wydania: polski<\/p>\n<p>Ksi\u0105\u017cka \u201eKardiomiopatie\u201d jest pierwsz\u0105 od wielu lat monografi\u0105 po\u015bwi\u0119con\u0105 pierwotnym chorobom mi\u0119\u015bnia sercowego. Zosta\u0142a wydana po ukazaniu si\u0119 najnowszych wytycznych Europejskiego Towarzystwa Kardiologicznego, dotycz\u0105cych tej grupy chor\u00f3b, dzi\u0119ki czemu uwzgl\u0119dnia najnowsze zalecenia dotycz\u0105ce klasyfikacji, diagnostyki, stratyfikacji ryzyka i leczenia kardiomiopatii. Ksi\u0105\u017cka jest adresowana przede wszystkim do kardiolog\u00f3w, ale tak\u017ce do lekarzy innych specjalno\u015bci i student\u00f3w medycyny. Redaktorkom zale\u017ca\u0142o na przedstawieniu jak najszerszego spektrum zagadnie\u0144 zwi\u0105zanych z kardiomiopatiami. Jednocze\u015bnie pragn\u0119\u0142y\u015bmy, aby ka\u017cde zagadnienie by\u0142o poruszone szczeg\u00f3\u0142owo i z uwzgl\u0119dnieniem najnowszych osi\u0105gni\u0119\u0107 nauki, w\u0142\u0105cznie ze spojrzeniem w przysz\u0142o\u015b\u0107. W pierwszej cz\u0119\u015bci, poza najnowsz\u0105 klasyfikacj\u0105 kardiomiopatii, przedstawione zosta\u0142y nowoczesne metody diagnostyczne, w kt\u00f3rych w ostatnim czasie nast\u0105pi\u0142 ogromny post\u0119p. Druga cz\u0119\u015b\u0107 omawia szczeg\u00f3\u0142owo poszczeg\u00f3lne rodzaje kardiomiopatii, uwzgl\u0119dniaj\u0105c najnowsze spojrzenie na ich etiologi\u0119, diagnostyk\u0119 i leczenie. W trzeciej cz\u0119\u015bci znajduj\u0105 si\u0119 szczeg\u00f3lne sytuacje kliniczne, w kt\u00f3rych dochodzi do wyst\u0105pienia kardiomiopatii.Specjalny rozdzia\u0142 zosta\u0142 po\u015bwi\u0119cony stratyfikacji ryzyka w poszczeg\u00f3lnych rodzajach kardiomiopatii, gdy\u017c wydaje si\u0119, \u017ce to zagadnienie stanowi wyj\u0105tkowo wa\u017cny aspekt w post\u0119powaniu z pacjentami. Ksi\u0105\u017cka jest bogato ilustrowana, zawiera schematy i ilustracje, kt\u00f3re pomog\u0105 zrozumie\u0107 i zapami\u0119ta\u0107 najwa\u017cniejsze informacje. Zach\u0119camy do lektury i mamy nadziej\u0119, \u017ce ksi\u0105\u017cka spotka si\u0119 z Pa\u0144stwa dobrym odbiorem.<\/p>\n","protected":false},"excerpt":{"rendered":"<p>Autor: Katarzyna Mizia-Stec El\u017cbieta Katarzyna Biernacka Wydawca: PZWL Oprawa: Mi\u0119kka [&hellip;]<\/p>\n","protected":false},"featured_media":18195,"template":"","meta":[],"product_brand":[],"product_cat":[7991,7493],"product_tag":[7057],"class_list":{"0":"post-18194","1":"product","2":"type-product","3":"status-publish","4":"has-post-thumbnail","6":"product_cat-kardiologia","7":"product_cat-medycyna","8":"product_tag-kardiologia","10":"first","11":"instock","12":"sale","13":"shipping-taxable","14":"purchasable","15":"product-type-simple"},"_links":{"self":[{"href":"http:\/\/ksiegarnia-akademicka.pl\/index.php\/wp-json\/wp\/v2\/product\/18194","targetHints":{"allow":["GET"]}}],"collection":[{"href":"http:\/\/ksiegarnia-akademicka.pl\/index.php\/wp-json\/wp\/v2\/product"}],"about":[{"href":"http:\/\/ksiegarnia-akademicka.pl\/index.php\/wp-json\/wp\/v2\/types\/product"}],"wp:featuredmedia":[{"embeddable":true,"href":"http:\/\/ksiegarnia-akademicka.pl\/index.php\/wp-json\/wp\/v2\/media\/18195"}],"wp:attachment":[{"href":"http:\/\/ksiegarnia-akademicka.pl\/index.php\/wp-json\/wp\/v2\/media?parent=18194"}],"wp:term":[{"taxonomy":"product_brand","embeddable":true,"href":"http:\/\/ksiegarnia-akademicka.pl\/index.php\/wp-json\/wp\/v2\/product_brand?post=18194"},{"taxonomy":"product_cat","embeddable":true,"href":"http:\/\/ksiegarnia-akademicka.pl\/index.php\/wp-json\/wp\/v2\/product_cat?post=18194"},{"taxonomy":"product_tag","embeddable":true,"href":"http:\/\/ksiegarnia-akademicka.pl\/index.php\/wp-json\/wp\/v2\/product_tag?post=18194"}],"curies":[{"name":"wp","href":"https:\/\/api.w.org\/{rel}","templated":true}]}}