{"id":18190,"date":"2024-09-03T12:00:36","date_gmt":"2024-09-03T10:00:36","guid":{"rendered":"http:\/\/ksiegarnia-akademicka.pl\/?post_type=product&#038;p=18190"},"modified":"2024-12-05T09:46:38","modified_gmt":"2024-12-05T08:46:38","slug":"slownik-onkologiczny-mianownictwo-stosowane-w-dyscyplinach-onkologicznych-z-objasnieniami","status":"publish","type":"product","link":"http:\/\/ksiegarnia-akademicka.pl\/index.php\/product\/slownik-onkologiczny-mianownictwo-stosowane-w-dyscyplinach-onkologicznych-z-objasnieniami\/","title":{"rendered":"S\u0142ownik onkologiczny Mianownictwo stosowane w dyscyplinach onkologicznych z obja\u015bnieniami"},"content":{"rendered":"<p>Autor:<br \/>\nAndrzej Wiktor Szaw\u0142owski<br \/>\nWydawca: PZWL<br \/>\nOprawa: Twarda<br \/>\nFormat: 20.5&#215;24.5cm<br \/>\nLiczba stron: 930<br \/>\nWydanie: 1<br \/>\nRok wydania: 2024<br \/>\nJ\u0119zyk wydania: polski<\/p>\n<p>S\u0142ownik onkologiczny to pierwsza na polskim rynku publikacja tego typu. Jest to interdyscyplinarne i ponadczasowe kompendium wiedzy, kt\u00f3re gromadzi, ujednolica, opisuje i porz\u0105dkuje poj\u0119cia zwi\u0105zane z onkologi\u0105 w formie zwi\u0119z\u0142ych definicji termin\u00f3w medycznych. Publikacja przeznaczona jest dla lekarzy wielu specjalno\u015bci, student\u00f3w medycyny, lekarzy specjalizuj\u0105cych si\u0119 w poszczeg\u00f3lnych dziedzinach medycyny, ale tak\u017ce dla os\u00f3b zatrudnionych w instytucjach zajmuj\u0105cych si\u0119 kszta\u0142towaniem polityki zdrowotnej. Mamy nadziej\u0119, \u017ce to kompleksowe opracowanie, kt\u00f3re zosta\u0142o przygotowane przez zesp\u00f3\u0142 znakomitych Autor\u00f3w, przyczyni si\u0119 do wypracowania wsp\u00f3lnego j\u0119zyka dla ca\u0142ego \u015brodowiska medycznego.<\/p>\n","protected":false},"excerpt":{"rendered":"<p>Autor: Andrzej Wiktor Szaw\u0142owski Wydawca: PZWL Oprawa: Twarda Format: 20.5&#215;24.5cm [&hellip;]<\/p>\n","protected":false},"featured_media":18191,"template":"","meta":[],"product_brand":[],"product_cat":[7493,8305],"product_tag":[6403,6913],"class_list":{"0":"post-18190","1":"product","2":"type-product","3":"status-publish","4":"has-post-thumbnail","6":"product_cat-medycyna","7":"product_cat-onkologia","8":"product_tag-encyklopedia","9":"product_tag-onkologia","11":"first","12":"instock","13":"sale","14":"shipping-taxable","15":"purchasable","16":"product-type-simple"},"_links":{"self":[{"href":"http:\/\/ksiegarnia-akademicka.pl\/index.php\/wp-json\/wp\/v2\/product\/18190","targetHints":{"allow":["GET"]}}],"collection":[{"href":"http:\/\/ksiegarnia-akademicka.pl\/index.php\/wp-json\/wp\/v2\/product"}],"about":[{"href":"http:\/\/ksiegarnia-akademicka.pl\/index.php\/wp-json\/wp\/v2\/types\/product"}],"wp:featuredmedia":[{"embeddable":true,"href":"http:\/\/ksiegarnia-akademicka.pl\/index.php\/wp-json\/wp\/v2\/media\/18191"}],"wp:attachment":[{"href":"http:\/\/ksiegarnia-akademicka.pl\/index.php\/wp-json\/wp\/v2\/media?parent=18190"}],"wp:term":[{"taxonomy":"product_brand","embeddable":true,"href":"http:\/\/ksiegarnia-akademicka.pl\/index.php\/wp-json\/wp\/v2\/product_brand?post=18190"},{"taxonomy":"product_cat","embeddable":true,"href":"http:\/\/ksiegarnia-akademicka.pl\/index.php\/wp-json\/wp\/v2\/product_cat?post=18190"},{"taxonomy":"product_tag","embeddable":true,"href":"http:\/\/ksiegarnia-akademicka.pl\/index.php\/wp-json\/wp\/v2\/product_tag?post=18190"}],"curies":[{"name":"wp","href":"https:\/\/api.w.org\/{rel}","templated":true}]}}