{"id":1816,"date":"2018-05-22T12:44:29","date_gmt":"2018-05-22T10:44:29","guid":{"rendered":"http:\/\/ksiegarnia-akademicka.pl\/index.php\/product\/jak-pisac-prace-dyplomowa-poradnik-dla-studiujacych-kierunki-humanistyczne-na-wydziale-nauczycielskim-politechniki-radomskiej\/"},"modified":"2021-03-29T10:20:09","modified_gmt":"2021-03-29T08:20:09","slug":"jak-pisac-prace-dyplomowa-poradnik-dla-studiujacych-kierunki-humanistyczne-na-wydziale-nauczycielskim-politechniki-radomskiej","status":"publish","type":"product","link":"http:\/\/ksiegarnia-akademicka.pl\/index.php\/product\/jak-pisac-prace-dyplomowa-poradnik-dla-studiujacych-kierunki-humanistyczne-na-wydziale-nauczycielskim-politechniki-radomskiej\/","title":{"rendered":"Jak pisa\u0107 prac\u0119 dyplomow\u0105? Poradnik dla studiuj\u0105cych kierunki humanistyczne na Wydziale Nauczycielskim Politechniki Radomskiej."},"content":{"rendered":"<p>Autor: Ryszard Frankowski<br \/>\nWydawnictwo Politechniki Radomskiej<br \/>\nRadom 2009<\/p>\n","protected":false},"excerpt":{"rendered":"<p>Autor: Ryszard Frankowski Wydawnictwo Politechniki Radomskiej Radom 2009<\/p>\n","protected":false},"featured_media":14162,"template":"","meta":[],"product_brand":[],"product_cat":[28,7594,43],"product_tag":[51,1257,87],"class_list":{"0":"post-1816","1":"product","2":"type-product","3":"status-publish","4":"has-post-thumbnail","6":"product_cat-pedagogika","7":"product_cat-pedagogika-wydawnictwo-uth","8":"product_cat-wydawnictwo-uth","9":"product_tag-pedagogika","10":"product_tag-poradniki","11":"product_tag-skrypty-politechniki-radomskiej","13":"first","14":"instock","15":"shipping-taxable","16":"purchasable","17":"product-type-simple"},"_links":{"self":[{"href":"http:\/\/ksiegarnia-akademicka.pl\/index.php\/wp-json\/wp\/v2\/product\/1816","targetHints":{"allow":["GET"]}}],"collection":[{"href":"http:\/\/ksiegarnia-akademicka.pl\/index.php\/wp-json\/wp\/v2\/product"}],"about":[{"href":"http:\/\/ksiegarnia-akademicka.pl\/index.php\/wp-json\/wp\/v2\/types\/product"}],"wp:featuredmedia":[{"embeddable":true,"href":"http:\/\/ksiegarnia-akademicka.pl\/index.php\/wp-json\/wp\/v2\/media\/14162"}],"wp:attachment":[{"href":"http:\/\/ksiegarnia-akademicka.pl\/index.php\/wp-json\/wp\/v2\/media?parent=1816"}],"wp:term":[{"taxonomy":"product_brand","embeddable":true,"href":"http:\/\/ksiegarnia-akademicka.pl\/index.php\/wp-json\/wp\/v2\/product_brand?post=1816"},{"taxonomy":"product_cat","embeddable":true,"href":"http:\/\/ksiegarnia-akademicka.pl\/index.php\/wp-json\/wp\/v2\/product_cat?post=1816"},{"taxonomy":"product_tag","embeddable":true,"href":"http:\/\/ksiegarnia-akademicka.pl\/index.php\/wp-json\/wp\/v2\/product_tag?post=1816"}],"curies":[{"name":"wp","href":"https:\/\/api.w.org\/{rel}","templated":true}]}}