{"id":18131,"date":"2024-05-09T10:55:59","date_gmt":"2024-05-09T08:55:59","guid":{"rendered":"http:\/\/ksiegarnia-akademicka.pl\/?post_type=product&#038;p=18131"},"modified":"2024-05-09T10:56:00","modified_gmt":"2024-05-09T08:56:00","slug":"prawo-pracy-rozporzadzenia-komentarz-2","status":"publish","type":"product","link":"http:\/\/ksiegarnia-akademicka.pl\/index.php\/product\/prawo-pracy-rozporzadzenia-komentarz-2\/","title":{"rendered":"Prawo pracy Rozporz\u0105dzenia Komentarz"},"content":{"rendered":"<p>Redakcja: Baran Krzysztof W.<br \/>\nWydawca: Wolters Kluwer<br \/>\nOprawa: Twarda<br \/>\nLiczba stron: 1408<br \/>\nWydanie: 3<br \/>\nRok wydania: 2024<br \/>\nJ\u0119zyk wydania: polski<\/p>\n<p>Ksi\u0105\u017cka stanowi unikatowy zbi\u00f3r komentarzy do kilkudziesi\u0119ciu rozporz\u0105dze\u0144 precyzuj\u0105cych przepisy indywidualnego i zbiorowego prawa pracy.<\/p>\n<p>Przedstawiono w nim analiz\u0119 akt\u00f3w wykonawczych reguluj\u0105cych m.in. kwestie:<br \/>\n\u2022 ustalania wynagrodzenia pracownik\u00f3w za okres urlopu wypoczynkowego i inne okresy niewykonywania pracy,<br \/>\n\u2022 obowi\u0105zk\u00f3w pracodawcy w dziedzinie bezpiecze\u0144stwa i higieny pracy,<br \/>\n\u2022 podr\u00f3\u017cy s\u0142u\u017cbowych,<br \/>\n\u2022 odpowiedzialno\u015bci materialnej pracownik\u00f3w,<br \/>\n\u2022 przygotowania zawodowego m\u0142odocianych,<br \/>\n\u2022 wymog\u00f3w w zakresie prowadzenia akt osobowych i dokumentacji pracowniczej,<br \/>\n\u2022 zasad wystawiania \u015bwiadectwa pracy.<\/p>\n<p>Wszystkie zagadnienia zosta\u0142y om\u00f3wione w \u015bcis\u0142ej korelacji z normami rangi ustawowej, w szczeg\u00f3lno\u015bci przepisami Kodeksu pracy.<br \/>\nWiele miejsca po\u015bwi\u0119cono r\u00f3wnie\u017c aktom wykonawczym z obszaru zbiorowego prawa pracy. Przedmiotem analizy s\u0105 te\u017c rozporz\u0105dzenia dotycz\u0105ce dofinansowania z bud\u017cetu pa\u0144stwa zwi\u0105zk\u00f3w zawodowych i organizacji pracodawc\u00f3w oraz akty wykonawcze z pogranicza prawa pracy i ubezpiecze\u0144 spo\u0142ecznych, m.in. okre\u015blaj\u0105ce zasady post\u0119powania w razie wypadku przy pracy.<br \/>\nPublikacja zawiera komentarze uwzgl\u0119dniaj\u0105ce najnowsze zmiany w prawie, w tym obowi\u0105zuj\u0105ce od 2023 r. rozporz\u0105dzenia w sprawie bada\u0144 na obecno\u015b\u0107 alkoholu lub \u015brodk\u00f3w dzia\u0142aj\u0105cych podobnie do alkoholu w organizmie pracownika oraz wniosk\u00f3w dotycz\u0105cych uprawnie\u0144 pracownik\u00f3w zwi\u0105zanych z rodzicielstwem (zmienionych na skutek przyj\u0119cia tzw. dyrektywy work-life balance) i dokument\u00f3w do\u0142\u0105czanych do takich wniosk\u00f3w. W opracowaniu om\u00f3wiono tak\u017ce zagadnienia stricte praktyczne, takie jak kwestie zwi\u0105zane z statystyczn\u0105 kart\u0105 wypadku przy pracy czy wzorem protoko\u0142u ustalenia okoliczno\u015bci i przyczyn wypadku przy pracy.<\/p>\n<p>W ksi\u0105\u017cce zaprezentowano nie tylko aktualne przepisy, lecz tak\u017ce dorobek judykatury i doktryny. Autorzy nie ograniczyli si\u0119 do teoretycznej analizy poszczeg\u00f3lnych przepis\u00f3w, ale wskazali r\u00f3wnie\u017c ich praktyczne implikacje i rozwi\u0105zania najcz\u0119\u015bciej pojawiaj\u0105cych si\u0119 w\u0105tpliwo\u015bci. W wielu przypadkach komentarz zosta\u0142 uzupe\u0142niony praktycznymi przyk\u0142adami obrazuj\u0105cymi zastosowanie danego przepisu.<br \/>\nAutorami komentarzy do poszczeg\u00f3lnych akt\u00f3w s\u0105 wybitni przedstawiciele nauki i praktyki prawa pracy.<\/p>\n<p>Publikacja jest przeznaczona zar\u00f3wno dla prawnik\u00f3w zajmuj\u0105cych si\u0119 prawem pracy, jak i os\u00f3b, kt\u00f3re w swojej dzia\u0142alno\u015bci spotykaj\u0105 si\u0119 z zawi\u0142o\u015bciami indywidualnych i zbiorowych stosunk\u00f3w pracy. W szczeg\u00f3lno\u015bci b\u0119dzie pomocna pracownikom dzia\u0142\u00f3w kadr, p\u0142ac czy HR, a tak\u017ce osobom odpowiedzialnym za bezpiecze\u0144stwo i higien\u0119 pracy oraz wsp\u00f3\u0142prac\u0119 ze zwi\u0105zkami zawodowymi. Ze wzgl\u0119du na szerok\u0105 gam\u0119 komentowanych przepis\u00f3w b\u0119dzie przydatna r\u00f3wnie\u017c przedstawicielom nauki prawa pracy.<\/p>\n","protected":false},"excerpt":{"rendered":"<p>Redakcja: Baran Krzysztof W. Wydawca: Wolters Kluwer Oprawa: Twarda Liczba [&hellip;]<\/p>\n","protected":false},"featured_media":18132,"template":"","meta":[],"product_brand":[],"product_cat":[18,7550],"product_tag":[793,4603],"class_list":{"0":"post-18131","1":"product","2":"type-product","3":"status-publish","4":"has-post-thumbnail","6":"product_cat-prawo","7":"product_cat-prawo-pracy","8":"product_tag-prawo-pracy","9":"product_tag-seria-komentarze-praktyczne","11":"first","12":"instock","13":"sale","14":"shipping-taxable","15":"purchasable","16":"product-type-simple"},"_links":{"self":[{"href":"http:\/\/ksiegarnia-akademicka.pl\/index.php\/wp-json\/wp\/v2\/product\/18131","targetHints":{"allow":["GET"]}}],"collection":[{"href":"http:\/\/ksiegarnia-akademicka.pl\/index.php\/wp-json\/wp\/v2\/product"}],"about":[{"href":"http:\/\/ksiegarnia-akademicka.pl\/index.php\/wp-json\/wp\/v2\/types\/product"}],"wp:featuredmedia":[{"embeddable":true,"href":"http:\/\/ksiegarnia-akademicka.pl\/index.php\/wp-json\/wp\/v2\/media\/18132"}],"wp:attachment":[{"href":"http:\/\/ksiegarnia-akademicka.pl\/index.php\/wp-json\/wp\/v2\/media?parent=18131"}],"wp:term":[{"taxonomy":"product_brand","embeddable":true,"href":"http:\/\/ksiegarnia-akademicka.pl\/index.php\/wp-json\/wp\/v2\/product_brand?post=18131"},{"taxonomy":"product_cat","embeddable":true,"href":"http:\/\/ksiegarnia-akademicka.pl\/index.php\/wp-json\/wp\/v2\/product_cat?post=18131"},{"taxonomy":"product_tag","embeddable":true,"href":"http:\/\/ksiegarnia-akademicka.pl\/index.php\/wp-json\/wp\/v2\/product_tag?post=18131"}],"curies":[{"name":"wp","href":"https:\/\/api.w.org\/{rel}","templated":true}]}}