{"id":1811,"date":"2018-05-22T12:44:28","date_gmt":"2018-05-22T10:44:28","guid":{"rendered":"http:\/\/ksiegarnia-akademicka.pl\/index.php\/product\/market-leader-pre-intermediate-new-edition-coursebook-podrecznik-plus-self-study-cd-rom\/"},"modified":"2024-12-14T13:29:41","modified_gmt":"2024-12-14T12:29:41","slug":"market-leader-pre-intermediate-new-edition-coursebook-podrecznik-plus-self-study-cd-rom","status":"publish","type":"product","link":"http:\/\/ksiegarnia-akademicka.pl\/index.php\/product\/market-leader-pre-intermediate-new-edition-coursebook-podrecznik-plus-self-study-cd-rom\/","title":{"rendered":"Market Leader Pre-Intermediate New Edition Coursebook (podr\u0119cznik) plus Self-Study CD-ROM"},"content":{"rendered":"<p>Autor:<br \/>\nDavid Cotton<br \/>\nDavid Falvey<br \/>\nSimon Kent<br \/>\nWydawca: Longman<br \/>\nOprawa: Mi\u0119kka<br \/>\nFormat: 21.0&#215;29.5cm<br \/>\nLiczba stron: 160<br \/>\nRok wydania: 2011<\/p>\n<p>Wyj\u0105tkowy, pi\u0119ciopoziomowy kurs Business English odzwierciedlaj\u0105cy ci\u0105g\u0142e zmiany w \u015bwiecie biznesu. Stworzony przy wsp\u00f3\u0142pracy z &#8222;Financial Times&#8221;, dostarcza ucz\u0105cym si\u0119 na ca\u0142ym \u015bwiecie najbardziej aktualnych materia\u0142\u00f3w. Rozwija sprawno\u015bci j\u0119zykowe, pog\u0142\u0119bia znajomo\u015b\u0107 najwa\u017cniejszych zagadnie\u0144 z dziedziny biznesu, wzbogaca s\u0142ownictwo.<br \/>\nZawiera p\u0142yt\u0119 CD<\/p>\n","protected":false},"excerpt":{"rendered":"<p>Autor: David Cotton David Falvey Simon Kent Wydawca: Longman Oprawa: [&hellip;]<\/p>\n","protected":false},"featured_media":8310,"template":"","meta":[],"product_brand":[],"product_cat":[37],"product_tag":[4559,336,7616],"class_list":{"0":"post-1811","1":"product","2":"type-product","3":"status-publish","4":"has-post-thumbnail","6":"product_cat-jezyki-obce","7":"product_tag-business-english","8":"product_tag-jezyk-angielski","9":"product_tag-market-leader","11":"first","12":"outofstock","13":"sale","14":"shipping-taxable","15":"purchasable","16":"product-type-simple"},"_links":{"self":[{"href":"http:\/\/ksiegarnia-akademicka.pl\/index.php\/wp-json\/wp\/v2\/product\/1811","targetHints":{"allow":["GET"]}}],"collection":[{"href":"http:\/\/ksiegarnia-akademicka.pl\/index.php\/wp-json\/wp\/v2\/product"}],"about":[{"href":"http:\/\/ksiegarnia-akademicka.pl\/index.php\/wp-json\/wp\/v2\/types\/product"}],"wp:featuredmedia":[{"embeddable":true,"href":"http:\/\/ksiegarnia-akademicka.pl\/index.php\/wp-json\/wp\/v2\/media\/8310"}],"wp:attachment":[{"href":"http:\/\/ksiegarnia-akademicka.pl\/index.php\/wp-json\/wp\/v2\/media?parent=1811"}],"wp:term":[{"taxonomy":"product_brand","embeddable":true,"href":"http:\/\/ksiegarnia-akademicka.pl\/index.php\/wp-json\/wp\/v2\/product_brand?post=1811"},{"taxonomy":"product_cat","embeddable":true,"href":"http:\/\/ksiegarnia-akademicka.pl\/index.php\/wp-json\/wp\/v2\/product_cat?post=1811"},{"taxonomy":"product_tag","embeddable":true,"href":"http:\/\/ksiegarnia-akademicka.pl\/index.php\/wp-json\/wp\/v2\/product_tag?post=1811"}],"curies":[{"name":"wp","href":"https:\/\/api.w.org\/{rel}","templated":true}]}}