{"id":18076,"date":"2024-05-06T09:18:31","date_gmt":"2024-05-06T07:18:31","guid":{"rendered":"http:\/\/ksiegarnia-akademicka.pl\/?post_type=product&#038;p=18076"},"modified":"2024-05-06T09:18:32","modified_gmt":"2024-05-06T07:18:32","slug":"rozwoj-rynku-zywnosci-ekologicznej-a-zachowania-konsumentow","status":"publish","type":"product","link":"http:\/\/ksiegarnia-akademicka.pl\/index.php\/product\/rozwoj-rynku-zywnosci-ekologicznej-a-zachowania-konsumentow\/","title":{"rendered":"Rozw\u00f3j rynku \u017cywno\u015bci ekologicznej a zachowania konsument\u00f3w"},"content":{"rendered":"<p>Autor:<br \/>\nMariusz Malinowski<br \/>\nJoanna Smoluk-Sikorska<br \/>\nWydawca: Scholar<br \/>\nOprawa: Mi\u0119kka ze skrzyde\u0142kami<br \/>\nFormat: 15.0&#215;21.0cm<br \/>\nLiczba stron: 226<br \/>\nRok wydania: 2024<br \/>\nJ\u0119zyk wydania: polski<\/p>\n<p>Wi\u0119kszo\u015b\u0107 dotychczasowych bada\u0144 skupia\u0142a si\u0119 na analizie jednej z dw\u00f3ch sfer rynku ekologicznego \u2013 albo na sektorze produkcji rolnictwa ekologicznego, albo na sektorze konsumpcji \u017cywno\u015bci ekologicznej. W tej monografii znalaz\u0142y si\u0119 oba aspekty, co pozwala na holistyczne spojrzenie na rynek ekologiczny. (\u2026) Dzi\u0119ki po\u0142\u0105czeniu teoretycznych podstaw i aspekt\u00f3w praktycznych ksi\u0105\u017cka mo\u017ce s\u0142u\u017cy\u0107 jako przewodnik dla tych, kt\u00f3rzy chc\u0105 lepiej zrozumie\u0107 ten rynek i efektywnie na nim dzia\u0142a\u0107. Mo\u017ce da\u0107 im wgl\u0105d w trendy konsumenckie, strategie marketingowe, kwestie regulacyjne i inne czynniki wp\u0142ywaj\u0105ce na rozw\u00f3j sektora \u017cywno\u015bci ekologicznej.<br \/>\ndr hab. Aneta Wysoki\u0144ska, prof. ASzWoj<\/p>\n<p>Autorzy opracowania dokonali gruntownego przegl\u0105du literatury i akt\u00f3w prawnych, a omawiaj\u0105c poszczeg\u00f3lne zagadnienia, bogato zilustrowali je danymi empirycznymi (\u2026).<br \/>\nW omawianej monografii zaprezentowano zatem cenne, ciekawe i \u2013 co bardzo wa\u017cne \u2013 kompleksowe podej\u015bcie do kwestii uwarunkowa\u0144 funkcjonowania rynku \u017cywno\u015bci ekologicznej, kt\u00f3rego rola b\u0119dzie ros\u0142a nie tylko ze wzgl\u0119du na wzrost zamo\u017cno\u015bci spo\u0142ecze\u0144stw, lecz tak\u017ce na wdra\u017canie koncepcji Europejskiego Zielonego \u0141adu i towarzysz\u0105cych jej strategii.<br \/>\ndr hab. in\u017c. Tomasz Wojewodzic, prof. URK<\/p>\n","protected":false},"excerpt":{"rendered":"<p>Autor: Mariusz Malinowski Joanna Smoluk-Sikorska Wydawca: Scholar Oprawa: Mi\u0119kka ze [&hellip;]<\/p>\n","protected":false},"featured_media":18077,"template":"","meta":[],"product_brand":[],"product_cat":[7634],"product_tag":[1225,1558],"class_list":{"0":"post-18076","1":"product","2":"type-product","3":"status-publish","4":"has-post-thumbnail","6":"product_cat-rolnictwo","7":"product_tag-rolnictwo-ekologiczne","8":"product_tag-rynek-rolny","10":"first","11":"instock","12":"sale","13":"shipping-taxable","14":"purchasable","15":"product-type-simple"},"_links":{"self":[{"href":"http:\/\/ksiegarnia-akademicka.pl\/index.php\/wp-json\/wp\/v2\/product\/18076","targetHints":{"allow":["GET"]}}],"collection":[{"href":"http:\/\/ksiegarnia-akademicka.pl\/index.php\/wp-json\/wp\/v2\/product"}],"about":[{"href":"http:\/\/ksiegarnia-akademicka.pl\/index.php\/wp-json\/wp\/v2\/types\/product"}],"wp:featuredmedia":[{"embeddable":true,"href":"http:\/\/ksiegarnia-akademicka.pl\/index.php\/wp-json\/wp\/v2\/media\/18077"}],"wp:attachment":[{"href":"http:\/\/ksiegarnia-akademicka.pl\/index.php\/wp-json\/wp\/v2\/media?parent=18076"}],"wp:term":[{"taxonomy":"product_brand","embeddable":true,"href":"http:\/\/ksiegarnia-akademicka.pl\/index.php\/wp-json\/wp\/v2\/product_brand?post=18076"},{"taxonomy":"product_cat","embeddable":true,"href":"http:\/\/ksiegarnia-akademicka.pl\/index.php\/wp-json\/wp\/v2\/product_cat?post=18076"},{"taxonomy":"product_tag","embeddable":true,"href":"http:\/\/ksiegarnia-akademicka.pl\/index.php\/wp-json\/wp\/v2\/product_tag?post=18076"}],"curies":[{"name":"wp","href":"https:\/\/api.w.org\/{rel}","templated":true}]}}