{"id":18037,"date":"2024-04-23T12:00:26","date_gmt":"2024-04-23T10:00:26","guid":{"rendered":"http:\/\/ksiegarnia-akademicka.pl\/?post_type=product&#038;p=18037"},"modified":"2024-04-23T12:00:28","modified_gmt":"2024-04-23T10:00:28","slug":"czy-kosciol-potrzebuje-ksiezy-perspektywa-biblijna","status":"publish","type":"product","link":"http:\/\/ksiegarnia-akademicka.pl\/index.php\/product\/czy-kosciol-potrzebuje-ksiezy-perspektywa-biblijna\/","title":{"rendered":"Czy Ko\u015bci\u00f3\u0142 potrzebuje ksi\u0119\u017cy? Perspektywa biblijna"},"content":{"rendered":"<p>Autor:<br \/>\nMartin Ebner<br \/>\nT\u0142umacze: Ziernicki Arkadiusz<br \/>\nWydawca: WAM<br \/>\nOprawa: Mi\u0119kka<br \/>\nFormat: 19.4&#215;12.4cm<br \/>\nLiczba stron: 144<br \/>\nWydanie: 1<br \/>\nRok wydania: 2024<br \/>\nJ\u0119zyk wydania: polski<\/p>\n<p>Pytanie o to, czy Ko\u015bcio\u0142owi potrzebni s\u0105 ksi\u0119\u017ca, mo\u017cna uzna\u0107 za prowokacyjne. Jest niczym atak skierowany w fundamenty wsp\u00f3lnoty i wiary. Jak to \u2013 Ko\u015bci\u00f3\u0142 bez kap\u0142an\u00f3w, bez szafarzy sakrament\u00f3w? Ale czy na pewno? Biblista Martin Ebner bada to zagadnienie, szukaj\u0105c uzasadnie\u0144 w ksi\u0119gach Starego i Nowego Testamentu. Przybli\u017ca nam takie rozumienie wsp\u00f3lnoty wiernych, kt\u00f3remu obce s\u0105 struktury w\u0142adzy kojarzone z kap\u0142a\u0144stwem urz\u0119dowym. Jego perspektywa mo\u017ce okaza\u0107 si\u0119 prze\u0142omowa dla prawdziwej odnowy Ko\u015bcio\u0142a w duchu Jezusa, kt\u00f3r\u0105 postuluje autor. Pisma wchodz\u0105ce w sk\u0142ad kanonu Nowego Testamentu \u015bwiadcz\u0105 o ca\u0142ej palecie mo\u017cliwych form organizacyjnych i funkcji, kt\u00f3re jednocze\u015bnie odzwierciedlaj\u0105 r\u00f3\u017cnorodno\u015b\u0107 ich miejskiego \u015brodowiska. Kap\u0142an\u00f3w jednak si\u0119 tam nie znajdzie. Jest to tym bardziej uderzaj\u0105ce, \u017ce kap\u0142ani odgrywaj\u0105 wa\u017cn\u0105 rol\u0119 zar\u00f3wno w judaizmie, pierwotnej ma\u0142ej ojczy\u017anie pierwszych chrze\u015bcijan, jak i w miastach Cesarstwa Rzymskiego. To puste miejsce w\u015br\u00f3d chrze\u015bcijan wymaga wyja\u015bnienia. Martin Ebner (ur. 1956) \u2013 jest ksi\u0119dzem diecezji W\u00fcrzburg i profesorem egzegezy Nowego Testamentu na uniwersytetach w M\u00fcnster i Bonn.<\/p>\n","protected":false},"excerpt":{"rendered":"<p>Autor: Martin Ebner T\u0142umacze: Ziernicki Arkadiusz Wydawca: WAM Oprawa: Mi\u0119kka [&hellip;]<\/p>\n","protected":false},"featured_media":18038,"template":"","meta":[],"product_brand":[],"product_cat":[7505,27,7508],"product_tag":[6567,246,6273],"class_list":{"0":"post-18037","1":"product","2":"type-product","3":"status-publish","4":"has-post-thumbnail","6":"product_cat-etyka","7":"product_cat-nauki-spoleczne","8":"product_cat-socjologia","9":"product_tag-religia","10":"product_tag-socjologia","11":"product_tag-teologia","13":"first","14":"instock","15":"sale","16":"shipping-taxable","17":"purchasable","18":"product-type-simple"},"_links":{"self":[{"href":"http:\/\/ksiegarnia-akademicka.pl\/index.php\/wp-json\/wp\/v2\/product\/18037","targetHints":{"allow":["GET"]}}],"collection":[{"href":"http:\/\/ksiegarnia-akademicka.pl\/index.php\/wp-json\/wp\/v2\/product"}],"about":[{"href":"http:\/\/ksiegarnia-akademicka.pl\/index.php\/wp-json\/wp\/v2\/types\/product"}],"wp:featuredmedia":[{"embeddable":true,"href":"http:\/\/ksiegarnia-akademicka.pl\/index.php\/wp-json\/wp\/v2\/media\/18038"}],"wp:attachment":[{"href":"http:\/\/ksiegarnia-akademicka.pl\/index.php\/wp-json\/wp\/v2\/media?parent=18037"}],"wp:term":[{"taxonomy":"product_brand","embeddable":true,"href":"http:\/\/ksiegarnia-akademicka.pl\/index.php\/wp-json\/wp\/v2\/product_brand?post=18037"},{"taxonomy":"product_cat","embeddable":true,"href":"http:\/\/ksiegarnia-akademicka.pl\/index.php\/wp-json\/wp\/v2\/product_cat?post=18037"},{"taxonomy":"product_tag","embeddable":true,"href":"http:\/\/ksiegarnia-akademicka.pl\/index.php\/wp-json\/wp\/v2\/product_tag?post=18037"}],"curies":[{"name":"wp","href":"https:\/\/api.w.org\/{rel}","templated":true}]}}