{"id":18035,"date":"2024-04-23T11:57:33","date_gmt":"2024-04-23T09:57:33","guid":{"rendered":"http:\/\/ksiegarnia-akademicka.pl\/?post_type=product&#038;p=18035"},"modified":"2024-12-05T09:43:43","modified_gmt":"2024-12-05T08:43:43","slug":"kodeks-karny-komentarz","status":"publish","type":"product","link":"http:\/\/ksiegarnia-akademicka.pl\/index.php\/product\/kodeks-karny-komentarz\/","title":{"rendered":"Kodeks karny Komentarz"},"content":{"rendered":"<p>Autor:<br \/>\nJaros\u0142aw Majewski<br \/>\nRedakcja: B\u0142achnio Adam, Kosonoga-Zygmunt Julia, Zakrzewski Piotr<br \/>\nWydawca: Wolters Kluwer<br \/>\nOprawa: Twarda<br \/>\nLiczba stron: 2416<br \/>\nWydanie: 1<br \/>\nRok wydania: 2024<br \/>\nJ\u0119zyk wydania: polski<\/p>\n<p>Celem autor\u00f3w publikacji by\u0142o opracowanie obja\u015bnie\u0144 do Kodeksu karnego spe\u0142niaj\u0105cych wymogi dobrego komentarza praktycznego, tj. nastawionego na omawianie i rozstrzyganie kwestii istotnych z punktu widzenia praktyki wymiaru sprawiedliwo\u015bci. Z tego wzgl\u0119du poszczeg\u00f3lne tezy s\u0105 formu\u0142owane w spos\u00f3b mo\u017cliwie zwi\u0119z\u0142y i przyst\u0119pny dla czytelnika, a zarazem konkluzywny. Ograniczono do minimum prezentacj\u0119 zagadnie\u0144 z zakresu teorii prawa karnego i skoncentrowano si\u0119 na przedstawieniu w\u0142asnego stanowiska interpretacyjnego autor\u00f3w. Przyj\u0119ta konwencja u\u0142atwi czytelnikom szybkie znalezienie rozwi\u0105zania nurtuj\u0105cego problemu albo w\u0142a\u015bciwego tropu argumentacyjnego.<\/p>\n<p>Ksi\u0105\u017cka jest przeznaczona dla przedstawicieli zawod\u00f3w prawniczych zajmuj\u0105cych si\u0119 sprawami karnymi. Z powodzeniem b\u0119dzie s\u0142u\u017cy\u0107 r\u00f3wnie\u017c aplikantom prawniczym oraz studentom prawa przygotowuj\u0105cym si\u0119 do egzaminu z prawa karnego jako pomoc dydaktyczna u\u0142atwiaj\u0105ca poznanie i zrozumienie poszczeg\u00f3lnych jego instytucji.<\/p>\n","protected":false},"excerpt":{"rendered":"<p>Autor: Jaros\u0142aw Majewski Redakcja: B\u0142achnio Adam, Kosonoga-Zygmunt Julia, Zakrzewski Piotr [&hellip;]<\/p>\n","protected":false},"featured_media":18036,"template":"","meta":[],"product_brand":[],"product_cat":[7490,18],"product_tag":[2148,1497,296],"class_list":{"0":"post-18035","1":"product","2":"type-product","3":"status-publish","4":"has-post-thumbnail","6":"product_cat-karne","7":"product_cat-prawo","8":"product_tag-kodeks-karny","9":"product_tag-komentarz","10":"product_tag-prawo-karne","12":"first","13":"instock","14":"sale","15":"shipping-taxable","16":"purchasable","17":"product-type-simple"},"_links":{"self":[{"href":"http:\/\/ksiegarnia-akademicka.pl\/index.php\/wp-json\/wp\/v2\/product\/18035","targetHints":{"allow":["GET"]}}],"collection":[{"href":"http:\/\/ksiegarnia-akademicka.pl\/index.php\/wp-json\/wp\/v2\/product"}],"about":[{"href":"http:\/\/ksiegarnia-akademicka.pl\/index.php\/wp-json\/wp\/v2\/types\/product"}],"wp:featuredmedia":[{"embeddable":true,"href":"http:\/\/ksiegarnia-akademicka.pl\/index.php\/wp-json\/wp\/v2\/media\/18036"}],"wp:attachment":[{"href":"http:\/\/ksiegarnia-akademicka.pl\/index.php\/wp-json\/wp\/v2\/media?parent=18035"}],"wp:term":[{"taxonomy":"product_brand","embeddable":true,"href":"http:\/\/ksiegarnia-akademicka.pl\/index.php\/wp-json\/wp\/v2\/product_brand?post=18035"},{"taxonomy":"product_cat","embeddable":true,"href":"http:\/\/ksiegarnia-akademicka.pl\/index.php\/wp-json\/wp\/v2\/product_cat?post=18035"},{"taxonomy":"product_tag","embeddable":true,"href":"http:\/\/ksiegarnia-akademicka.pl\/index.php\/wp-json\/wp\/v2\/product_tag?post=18035"}],"curies":[{"name":"wp","href":"https:\/\/api.w.org\/{rel}","templated":true}]}}