{"id":18033,"date":"2024-04-23T08:54:10","date_gmt":"2024-04-23T06:54:10","guid":{"rendered":"http:\/\/ksiegarnia-akademicka.pl\/?post_type=product&#038;p=18033"},"modified":"2024-04-23T08:54:10","modified_gmt":"2024-04-23T06:54:10","slug":"starosc-jak-ja-widzi-psychologia-zagrozenia-mozliwosci-wspomaganie","status":"publish","type":"product","link":"http:\/\/ksiegarnia-akademicka.pl\/index.php\/product\/starosc-jak-ja-widzi-psychologia-zagrozenia-mozliwosci-wspomaganie\/","title":{"rendered":"Staro\u015b\u0107 jak j\u0105 widzi psychologia Zagro\u017cenia, mo\u017cliwo\u015bci, wspomaganie"},"content":{"rendered":"<p>Redakcja: Kielar-Turska Maria<br \/>\nWydawca: Wydawnictwo Uniwersytetu Jagiello\u0144skiego<br \/>\nOprawa: Mi\u0119kka<br \/>\nFormat: 16.0&#215;23.0cm<br \/>\nLiczba stron: 428<br \/>\nRok wydania: 2024<br \/>\nJ\u0119zyk wydania: polski<\/p>\n<p>Staro\u015b\u0107 jak j\u0105 widzi psychologia. Zagro\u017cenia, mo\u017cliwo\u015bci, wspomaganie jest owocem czwartej konferencji naukowej po\u015bwi\u0119conej staro\u015bci z perspektywy rozwa\u017ca\u0144 teoretycznych i bada\u0144 empirycznych w obszarze psychologii. Jej organizatorami byli: Komisja Psychologi Polskiej Akademii Nauk oraz Instytut Psychologii Uniwersytetu Jagiello\u0144skiego. Tre\u015b\u0107 artyku\u0142\u00f3w dowodzi, \u017ce jako\u015b\u0107 staro\u015bci ka\u017cdego cz\u0142owieka zale\u017cy przede wszystkim od jego w\u0142asnej aktywno\u015bci we wcze\u015bniejszych fazach rozwoju, jak r\u00f3wnie\u017c w samym okresie p\u00f3\u017anej doros\u0142o\u015bci. Oczywi\u015bcie jest ona tak\u017ce uwarunkowana podmiotowymi zasobami danej osoby oraz szerokim spektrum czynnik\u00f3w \u015brodowiskowo-sytuacyjnych. O dobr\u0105 staro\u015b\u0107 trzeba si\u0119 troszczy\u0107 przez ca\u0142y bieg \u017cycia i rozwoju, poczynaj\u0105c od troski innych o nas, zmierzaj\u0105c do troski o siebie (samotroski) i zwrotnie \u2013 do troski o drugich. Publikacja b\u0119dzie na rynku wydawniczym pozycj\u0105 poszukiwan\u0105 zar\u00f3wno przez przedstawicieli \u015brodowisk akademickich, jak i instytucji podejmuj\u0105cych dzia\u0142ania aktywizuj\u0105ce, rehabilitacyjne i opieku\u0144cze na rzecz os\u00f3b w wieku senioralnym. Pierwszych b\u0119dzie inspirowa\u0107 do nowych konceptualizacji teoretycznych i eksploracji empirycznych, za\u015b drugim pozwoli lepiej zrozumie\u0107 potrzeby senior\u00f3w oraz opracowywa\u0107 coraz bardziej skuteczne programy wspomagaj\u0105ce ich psychospo\u0142eczne funkcjonowanie i podnosz\u0105ce jako\u015b\u0107 ich \u017cycia. Z recenzji prof. dr hab. W\u0142adys\u0142awy Pileckiej Ksi\u0105\u017cka powsta\u0142a w koedycji z Polsk\u0105 Akademi\u0105 Nauk<\/p>\n","protected":false},"excerpt":{"rendered":"<p>Redakcja: Kielar-Turska Maria Wydawca: Wydawnictwo Uniwersytetu Jagiello\u0144skiego Oprawa: Mi\u0119kka Format: [&hellip;]<\/p>\n","protected":false},"featured_media":18034,"template":"","meta":[],"product_brand":[],"product_cat":[8112,7493,27,7509],"product_tag":[7215,1186],"class_list":{"0":"post-18033","1":"product","2":"type-product","3":"status-publish","4":"has-post-thumbnail","6":"product_cat-geriatria","7":"product_cat-medycyna","8":"product_cat-nauki-spoleczne","9":"product_cat-psychologia","10":"product_tag-geriatria","11":"product_tag-psychologia","13":"first","14":"instock","15":"sale","16":"shipping-taxable","17":"purchasable","18":"product-type-simple"},"_links":{"self":[{"href":"http:\/\/ksiegarnia-akademicka.pl\/index.php\/wp-json\/wp\/v2\/product\/18033","targetHints":{"allow":["GET"]}}],"collection":[{"href":"http:\/\/ksiegarnia-akademicka.pl\/index.php\/wp-json\/wp\/v2\/product"}],"about":[{"href":"http:\/\/ksiegarnia-akademicka.pl\/index.php\/wp-json\/wp\/v2\/types\/product"}],"wp:featuredmedia":[{"embeddable":true,"href":"http:\/\/ksiegarnia-akademicka.pl\/index.php\/wp-json\/wp\/v2\/media\/18034"}],"wp:attachment":[{"href":"http:\/\/ksiegarnia-akademicka.pl\/index.php\/wp-json\/wp\/v2\/media?parent=18033"}],"wp:term":[{"taxonomy":"product_brand","embeddable":true,"href":"http:\/\/ksiegarnia-akademicka.pl\/index.php\/wp-json\/wp\/v2\/product_brand?post=18033"},{"taxonomy":"product_cat","embeddable":true,"href":"http:\/\/ksiegarnia-akademicka.pl\/index.php\/wp-json\/wp\/v2\/product_cat?post=18033"},{"taxonomy":"product_tag","embeddable":true,"href":"http:\/\/ksiegarnia-akademicka.pl\/index.php\/wp-json\/wp\/v2\/product_tag?post=18033"}],"curies":[{"name":"wp","href":"https:\/\/api.w.org\/{rel}","templated":true}]}}