{"id":18006,"date":"2024-04-17T13:26:58","date_gmt":"2024-04-17T11:26:58","guid":{"rendered":"http:\/\/ksiegarnia-akademicka.pl\/?post_type=product&#038;p=18006"},"modified":"2024-04-17T13:26:59","modified_gmt":"2024-04-17T11:26:59","slug":"japonskie-noze","status":"publish","type":"product","link":"http:\/\/ksiegarnia-akademicka.pl\/index.php\/product\/japonskie-noze\/","title":{"rendered":"Japo\u0144skie no\u017ce"},"content":{"rendered":"<p>Autor:<br \/>\nHenryk Socha<br \/>\nWydawca: Bellona<br \/>\nOprawa: Twarda<br \/>\nFormat: 21.0&#215;30.0cm<br \/>\nLiczba stron: 208<br \/>\nWydanie: 2<br \/>\nRok wydania: 2024<br \/>\nJ\u0119zyk wydania: polski<\/p>\n<p>Szczeg\u00f3lne predyspozycje psychiczne i fizyczne oraz tradycja i kultura sprawi\u0142y, \u017ce niemal wszystkie przedmioty wyprodukowane w Japonii sta\u0142y si\u0119 synonimem jako\u015bci, estetyki i komfortu. Japo\u0144skie no\u017ce s\u0105 tego doskona\u0142ym przyk\u0142adem. Wykonane z bardzo dobrych materia\u0142\u00f3w, bardzo ostre i funkcjonalne s\u0105 cenione na ca\u0142ym \u015bwiecie. Z tych powod\u00f3w wi\u0119kszo\u015b\u0107 \u015bwiatowych potentat\u00f3w, g\u0142\u00f3wnie ameryka\u0144skich, lokuje swoje zam\u00f3wienia na no\u017ce w Japonii. Projekty no\u017cy wykonane przez japo\u0144skich mistrz\u00f3w maj\u0105 w sobie tak niepowtarzalny urok, ten \u201edotyk Wschodu\u201d, \u017ce nie ma cz\u0142owieka, kt\u00f3ry przeszed\u0142by obok tych ma\u0142ych dzie\u0142 sztuki oboj\u0119tnie.<\/p>\n","protected":false},"excerpt":{"rendered":"<p>Autor: Henryk Socha Wydawca: Bellona Oprawa: Twarda Format: 21.0&#215;30.0cm Liczba [&hellip;]<\/p>\n","protected":false},"featured_media":18007,"template":"","meta":[],"product_brand":[],"product_cat":[7823],"product_tag":[8297,1110,4292],"class_list":{"0":"post-18006","1":"product","2":"type-product","3":"status-publish","4":"has-post-thumbnail","6":"product_cat-sztuka","7":"product_tag-cywilizacja-japonska","8":"product_tag-kultura","9":"product_tag-sztuka","11":"first","12":"instock","13":"sale","14":"shipping-taxable","15":"purchasable","16":"product-type-simple"},"_links":{"self":[{"href":"http:\/\/ksiegarnia-akademicka.pl\/index.php\/wp-json\/wp\/v2\/product\/18006","targetHints":{"allow":["GET"]}}],"collection":[{"href":"http:\/\/ksiegarnia-akademicka.pl\/index.php\/wp-json\/wp\/v2\/product"}],"about":[{"href":"http:\/\/ksiegarnia-akademicka.pl\/index.php\/wp-json\/wp\/v2\/types\/product"}],"wp:featuredmedia":[{"embeddable":true,"href":"http:\/\/ksiegarnia-akademicka.pl\/index.php\/wp-json\/wp\/v2\/media\/18007"}],"wp:attachment":[{"href":"http:\/\/ksiegarnia-akademicka.pl\/index.php\/wp-json\/wp\/v2\/media?parent=18006"}],"wp:term":[{"taxonomy":"product_brand","embeddable":true,"href":"http:\/\/ksiegarnia-akademicka.pl\/index.php\/wp-json\/wp\/v2\/product_brand?post=18006"},{"taxonomy":"product_cat","embeddable":true,"href":"http:\/\/ksiegarnia-akademicka.pl\/index.php\/wp-json\/wp\/v2\/product_cat?post=18006"},{"taxonomy":"product_tag","embeddable":true,"href":"http:\/\/ksiegarnia-akademicka.pl\/index.php\/wp-json\/wp\/v2\/product_tag?post=18006"}],"curies":[{"name":"wp","href":"https:\/\/api.w.org\/{rel}","templated":true}]}}