{"id":17974,"date":"2024-04-11T09:27:06","date_gmt":"2024-04-11T07:27:06","guid":{"rendered":"http:\/\/ksiegarnia-akademicka.pl\/?post_type=product&#038;p=17974"},"modified":"2024-04-11T09:27:06","modified_gmt":"2024-04-11T07:27:06","slug":"zlota-dama-gustav-klimt-i-tajemnica-wiedenskiej-mona-lisy","status":"publish","type":"product","link":"http:\/\/ksiegarnia-akademicka.pl\/index.php\/product\/zlota-dama-gustav-klimt-i-tajemnica-wiedenskiej-mona-lisy\/","title":{"rendered":"Z\u0142ota dama Gustav Klimt i tajemnica wiede\u0144skiej Mona Lisy"},"content":{"rendered":"<p>Autor:<br \/>\nAnne-Marie O&#8217;Connor<br \/>\nT\u0142umacze: Pich\u00f3r Tomasz<br \/>\nWydawca: Znak<br \/>\nOprawa: Twarda<br \/>\nFormat: 16.0&#215;22.5cm<br \/>\nLiczba stron: 448<br \/>\nWydanie: 2<br \/>\nRok wydania: 2024<br \/>\nJ\u0119zyk wydania: polski<\/p>\n<p>ANNE-MARIE O\u2019CONNOR OPOWIADA BURZLIW\u0104 HISTORI\u0118 XX WIEKU POPRZEZ LOSY UKOCHANEJ MUZY KLIMTA. By\u0142 rok 1898 i wydawa\u0142o si\u0119, \u017ce w Wiedniu ta\u0144czy sam diabe\u0142. Jedna z najwspanialszych stolic Europy by\u0142a miastem bohemy, sztuki i artyst\u00f3w, ale jednocze\u015bnie wkracza\u0142a w nowy wiek z najwi\u0119ksz\u0105 liczb\u0105 samob\u00f3jc\u00f3w. Nadchodzi\u0142 czas zmian, paradoks\u00f3w i pogoni za nowoczesno\u015bci\u0105. W\u0142a\u015bnie wtedy ekscentryczny malarz postanowi\u0142 ubra\u0107 modernistyczny Wiede\u0144 w bizantyjskie z\u0142oto. Gustaw Klimt spotka\u0142 Adel\u0119 Bloch-Bauer i zakocha\u0142 si\u0119 w jej zmys\u0142owych ustach, p\u00f3\u0142przymkni\u0119tych oczach oraz intelekcie. Uwieczniaj\u0105c j\u0105 na jednym ze swoich najs\u0142ynniejszych obraz\u00f3w, da\u0142 jej wszystko, czego pragn\u0119\u0142a \u2013 podziw i nie\u015bmiertelno\u015b\u0107. Z\u0142ota dama ol\u015bni\u0142a Wiede\u0144. Portret \u017byd\u00f3wki uwi\u00f3d\u0142 nawet Adolfa Hitlera. By\u0142 jednym z najcenniejszych skarb\u00f3w Austrii, r\u00f3wnie\u017c wtedy, gdy krajem rz\u0105dzili nazi\u015bci, kt\u00f3rzy bezlito\u015bnie wymordowali rodzin\u0119 i przyjaci\u00f3\u0142 Adeli. Jakie tajemnice kryje arcydzie\u0142o Klimta? Czy modelka by\u0142a tylko muz\u0105 malarza, czy tak\u017ce jego kochank\u0105? Co widzia\u0142y smutne oczy z obrazu, gdy podczas wojny dewastowano pi\u0119kny Wiede\u0144 Adeli? I jak to si\u0119 sta\u0142o, \u017ce Z\u0142ot\u0105 dam\u0119 mo\u017cemy dzi\u015b podziwia\u0107 w odleg\u0142ym Nowym Jorku?<br \/>\nZA HISTORI\u0104 WIEDE\u0143SKIEJ MONA LISY KRYJE SI\u0118 HISTORIA EPOKI \u201eFascynuj\u0105ca, ambitna, przenikliwa&#8230; Niezwyk\u0142a opowie\u015b\u0107 o sztuce i czasach Holokaustu\u201d. The Washington Post<\/p>\n","protected":false},"excerpt":{"rendered":"<p>Autor: Anne-Marie O&#8217;Connor T\u0142umacze: Pich\u00f3r Tomasz Wydawca: Znak Oprawa: Twarda [&hellip;]<\/p>\n","protected":false},"featured_media":17975,"template":"","meta":[],"product_brand":[],"product_cat":[7824],"product_tag":[2322,8291,5033],"class_list":{"0":"post-17974","1":"product","2":"type-product","3":"status-publish","4":"has-post-thumbnail","6":"product_cat-malarstwo","7":"product_tag-biografie","8":"product_tag-gustav-klimt","9":"product_tag-malarstwo","11":"first","12":"instock","13":"sale","14":"shipping-taxable","15":"purchasable","16":"product-type-simple"},"_links":{"self":[{"href":"http:\/\/ksiegarnia-akademicka.pl\/index.php\/wp-json\/wp\/v2\/product\/17974","targetHints":{"allow":["GET"]}}],"collection":[{"href":"http:\/\/ksiegarnia-akademicka.pl\/index.php\/wp-json\/wp\/v2\/product"}],"about":[{"href":"http:\/\/ksiegarnia-akademicka.pl\/index.php\/wp-json\/wp\/v2\/types\/product"}],"wp:featuredmedia":[{"embeddable":true,"href":"http:\/\/ksiegarnia-akademicka.pl\/index.php\/wp-json\/wp\/v2\/media\/17975"}],"wp:attachment":[{"href":"http:\/\/ksiegarnia-akademicka.pl\/index.php\/wp-json\/wp\/v2\/media?parent=17974"}],"wp:term":[{"taxonomy":"product_brand","embeddable":true,"href":"http:\/\/ksiegarnia-akademicka.pl\/index.php\/wp-json\/wp\/v2\/product_brand?post=17974"},{"taxonomy":"product_cat","embeddable":true,"href":"http:\/\/ksiegarnia-akademicka.pl\/index.php\/wp-json\/wp\/v2\/product_cat?post=17974"},{"taxonomy":"product_tag","embeddable":true,"href":"http:\/\/ksiegarnia-akademicka.pl\/index.php\/wp-json\/wp\/v2\/product_tag?post=17974"}],"curies":[{"name":"wp","href":"https:\/\/api.w.org\/{rel}","templated":true}]}}