{"id":17972,"date":"2024-04-11T09:24:30","date_gmt":"2024-04-11T07:24:30","guid":{"rendered":"http:\/\/ksiegarnia-akademicka.pl\/?post_type=product&#038;p=17972"},"modified":"2024-04-11T09:24:46","modified_gmt":"2024-04-11T07:24:46","slug":"tapiceruj-jak-stare-graty-przemienic-w-piekne-meble","status":"publish","type":"product","link":"http:\/\/ksiegarnia-akademicka.pl\/index.php\/product\/tapiceruj-jak-stare-graty-przemienic-w-piekne-meble\/","title":{"rendered":"Tapiceruj! Jak stare graty przemieni\u0107 w pi\u0119kne meble"},"content":{"rendered":"<p>Autor:<br \/>\nAleksander K\u0105dziela<br \/>\nFotografie: Lichta\u0144ski Micha\u0142<br \/>\nWydawca: Znak<br \/>\nOprawa: Mi\u0119kka ze skrzyde\u0142kami<br \/>\nFormat: 17.0&#215;23.0cm<br \/>\nLiczba stron: 352<br \/>\nWydanie: 1<br \/>\nRok wydania: 2021<br \/>\nJ\u0119zyk wydania: polski<\/p>\n<p>Tapicerowanie jest prostsze, ni\u017c my\u015blisz! Chcesz przywr\u00f3ci\u0107 blask staremu fotelowi i da\u0107 mu drug\u0105 m\u0142odo\u015b\u0107, ale boisz si\u0119, \u017ce to mission impossible? Tapicerowa\u0107 mo\u017ce ka\u017cdy. Wystarcz\u0105 zapa\u0142, troch\u0119 cierpliwo\u015bci i gar\u015b\u0107 bezcennych porad prawdziwego mistrza. Alek K\u0105dziela poka\u017ce ci, jak w\u0142asnor\u0119cznie odnowi\u0107 nawet najwi\u0119kszy rupie\u0107, zrealizowa\u0107 swoje pomys\u0142y i niczego nie zepsu\u0107. Podpowie, od czego zacz\u0105\u0107, jak wybra\u0107 wy\u015bci\u00f3\u0142ki i tkaniny, ogarn\u0105\u0107 maszyn\u0119 do szycia i zrobi\u0107 pi\u0119kne naro\u017cniki. Zainspiruje do wykonania w\u0142asnych tapicerowanych mebli \u2013 oryginalnych poduszek czy parawanu, kt\u00f3re nadadz\u0105 charakteru twojemu wn\u0119trzu.<br \/>\n21 autorskich projekt\u00f3w krok po kroku Tapicerowanie stylowych klasyk\u00f3w, m.in. chierowskiego 366, klubowego, \u201eliska\u201d, serduszka i zgrabnej AGI Tutoriale i przekazywane z pokolenia na pokolenie tapicerskie patenty, kt\u00f3re poprowadz\u0105 ci\u0119 przez tajniki rzemios\u0142a Aleksander K\u0105dziela od dziecka robi\u0142 u ojca guziki na akord i marzy\u0142, by mie\u0107 pracowni\u0119 tapicersk\u0105 jak tata. Prowadzi pierwsz\u0105 w Polsce szko\u0142\u0119 tapicerstwa artystycznego i oblegane warsztaty pod has\u0142em #tapicerwakcji. Przez jego pracowni\u0119 przewin\u0119\u0142o si\u0119 kilka tysi\u0119cy os\u00f3b, kt\u00f3re przekona\u0142y si\u0119, \u017ce tapicerowanie jest proste i daje ogromn\u0105 frajd\u0119! \u201eM\u00f3j ojciec prowadzi\u0142 ma\u0142y zak\u0142ad stolarsko-tapicerski. To w\u0142a\u015bnie u niego stawia\u0142em pierwsze kroki, wykonywa\u0142em guziki tapicerskie na starej guzikarce, za kt\u00f3re dostawa\u0142em pierwsze pieni\u0105dze. Pracuj\u0119 na niej do dzi\u015b. Od wielu lat prowadz\u0119 pracowni\u0119 mebli oraz Akademi\u0119 Rzemios\u0142a AKdesign, w kt\u00f3rej jestem szkoleniowcem. \u00bbTapicer w AKcji\u00ab to moje flagowe warsztaty dla pasjonat\u00f3w i fan\u00f3w DIY. Ka\u017cdy z uczestnik\u00f3w przynosi ze sob\u0105 ma\u0142y, stary mebel, a wychodzi z odrestaurowanym, niepowtarzalnym egzemplarzem\u201d (fragment wst\u0119pu) \u201eAlek to prawdziwy mistrz o ogromnej wiedzy, pasji i charyzmie, kt\u00f3rymi ch\u0119tnie si\u0119 dzieli. Dwa dni pracy pod jego okiem to fantastycznie i efektywnie sp\u0119dzony czas\u201d. Wiola Koz\u0142owska (opinia o warsztatach) \u201eAlek to mistrz \u015bwiata! Kontaktowy, wspania\u0142y cz\u0142owiek z do\u015bwiadczeniem i PASJ\u0104, kt\u00f3ra sprawia, \u017ce mo\u017cna by godzinami obserwowa\u0107 go przy pracy i s\u0142ucha\u0107\u201d. (Dominika Rokita, opinia o warsztatach) Powy\u017cszy opis pochodzi od wydawcy.<\/p>\n","protected":false},"excerpt":{"rendered":"<p>Autor: Aleksander K\u0105dziela Fotografie: Lichta\u0144ski Micha\u0142 Wydawca: Znak Oprawa: Mi\u0119kka [&hellip;]<\/p>\n","protected":false},"featured_media":17973,"template":"","meta":[],"product_brand":[],"product_cat":[7994],"product_tag":[8290,1257],"class_list":{"0":"post-17972","1":"product","2":"type-product","3":"status-publish","4":"has-post-thumbnail","6":"product_cat-poradniki","7":"product_tag-aranzacja-wnetrz","8":"product_tag-poradniki","10":"first","11":"instock","12":"sale","13":"shipping-taxable","14":"purchasable","15":"product-type-simple"},"_links":{"self":[{"href":"http:\/\/ksiegarnia-akademicka.pl\/index.php\/wp-json\/wp\/v2\/product\/17972","targetHints":{"allow":["GET"]}}],"collection":[{"href":"http:\/\/ksiegarnia-akademicka.pl\/index.php\/wp-json\/wp\/v2\/product"}],"about":[{"href":"http:\/\/ksiegarnia-akademicka.pl\/index.php\/wp-json\/wp\/v2\/types\/product"}],"wp:featuredmedia":[{"embeddable":true,"href":"http:\/\/ksiegarnia-akademicka.pl\/index.php\/wp-json\/wp\/v2\/media\/17973"}],"wp:attachment":[{"href":"http:\/\/ksiegarnia-akademicka.pl\/index.php\/wp-json\/wp\/v2\/media?parent=17972"}],"wp:term":[{"taxonomy":"product_brand","embeddable":true,"href":"http:\/\/ksiegarnia-akademicka.pl\/index.php\/wp-json\/wp\/v2\/product_brand?post=17972"},{"taxonomy":"product_cat","embeddable":true,"href":"http:\/\/ksiegarnia-akademicka.pl\/index.php\/wp-json\/wp\/v2\/product_cat?post=17972"},{"taxonomy":"product_tag","embeddable":true,"href":"http:\/\/ksiegarnia-akademicka.pl\/index.php\/wp-json\/wp\/v2\/product_tag?post=17972"}],"curies":[{"name":"wp","href":"https:\/\/api.w.org\/{rel}","templated":true}]}}