{"id":17929,"date":"2024-04-08T08:30:21","date_gmt":"2024-04-08T06:30:21","guid":{"rendered":"http:\/\/ksiegarnia-akademicka.pl\/?post_type=product&#038;p=17929"},"modified":"2024-04-08T11:46:29","modified_gmt":"2024-04-08T09:46:29","slug":"testuj-swoj-polski-slownictwo-w-pracy","status":"publish","type":"product","link":"http:\/\/ksiegarnia-akademicka.pl\/index.php\/product\/testuj-swoj-polski-slownictwo-w-pracy\/","title":{"rendered":"Testuj Sw\u00f3j Polski. S\u0142ownictwo w pracy"},"content":{"rendered":"<p>Autor:<br \/>\nJustyna Krzto\u0144<br \/>\nWydawca: Prolog Publishing<br \/>\nOprawa: Mi\u0119kka<br \/>\nLiczba stron: 144<br \/>\nWydanie: 3<br \/>\nRok wydania: 2024<br \/>\nJ\u0119zyk wydania: polski<\/p>\n<p>TESTUJ SW\u00d3J POLSKI \u2013 S\u0142ownictwo w pracy&#8221; to kolejna pozycja z serii o\u015bmiu ksi\u0105\u017cek do samodzielnej nauki &#8222;TESTUJ SW\u00d3J POLSKI&#8221;.<\/p>\n<p>Ksi\u0105\u017cka zawiera:<br \/>\n\u2022 70 \u0107wicze\u0144 (test\u00f3w) + klucz<\/p>\n<p>\u2022 bogato ilustrowane, motywuj\u0105ce do nauki i r\u00f3\u017cnorodne \u0107wiczenia \u2013 zadania jedno- i wielokrotnego wyboru, uzupe\u0142nianie, dopasowywanie, komiksy, i inne<\/p>\n<p>\u2022 s\u0142owniczek PL \/ ENG \/ DE<\/p>\n<p>\u2022 wskaz\u00f3wki dla u\u017cytkownika<\/p>\n<p>\u2022 polecenia w j\u0119zyku polskim i angielskim<\/p>\n<p>\u2022 fiszki do pobrania i wydruku,<\/p>\n<p>\u2022 nagrania 299 audiofiszek w formacie mp3 w t\u0142umaczeniach na angielski, niemiecki, w\u0142oski, hiszpa\u0144ski i rosyjski do pobrania<\/p>\n<p>\u2022 dost\u0119p do aplikacji z ilustrowanymi audiofiszkami (Google Play i App Store)<\/p>\n<p>&#8222;TESTUJ SW\u00d3J POLSKI \u2013 S\u0141OWNICTWO W PRACY&#8221; to zbi\u00f3r \u0107wicze\u0144 na poziomach A2-B1, kt\u00f3ry mo\u017cna wykorzysta\u0107 do samodzielnej nauki oraz jako materia\u0142 pomocniczy do zaj\u0119\u0107 w grupie. Ksi\u0105\u017cka przeznaczona dla doros\u0142ych, kt\u00f3rzy potrzebuj\u0105 j\u0119zyka polskiego do komunikacji w miejscu pracy, w Polsce i za granic\u0105. W \u0107wiczeniach mo\u017cna znale\u017a\u0107 du\u017co informacji realioznawczych z polskiego rynku pracy. Zawarte w ksi\u0105\u017cce praktyczne wskaz\u00f3wki mog\u0105 by\u0107 pomocne dla obcokrajowc\u00f3w, kt\u00f3rzy szukaj\u0105 w Polsce pracy, chc\u0105 za\u0142o\u017cy\u0107 firm\u0119 oraz kontaktowa\u0107 si\u0119 po polsku z urz\u0119dami, swoimi wsp\u00f3\u0142pracownikami, partnerami biznesowymi itd.<\/p>\n<p>Ka\u017cdy kartonik z fiszk\u0105 zawiera numer \u015bcie\u017cki mp3, numer rozdzia\u0142u, tytu\u0142 ksi\u0105\u017cki, obraz ilustruj\u0105cy s\u0142owo\/wyra\u017cenie oraz t\u0142umaczenie w 5 j\u0119zykach na odwrocie kartki. Fiszki mo\u017cecie pobra\u0107 i wydrukowa\u0107 w opcji druku dwustronnego.<\/p>\n<p>Metoda nauki i powtarzania s\u0142ownictwa za pomoc\u0105 fiszek zosta\u0142a opisana w artykule na naszym blogu.<\/p>\n","protected":false},"excerpt":{"rendered":"<p>Autor: Justyna Krzto\u0144 Wydawca: Prolog Publishing Oprawa: Mi\u0119kka Liczba stron: [&hellip;]<\/p>\n","protected":false},"featured_media":17930,"template":"","meta":[],"product_brand":[],"product_cat":[37],"product_tag":[4710,6822],"class_list":{"0":"post-17929","1":"product","2":"type-product","3":"status-publish","4":"has-post-thumbnail","6":"product_cat-jezyki-obce","7":"product_tag-jezyk-polski","8":"product_tag-jezyk-polski-dla-obcokrajowcow","10":"first","11":"instock","12":"sale","13":"shipping-taxable","14":"purchasable","15":"product-type-simple"},"_links":{"self":[{"href":"http:\/\/ksiegarnia-akademicka.pl\/index.php\/wp-json\/wp\/v2\/product\/17929","targetHints":{"allow":["GET"]}}],"collection":[{"href":"http:\/\/ksiegarnia-akademicka.pl\/index.php\/wp-json\/wp\/v2\/product"}],"about":[{"href":"http:\/\/ksiegarnia-akademicka.pl\/index.php\/wp-json\/wp\/v2\/types\/product"}],"wp:featuredmedia":[{"embeddable":true,"href":"http:\/\/ksiegarnia-akademicka.pl\/index.php\/wp-json\/wp\/v2\/media\/17930"}],"wp:attachment":[{"href":"http:\/\/ksiegarnia-akademicka.pl\/index.php\/wp-json\/wp\/v2\/media?parent=17929"}],"wp:term":[{"taxonomy":"product_brand","embeddable":true,"href":"http:\/\/ksiegarnia-akademicka.pl\/index.php\/wp-json\/wp\/v2\/product_brand?post=17929"},{"taxonomy":"product_cat","embeddable":true,"href":"http:\/\/ksiegarnia-akademicka.pl\/index.php\/wp-json\/wp\/v2\/product_cat?post=17929"},{"taxonomy":"product_tag","embeddable":true,"href":"http:\/\/ksiegarnia-akademicka.pl\/index.php\/wp-json\/wp\/v2\/product_tag?post=17929"}],"curies":[{"name":"wp","href":"https:\/\/api.w.org\/{rel}","templated":true}]}}