{"id":17926,"date":"2024-04-05T08:43:14","date_gmt":"2024-04-05T06:43:14","guid":{"rendered":"http:\/\/ksiegarnia-akademicka.pl\/?post_type=product&#038;p=17926"},"modified":"2024-04-05T08:43:14","modified_gmt":"2024-04-05T06:43:14","slug":"elementy-retoryki-i-erystyki-w-przykladach","status":"publish","type":"product","link":"http:\/\/ksiegarnia-akademicka.pl\/index.php\/product\/elementy-retoryki-i-erystyki-w-przykladach\/","title":{"rendered":"Elementy retoryki i erystyki w przyk\u0142adach"},"content":{"rendered":"<p>Autor:<br \/>\nBeata Witkowska-Maksimczuk<br \/>\nWydawca: Aspra<br \/>\nOprawa: Mi\u0119kka<br \/>\nFormat: 16.0&#215;23.5cm<br \/>\nLiczba stron: 206<br \/>\nRok wydania: 2024<br \/>\nJ\u0119zyk wydania: polski<\/p>\n<p>Ksi\u0105\u017cka stanowi rodzaj kompendium zawieraj\u0105cego podstawowe zagadnienia z zakresu retoryki klasycznej i jej wsp\u00f3\u0142czesnych zastosowa\u0144, wraz z elementami sztuki dyskusji i erystyki. Wszystkie najwa\u017cniejsze poj\u0119cia z zakresu wymienionych dziedzin s\u0105 jasno zdefiniowane i podparte licznymi przyk\u0142adami. Opisanych jest kilkadziesi\u0105t trop\u00f3w i figur retorycznych, ka\u017cdy z wieloma przyk\u0142adami. Prawie czterdzie\u015bci chwyt\u00f3w erystycznych zobrazowanych jest przyk\u0142adami wzi\u0119tymi m.in. ze wsp\u00f3\u0142czesnych medi\u00f3w, z dyskusji przebiegaj\u0105cych w telewizji, prasie i na internetowych forach.<\/p>\n","protected":false},"excerpt":{"rendered":"<p>Autor: Beata Witkowska-Maksimczuk Wydawca: Aspra Oprawa: Mi\u0119kka Format: 16.0&#215;23.5cm Liczba [&hellip;]<\/p>\n","protected":false},"featured_media":17927,"template":"","meta":[],"product_brand":[],"product_cat":[7497,18],"product_tag":[7570,234,1008,4482],"class_list":{"0":"post-17926","1":"product","2":"type-product","3":"status-publish","4":"has-post-thumbnail","6":"product_cat-ogolne-zagadnienia-prawa","7":"product_cat-prawo","8":"product_tag-erystyka","9":"product_tag-logika","10":"product_tag-prawo","11":"product_tag-retoryka","13":"first","14":"instock","15":"sale","16":"shipping-taxable","17":"purchasable","18":"product-type-simple"},"_links":{"self":[{"href":"http:\/\/ksiegarnia-akademicka.pl\/index.php\/wp-json\/wp\/v2\/product\/17926","targetHints":{"allow":["GET"]}}],"collection":[{"href":"http:\/\/ksiegarnia-akademicka.pl\/index.php\/wp-json\/wp\/v2\/product"}],"about":[{"href":"http:\/\/ksiegarnia-akademicka.pl\/index.php\/wp-json\/wp\/v2\/types\/product"}],"wp:featuredmedia":[{"embeddable":true,"href":"http:\/\/ksiegarnia-akademicka.pl\/index.php\/wp-json\/wp\/v2\/media\/17927"}],"wp:attachment":[{"href":"http:\/\/ksiegarnia-akademicka.pl\/index.php\/wp-json\/wp\/v2\/media?parent=17926"}],"wp:term":[{"taxonomy":"product_brand","embeddable":true,"href":"http:\/\/ksiegarnia-akademicka.pl\/index.php\/wp-json\/wp\/v2\/product_brand?post=17926"},{"taxonomy":"product_cat","embeddable":true,"href":"http:\/\/ksiegarnia-akademicka.pl\/index.php\/wp-json\/wp\/v2\/product_cat?post=17926"},{"taxonomy":"product_tag","embeddable":true,"href":"http:\/\/ksiegarnia-akademicka.pl\/index.php\/wp-json\/wp\/v2\/product_tag?post=17926"}],"curies":[{"name":"wp","href":"https:\/\/api.w.org\/{rel}","templated":true}]}}