{"id":17910,"date":"2024-04-03T09:35:13","date_gmt":"2024-04-03T07:35:13","guid":{"rendered":"http:\/\/ksiegarnia-akademicka.pl\/?post_type=product&#038;p=17910"},"modified":"2024-04-03T09:35:14","modified_gmt":"2024-04-03T07:35:14","slug":"kryzys-demokratyzmu","status":"publish","type":"product","link":"http:\/\/ksiegarnia-akademicka.pl\/index.php\/product\/kryzys-demokratyzmu\/","title":{"rendered":"Kryzys demokratyzmu"},"content":{"rendered":"<p>Autor:<br \/>\nWasiuty\u0144ski Bohdan<br \/>\nWydawca: O\u015brodek My\u015bli Politycznej<br \/>\nOprawa: Twarda<br \/>\nFormat: 13.0&#215;19.0cm<br \/>\nLiczba stron: 384<br \/>\nRok wydania: 2024<br \/>\nJ\u0119zyk wydania: polski<\/p>\n<p>Wyb\u00f3r pism publicysty i polityka narodowo-demokratycznego, analizuj\u0105cego m.in. wyzwania zwi\u0105zane z jednoczeniem Polski po okresie zabor\u00f3w, kryzys demokratyzmu pierwszych dekad XX w., zagro\u017cenie bolszewickie, zagadnienia ustrojowe i problemy z praworz\u0105dno\u015bci\u0105 w II RP oraz post\u0119puj\u0105c\u0105 w niej radykalizacj\u0119 nastroj\u00f3w spo\u0142ecznych i politycznych.<\/p>\n","protected":false},"excerpt":{"rendered":"<p>Autor: Wasiuty\u0144ski Bohdan Wydawca: O\u015brodek My\u015bli Politycznej Oprawa: Twarda Format: [&hellip;]<\/p>\n","protected":false},"featured_media":17911,"template":"","meta":[],"product_brand":[],"product_cat":[27,7507],"product_tag":[886,74,495],"class_list":{"0":"post-17910","1":"product","2":"type-product","3":"status-publish","4":"has-post-thumbnail","6":"product_cat-nauki-spoleczne","7":"product_cat-politologia","8":"product_tag-demokracja","9":"product_tag-politologia","10":"product_tag-polityka","12":"first","13":"instock","14":"sale","15":"shipping-taxable","16":"purchasable","17":"product-type-simple"},"_links":{"self":[{"href":"http:\/\/ksiegarnia-akademicka.pl\/index.php\/wp-json\/wp\/v2\/product\/17910","targetHints":{"allow":["GET"]}}],"collection":[{"href":"http:\/\/ksiegarnia-akademicka.pl\/index.php\/wp-json\/wp\/v2\/product"}],"about":[{"href":"http:\/\/ksiegarnia-akademicka.pl\/index.php\/wp-json\/wp\/v2\/types\/product"}],"wp:featuredmedia":[{"embeddable":true,"href":"http:\/\/ksiegarnia-akademicka.pl\/index.php\/wp-json\/wp\/v2\/media\/17911"}],"wp:attachment":[{"href":"http:\/\/ksiegarnia-akademicka.pl\/index.php\/wp-json\/wp\/v2\/media?parent=17910"}],"wp:term":[{"taxonomy":"product_brand","embeddable":true,"href":"http:\/\/ksiegarnia-akademicka.pl\/index.php\/wp-json\/wp\/v2\/product_brand?post=17910"},{"taxonomy":"product_cat","embeddable":true,"href":"http:\/\/ksiegarnia-akademicka.pl\/index.php\/wp-json\/wp\/v2\/product_cat?post=17910"},{"taxonomy":"product_tag","embeddable":true,"href":"http:\/\/ksiegarnia-akademicka.pl\/index.php\/wp-json\/wp\/v2\/product_tag?post=17910"}],"curies":[{"name":"wp","href":"https:\/\/api.w.org\/{rel}","templated":true}]}}