{"id":17906,"date":"2024-04-03T09:29:03","date_gmt":"2024-04-03T07:29:03","guid":{"rendered":"http:\/\/ksiegarnia-akademicka.pl\/?post_type=product&#038;p=17906"},"modified":"2024-04-03T09:29:04","modified_gmt":"2024-04-03T07:29:04","slug":"chemia-analityczna-z-elementami-bioanalizy-skrypt-z-cwiczen-laboratoryjnych-dla-studentow-kierunku-chemia-medyczna","status":"publish","type":"product","link":"http:\/\/ksiegarnia-akademicka.pl\/index.php\/product\/chemia-analityczna-z-elementami-bioanalizy-skrypt-z-cwiczen-laboratoryjnych-dla-studentow-kierunku-chemia-medyczna\/","title":{"rendered":"Chemia analityczna z elementami bioanalizy Skrypt z \u0107wicze\u0144 laboratoryjnych dla student\u00f3w kierunku chemia medyczna"},"content":{"rendered":"<p>Redakcja: Herman Ma\u0142gorzata, Madej Katarzyna, Kochana Jolanta<br \/>\nWydawca: Wydawnictwo Uniwersytetu Jagiello\u0144skiego<br \/>\nOprawa: Mi\u0119kka<br \/>\nFormat: 17.0&#215;24.0cm<br \/>\nLiczba stron: 108<br \/>\nRok wydania: 2022<br \/>\nJ\u0119zyk wydania: polski<\/p>\n<p>\u201eJestem przekonany, \u017ce przyst\u0119pna i ciekawa tre\u015b\u0107 skryptu w po\u0142\u0105czeniu ze stosunkowo niewielk\u0105 jego obj\u0119to\u015bci\u0105 b\u0119d\u0105 zach\u0119ca\u0107 student\u00f3w do dok\u0142adnego zapoznania si\u0119 z przedstawionym materia\u0142em, pozwalaj\u0105c studentom na \u0142atwe wnikni\u0119cie w sekrety chemii analitycznej i wyzwalaj\u0105c w nich ju\u017c na pocz\u0105tku nauki zainteresowanie nie tylko t\u0105, ale te\u017c po\u015brednio innymi dyscyplinami chemicznymi\u201d.<br \/>\nProf. dr hab. Pawe\u0142 Ko\u015bcielniak<\/p>\n<p>\u201eSkrypt ten stanowi niew\u0105tpliwie warto\u015bciow\u0105 pomoc dydaktyczn\u0105 niezb\u0119dn\u0105 Studentowi do przygotowania si\u0119 do zaj\u0119\u0107 laboratoryjnych i poprawnego wykonania \u0107wicze\u0144. Ponadto formu\u0142a skryptu i tre\u015bci w nim zawarte pozwalaj\u0105 czytelnikowi na opanowanie podstawowych poj\u0119\u0107 i zagadnie\u0144 z zakresu chemii analitycznej, co gwarantuje sprawne poruszanie si\u0119 w tym obszarze chemii na dalszych etapach kszta\u0142cenia.\u201d<br \/>\nDr hab. Katarzyna H\u0105c-Wydro<\/p>\n","protected":false},"excerpt":{"rendered":"<p>Redakcja: Herman Ma\u0142gorzata, Madej Katarzyna, Kochana Jolanta Wydawca: Wydawnictwo Uniwersytetu [&hellip;]<\/p>\n","protected":false},"featured_media":17907,"template":"","meta":[],"product_brand":[],"product_cat":[42],"product_tag":[1323,8284],"class_list":{"0":"post-17906","1":"product","2":"type-product","3":"status-publish","4":"has-post-thumbnail","6":"product_cat-chemia","7":"product_tag-chemia","8":"product_tag-chemia-medyczna","10":"first","11":"instock","12":"sale","13":"shipping-taxable","14":"purchasable","15":"product-type-simple"},"_links":{"self":[{"href":"http:\/\/ksiegarnia-akademicka.pl\/index.php\/wp-json\/wp\/v2\/product\/17906","targetHints":{"allow":["GET"]}}],"collection":[{"href":"http:\/\/ksiegarnia-akademicka.pl\/index.php\/wp-json\/wp\/v2\/product"}],"about":[{"href":"http:\/\/ksiegarnia-akademicka.pl\/index.php\/wp-json\/wp\/v2\/types\/product"}],"wp:featuredmedia":[{"embeddable":true,"href":"http:\/\/ksiegarnia-akademicka.pl\/index.php\/wp-json\/wp\/v2\/media\/17907"}],"wp:attachment":[{"href":"http:\/\/ksiegarnia-akademicka.pl\/index.php\/wp-json\/wp\/v2\/media?parent=17906"}],"wp:term":[{"taxonomy":"product_brand","embeddable":true,"href":"http:\/\/ksiegarnia-akademicka.pl\/index.php\/wp-json\/wp\/v2\/product_brand?post=17906"},{"taxonomy":"product_cat","embeddable":true,"href":"http:\/\/ksiegarnia-akademicka.pl\/index.php\/wp-json\/wp\/v2\/product_cat?post=17906"},{"taxonomy":"product_tag","embeddable":true,"href":"http:\/\/ksiegarnia-akademicka.pl\/index.php\/wp-json\/wp\/v2\/product_tag?post=17906"}],"curies":[{"name":"wp","href":"https:\/\/api.w.org\/{rel}","templated":true}]}}