{"id":17898,"date":"2024-04-03T09:15:42","date_gmt":"2024-04-03T07:15:42","guid":{"rendered":"http:\/\/ksiegarnia-akademicka.pl\/?post_type=product&#038;p=17898"},"modified":"2024-04-03T09:15:43","modified_gmt":"2024-04-03T07:15:43","slug":"planowanie-i-zagospodarowanie-przestrzenne-komentarz-5","status":"publish","type":"product","link":"http:\/\/ksiegarnia-akademicka.pl\/index.php\/product\/planowanie-i-zagospodarowanie-przestrzenne-komentarz-5\/","title":{"rendered":"Planowanie i zagospodarowanie przestrzenne Komentarz"},"content":{"rendered":"<p>Autor:<br \/>\nMiros\u0142aw Wincenciak<br \/>\nKamil Buli\u0144ski<br \/>\nArkadiusz Despot-M\u0142adanowicz<br \/>\nMariusz Rypina<br \/>\nRedakcja: Filipowicz Tomasz, Pluci\u0144ska-Filipowicz Alicja, Wierzbowski Marek<br \/>\nWydawca: Wolters Kluwer<br \/>\nOprawa: Twarda<br \/>\nLiczba stron: 892<br \/>\nWydanie: 4<br \/>\nRok wydania: 2024<br \/>\nJ\u0119zyk wydania: polski<\/p>\n<p>W komentarzu szczeg\u00f3\u0142owo om\u00f3wiono przepisy reguluj\u0105ce zasady kszta\u0142towania polityki przestrzennej przez jednostki samorz\u0105du terytorialnego i organy administracji rz\u0105dowej. Zaprezentowano tak\u017ce zakres i sposoby post\u0119powania w sprawach przeznaczania teren\u00f3w na okre\u015blone cele oraz ustalania zasad ich zagospodarowania i zabudowy.<\/p>\n<p>Autorzy uwzgl\u0119dnili wszystkie zmiany komentowanej ustawy, w szczeg\u00f3lno\u015bci ustaw\u0119 zmieniaj\u0105c\u0105 z 7 lipca 2023 r., kt\u00f3ra wprowadzi\u0142a do systemu planowania przestrzennego w Polsce nowe instytucje prawne, za najwa\u017cniejsze z nich mo\u017cna uzna\u0107:<br \/>\n\u2022 plan og\u00f3lny, czyli nowy akt planowania przestrzennego zast\u0119puj\u0105cy studium uwarunkowa\u0144 i kierunk\u00f3w zagospodarowania przestrzennego gminy,<br \/>\n\u2022 zintegrowany plan inwestycyjny,<br \/>\n\u2022 Rejestr Urbanistyczny.<\/p>\n<p>Interpretacje poszczeg\u00f3lnych przepis\u00f3w zosta\u0142y oparte na orzecznictwie Naczelnego S\u0105du Administracyjnego, wojew\u00f3dzkich s\u0105d\u00f3w administracyjnych i S\u0105du Najwy\u017cszego, z powo\u0142aniem najistotniejszych pogl\u0105d\u00f3w doktryny. Zwr\u00f3cono tak\u017ce uwag\u0119 na wymagania towarzysz\u0105ce procesom planistycznym z zakresu innych dziedzin prawa.<\/p>\n<p>Opracowanie przygotowane przez s\u0119dzi\u00f3w s\u0105d\u00f3w administracyjnych, adwokat\u00f3w, radc\u00f3w prawnych i pracownik\u00f3w naukowych b\u0119dzie pomocne urbanistom, geodetom, prawnikom praktykom i studentom wydzia\u0142\u00f3w prawa i kierunk\u00f3w technicznych.<\/p>\n<p>Publikacja jest przeznaczona tak\u017ce dla pracownik\u00f3w samorz\u0105dowych na co dzie\u0144 zajmuj\u0105cych si\u0119 planowaniem i zagospodarowaniem przestrzennym, a tak\u017ce przedsi\u0119biorc\u00f3w, kt\u00f3rzy znajd\u0105 w niej cenne wskaz\u00f3wki m.in. w zakresie skutecznego ubiegania si\u0119 o wydanie decyzji o warunkach zabudowy i zagospodarowania terenu, r\u00f3wnie\u017c w przypadku ustalenia lokalizacji inwestycji celu publicznego czy te\u017c mo\u017cliwo\u015bci skorzystania z procedury zintegrowanego planu inwestycyjnego.<\/p>\n","protected":false},"excerpt":{"rendered":"<p>Autor: Miros\u0142aw Wincenciak Kamil Buli\u0144ski Arkadiusz Despot-M\u0142adanowicz Mariusz Rypina Redakcja: [&hellip;]<\/p>\n","protected":false},"featured_media":17899,"template":"","meta":[],"product_brand":[],"product_cat":[7492,18],"product_tag":[4267,4625],"class_list":{"0":"post-17898","1":"product","2":"type-product","3":"status-publish","4":"has-post-thumbnail","6":"product_cat-administracyjne","7":"product_cat-prawo","8":"product_tag-planowanie-i-zagospodarowanie-przestrzenne","9":"product_tag-seria-komentarze","11":"first","12":"instock","13":"sale","14":"shipping-taxable","15":"purchasable","16":"product-type-simple"},"_links":{"self":[{"href":"http:\/\/ksiegarnia-akademicka.pl\/index.php\/wp-json\/wp\/v2\/product\/17898","targetHints":{"allow":["GET"]}}],"collection":[{"href":"http:\/\/ksiegarnia-akademicka.pl\/index.php\/wp-json\/wp\/v2\/product"}],"about":[{"href":"http:\/\/ksiegarnia-akademicka.pl\/index.php\/wp-json\/wp\/v2\/types\/product"}],"wp:featuredmedia":[{"embeddable":true,"href":"http:\/\/ksiegarnia-akademicka.pl\/index.php\/wp-json\/wp\/v2\/media\/17899"}],"wp:attachment":[{"href":"http:\/\/ksiegarnia-akademicka.pl\/index.php\/wp-json\/wp\/v2\/media?parent=17898"}],"wp:term":[{"taxonomy":"product_brand","embeddable":true,"href":"http:\/\/ksiegarnia-akademicka.pl\/index.php\/wp-json\/wp\/v2\/product_brand?post=17898"},{"taxonomy":"product_cat","embeddable":true,"href":"http:\/\/ksiegarnia-akademicka.pl\/index.php\/wp-json\/wp\/v2\/product_cat?post=17898"},{"taxonomy":"product_tag","embeddable":true,"href":"http:\/\/ksiegarnia-akademicka.pl\/index.php\/wp-json\/wp\/v2\/product_tag?post=17898"}],"curies":[{"name":"wp","href":"https:\/\/api.w.org\/{rel}","templated":true}]}}