{"id":1788,"date":"2018-05-22T12:44:26","date_gmt":"2018-05-22T10:44:26","guid":{"rendered":"http:\/\/ksiegarnia-akademicka.pl\/index.php\/product\/prawo-energetyczne-komentarz-2\/"},"modified":"2018-07-05T13:10:28","modified_gmt":"2018-07-05T11:10:28","slug":"prawo-energetyczne-komentarz-2","status":"publish","type":"product","link":"http:\/\/ksiegarnia-akademicka.pl\/index.php\/product\/prawo-energetyczne-komentarz-2\/","title":{"rendered":"Prawo energetyczne. Komentarz"},"content":{"rendered":"<p>Kuli\u0144ski Micha\u0142<br \/>\nWydawca: C.H. Beck<br \/>\nOprawa: Mi\u0119kka<br \/>\nFormat: 16.0&#215;23.0cm<br \/>\nLiczba stron: 890<br \/>\nRok wydania: 2017<\/p>\n<p>Regulacje ustawy \u2013 Prawo energetyczne kt\u00f3rej komentarz oddajemy do Pa\u0144stwa dyspozycji maj\u0105 znaczenie dla wszystkich prowadz\u0105cych dzia\u0142alno\u015b\u0107 gospodarcz\u0105 i ka\u017cdego gospodarstwa domowego.<\/p>\n<p>Ustawa Prawo energetyczne \u0142\u0105czy regulacje typowe dla prawa administracyjnego gdzie pa\u0144stwo w ramach swoich w\u0142adczych uprawnie\u0144 narzuca obowi\u0105zuj\u0105ce rozwi\u0105zania z elementami prawa cywilnego gdzie dominuje zasada swobody um\u00f3w. Te dwa systemy przenikaj\u0105 si\u0119 przez ca\u0142\u0105 ustaw\u0119. Bardzo cz\u0119sto dopiero zestawienie norm zawartych w r\u00f3\u017cnych artyku\u0142ach pozwala odpowiednio zrozumie\u0107 sens i istot\u0119 danej regulacji. Wymaga to szczeg\u00f3lnej uwagi i precyzji przy komentowaniu poszczeg\u00f3lnych przepis\u00f3w.<\/p>\n<p>Najwa\u017cniejsze atuty komentarza to:<\/p>\n<p>Ksi\u0105\u017cka uwzgl\u0119dnia stan prawny na czerwiec 2017 r. Ustawa Prawo energetyczne jest bardzo cz\u0119sto zmieniana, a nawet pozornie niewielkie zmiany w przepisach mog\u0105 mie\u0107 powa\u017cne konsekwencje.<br \/>\nUwzgl\u0119dniono nowo\u015b\u0107 jak\u0105 jest rezygnacja z regulowania cen gazu ziemnego poprzez wprowadzenie do ustawy \u2013 Prawo energetyczne przepisu przewiduj\u0105cego zwolnienie przedsi\u0119biorstw energetycznych posiadaj\u0105cych koncesj\u0119 na obr\u00f3t paliwami gazowymi lub koncesj\u0119 na obr\u00f3t gazem ziemnym z zagranic\u0105 i prowadz\u0105cych dzia\u0142alno\u015b\u0107 gospodarcz\u0105 w zakresie sprzeda\u017cy paliw gazowych z obowi\u0105zku przedk\u0142adania taryfy do zatwierdzenia przez Prezesa URE<br \/>\nwskazano zwi\u0119kszone obowi\u0105zki sprawozdawcze przedsi\u0119biorstw energetycznych oraz podmiot\u00f3w przywo\u017c\u0105cych paliwa ciek\u0142e do Polski<br \/>\nom\u00f3wiono rozszerzony obowi\u0105zek utrzymywania zapas\u00f3w obowi\u0105zkowych gazu ziemnego om\u00f3wiono nowe formy prawne realizacji tego obowi\u0105zku<br \/>\nkomentarz uwzgl\u0119dnia zmiany wynikaj\u0105ce z wej\u015bcia w \u017cycie nowej uchwalonej 20 maja 2016 r. ustawy o efektywno\u015bci energetycznej.<br \/>\nKomentarz prezentuje analiz\u0119 i praktyczne podej\u015bcie do nowych rozwi\u0105za\u0144 i obowi\u0105zk\u00f3w, kt\u00f3re przynios\u0142y ostatnie reformy Prawa energetycznego<br \/>\nZesp\u00f3\u0142 autor\u00f3w \u2013 prawnik\u00f3w praktyk\u00f3w, pozwoli\u0142 na wykorzystanie sumy r\u00f3\u017cnych do\u015bwiadcze\u0144 w stosowaniu Prawa energetycznego.<\/p>\n","protected":false},"excerpt":{"rendered":"<p>Kuli\u0144ski Micha\u0142 Wydawca: C.H. Beck Oprawa: Mi\u0119kka Format: 16.0&#215;23.0cm Liczba [&hellip;]<\/p>\n","protected":false},"featured_media":7496,"template":"","meta":[],"product_brand":[],"product_cat":[7495,18],"product_tag":[487,1068],"class_list":{"0":"post-1788","1":"product","2":"type-product","3":"status-publish","4":"has-post-thumbnail","6":"product_cat-gospodarcze-i-handlowe","7":"product_cat-prawo","8":"product_tag-komentarze","9":"product_tag-prawo-energetyczne","11":"first","12":"instock","13":"sale","14":"shipping-taxable","15":"purchasable","16":"product-type-simple"},"_links":{"self":[{"href":"http:\/\/ksiegarnia-akademicka.pl\/index.php\/wp-json\/wp\/v2\/product\/1788","targetHints":{"allow":["GET"]}}],"collection":[{"href":"http:\/\/ksiegarnia-akademicka.pl\/index.php\/wp-json\/wp\/v2\/product"}],"about":[{"href":"http:\/\/ksiegarnia-akademicka.pl\/index.php\/wp-json\/wp\/v2\/types\/product"}],"wp:featuredmedia":[{"embeddable":true,"href":"http:\/\/ksiegarnia-akademicka.pl\/index.php\/wp-json\/wp\/v2\/media\/7496"}],"wp:attachment":[{"href":"http:\/\/ksiegarnia-akademicka.pl\/index.php\/wp-json\/wp\/v2\/media?parent=1788"}],"wp:term":[{"taxonomy":"product_brand","embeddable":true,"href":"http:\/\/ksiegarnia-akademicka.pl\/index.php\/wp-json\/wp\/v2\/product_brand?post=1788"},{"taxonomy":"product_cat","embeddable":true,"href":"http:\/\/ksiegarnia-akademicka.pl\/index.php\/wp-json\/wp\/v2\/product_cat?post=1788"},{"taxonomy":"product_tag","embeddable":true,"href":"http:\/\/ksiegarnia-akademicka.pl\/index.php\/wp-json\/wp\/v2\/product_tag?post=1788"}],"curies":[{"name":"wp","href":"https:\/\/api.w.org\/{rel}","templated":true}]}}