{"id":17864,"date":"2024-03-28T09:56:38","date_gmt":"2024-03-28T08:56:38","guid":{"rendered":"http:\/\/ksiegarnia-akademicka.pl\/?post_type=product&#038;p=17864"},"modified":"2024-12-05T09:33:36","modified_gmt":"2024-12-05T08:33:36","slug":"algorytmy-postepowania-w-praktyce-pediatrycznej","status":"publish","type":"product","link":"http:\/\/ksiegarnia-akademicka.pl\/index.php\/product\/algorytmy-postepowania-w-praktyce-pediatrycznej\/","title":{"rendered":"Algorytmy post\u0119powania w praktyce pediatrycznej"},"content":{"rendered":"<p>Autor:<br \/>\nTkaczyk Marcin<br \/>\nWydawca: Medical Tribune<br \/>\nOprawa: Mi\u0119kka<br \/>\nFormat: 23.0&#215;16.0cm<br \/>\nLiczba stron: 336<br \/>\nRok wydania: 2024<br \/>\nJ\u0119zyk wydania: polski<\/p>\n<p>Spis Tre\u015bci:<\/p>\n<p>Noworodek<br \/>\nZaburzenia karmienia \u2013 Leokadia B\u0105k-Romaniszyn<br \/>\nKolka \u2013 Leokadia B\u0105k-Romaniszyn<br \/>\nDyschezja \u2013 Leokadia B\u0105k-Romaniszyn<br \/>\nUlewanie \u2013 Leokadia B\u0105k-Romaniszyn<br \/>\nStany podgor\u0105czkowe \u2013 El\u017cbieta Smolewska<\/p>\n<p>Uk\u0142ad pokarmowy<br \/>\nPodejrzenie nietolerancji i alergii pokarmowej \u2013 Agnieszka Blomberg<br \/>\nNawrotowy b\u00f3l brzucha \u2013 Leokadia B\u0105k-Romaniszyn<br \/>\nWymioty \u2013 Leokadia B\u0105k-Romaniszyn<br \/>\nZaparcia \u2013 Leokadia B\u0105k-Romaniszyn<br \/>\nBiegunka \u2013 Leokadia B\u0105k-Romaniszyn<br \/>\nNadwaga lub oty\u0142o\u015b\u0107 \u2013 Renata Stawerska<br \/>\nObjawy alarmowe \u2013 Leokadia B\u0105k-Romaniszyn<\/p>\n<p>Uk\u0142ad oddechowy<br \/>\nDuszno\u015b\u0107 \u2013 Agnieszka Blomberg<br \/>\nKaszel przewlek\u0142y \u2013 Agnieszka Blomberg<br \/>\nKatar przewlek\u0142y \u2013 Agnieszka Blomberg<br \/>\nNieprawid\u0142owe enzymy w\u0105trobowe \u2013 Ewa Majda-Stanis\u0142awska<br \/>\nUk\u0142ucie przez kleszcza \u2013 Ewa Majda-Stanis\u0142awska<\/p>\n<p>Uk\u0142ad kr\u0105\u017cenia<br \/>\nOmdlenia \u2013 Zbigniew Krenc<br \/>\nTachykardia \u2013 Zbigniew Krenc<br \/>\nOs\u0142abienie \u2013 Zbigniew Krenc<br \/>\nB\u00f3l w klatce piersiowej \u2013 Zbigniew Krenc<br \/>\nWysokie ci\u015bnienie w pojedynczych pomiarach \u2013 Marcin Tkaczyk?<\/p>\n<p>Uk\u0142ad krwiotw\u00f3rczy<br \/>\nLeukopenia \u2013 Ma\u0142gorzata Zubowska<br \/>\nLeukocytoza \u2013 Ma\u0142gorzata Zubowska<br \/>\nNiedokrwisto\u015b\u0107 \u2013 Ma\u0142gorzata Zubowska<br \/>\nMa\u0142op\u0142ytkowo\u015b\u0107 \u2013 Ma\u0142gorzata Zubowska<br \/>\nNadp\u0142ytkowo\u015b\u0107 \u2013 Ma\u0142gorzata Zubowska<br \/>\nWybroczyny \u2013 Ma\u0142gorzata Zubowska<\/p>\n<p>Uk\u0142ad nerwowy<br \/>\nRozw\u00f3j nieadekwatny do wieku \u2013 Ilona Kopyta<br \/>\nB\u00f3le g\u0142owy \u2013 Ilona Kopyta<br \/>\nB\u00f3le mi\u0119\u015bniowe \u2013 Ilona Kopyta<br \/>\nHipotonia \u2013 Ilona Kopyta<br \/>\nIncydenty utraty \u015bwiadomo\u015bci \u2013 Ilona Kopyta<br \/>\nB\u00f3le okolicy l\u0119d\u017awiowej \u2013 Marcin Tkaczyk<\/p>\n<p>Uk\u0142ad moczowy<br \/>\nZUM \u2013 Marcin Tkaczyk<br \/>\nBia\u0142komocz \u2013 Marcin Tkaczyk<br \/>\nKrwinkomocz\u2013 Marcin Tkaczyk<\/p>\n<p>Gruczo\u0142y wydzielania wewn\u0119trznego<br \/>\nNiski wzrost \u2013 Renata Stawerska<br \/>\nNadmierny wzrost \u2013 Renata Stawerska<br \/>\nOp\u00f3\u017anione dojrzewanie p\u0142ciowe \u2013 Renata Stawerska<br \/>\nPrzedwczesne dojrzewanie p\u0142ciowe \u2013 Renata Stawerska<br \/>\nGuzek w tarczycy \u2013 Renata Stawerska<br \/>\nNadczynno\u015b\u0107 tarczycy \u2013 Renata Stawerska<br \/>\nNiedoczynno\u015b\u0107 tarczycy \u2013 Renata Stawerska<\/p>\n<p>Sk\u00f3ra<br \/>\nAZS \u2013 Joanna Narbutt<br \/>\n\u0141uszczyca \u2013 Joanna Narbutt<br \/>\nPokrzywka \u2013 Joanna Narbutt<\/p>\n<p>Uk\u0142ad kostno-stawowy<br \/>\nB\u00f3le staw\u00f3w \u2013 El\u017cbieta Smolewska<\/p>\n<p>Skolioza idiopatyczna i wadliwa postawa \u2013 Marcin Tyrakowski<br \/>\nStopa p\u0142aska i p\u0142asko-ko\u015blawa \u2013 Marcin Tyrakowski<br \/>\nZaburzenia osi ko\u0144czyn dolnych \u2013 Marcin Tyrakowski<\/p>\n<p>Narz\u0105dy zmys\u0142\u00f3w<br \/>\nZez, oczopl\u0105s, wada wzroku \u2013 Ewa Oleszczy\u0144ska-Prost<br \/>\nChoroby oczu \u2013 Marek Prost<br \/>\nZapalenie ucha \u2013 Krzysztof Trzci\u0144ski<\/p>\n<p>Psychiatria<br \/>\nL\u0119k \u2013 Iwona Makowska<br \/>\nObni\u017cenie nastroju \u2013 Iwona Makowska<br \/>\nPobudzenie \u2013 Iwona Makowska<br \/>\nSamookaleczenia \u2013 Iwona Makowska<br \/>\nSomatyzacja \u2013 Marzena Wosik-Erenbek<br \/>\nPodejrzenie przemocy wobec dziecka \u2013 Marzena Wosik-Erenbek<\/p>\n","protected":false},"excerpt":{"rendered":"<p>Autor: Tkaczyk Marcin Wydawca: Medical Tribune Oprawa: Mi\u0119kka Format: 23.0&#215;16.0cm [&hellip;]<\/p>\n","protected":false},"featured_media":17865,"template":"","meta":[],"product_brand":[],"product_cat":[7493,8067],"product_tag":[3074],"class_list":{"0":"post-17864","1":"product","2":"type-product","3":"status-publish","4":"has-post-thumbnail","6":"product_cat-medycyna","7":"product_cat-pediatria","8":"product_tag-pediatria","10":"first","11":"instock","12":"sale","13":"shipping-taxable","14":"purchasable","15":"product-type-simple"},"_links":{"self":[{"href":"http:\/\/ksiegarnia-akademicka.pl\/index.php\/wp-json\/wp\/v2\/product\/17864","targetHints":{"allow":["GET"]}}],"collection":[{"href":"http:\/\/ksiegarnia-akademicka.pl\/index.php\/wp-json\/wp\/v2\/product"}],"about":[{"href":"http:\/\/ksiegarnia-akademicka.pl\/index.php\/wp-json\/wp\/v2\/types\/product"}],"wp:featuredmedia":[{"embeddable":true,"href":"http:\/\/ksiegarnia-akademicka.pl\/index.php\/wp-json\/wp\/v2\/media\/17865"}],"wp:attachment":[{"href":"http:\/\/ksiegarnia-akademicka.pl\/index.php\/wp-json\/wp\/v2\/media?parent=17864"}],"wp:term":[{"taxonomy":"product_brand","embeddable":true,"href":"http:\/\/ksiegarnia-akademicka.pl\/index.php\/wp-json\/wp\/v2\/product_brand?post=17864"},{"taxonomy":"product_cat","embeddable":true,"href":"http:\/\/ksiegarnia-akademicka.pl\/index.php\/wp-json\/wp\/v2\/product_cat?post=17864"},{"taxonomy":"product_tag","embeddable":true,"href":"http:\/\/ksiegarnia-akademicka.pl\/index.php\/wp-json\/wp\/v2\/product_tag?post=17864"}],"curies":[{"name":"wp","href":"https:\/\/api.w.org\/{rel}","templated":true}]}}