{"id":17801,"date":"2024-03-19T13:00:32","date_gmt":"2024-03-19T12:00:32","guid":{"rendered":"http:\/\/ksiegarnia-akademicka.pl\/?post_type=product&#038;p=17801"},"modified":"2024-03-19T13:00:32","modified_gmt":"2024-03-19T12:00:32","slug":"podrecznik-radiologii","status":"publish","type":"product","link":"http:\/\/ksiegarnia-akademicka.pl\/index.php\/product\/podrecznik-radiologii\/","title":{"rendered":"Podr\u0119cznik radiologii"},"content":{"rendered":"<p>Autor:<br \/>\nW. Herring<br \/>\nWydawca: Edra Urban &amp; Partner<br \/>\nOprawa: Mi\u0119kka<br \/>\nFormat: 21.0&#215;27.0cm<br \/>\nLiczba stron: 344<br \/>\nWydanie: 4<br \/>\nRok wydania: 2021<br \/>\nJ\u0119zyk wydania: polski<\/p>\n<p>Zanim b\u0119dziesz m\u00f3g\u0142 zacz\u0105\u0107 wykorzystywa\u0107 diagnostyk\u0119 obrazow\u0105 jako narz\u0119dzie w rozpoznawaniu choroby Twojego pacjenta, musisz wcze\u015bniej posi\u0105\u015b\u0107 zdolno\u015b\u0107 odr\u00f3\u017cniania obrazu prawid\u0142owego od nieprawid\u0142owego. To wcale nie jest takie proste, jak mo\u017ce si\u0119 wydawa\u0107 i wymaga cz\u0119sto wielkiego do\u015bwiadczenia, do zdobycia kt\u00f3rego radiolodzy po\u015bwi\u0119caj\u0105 ca\u0142e swoje \u017cycie zawodowe.<br \/>\nPrzeczytanie tej ksi\u0105\u017cki nie sprawi, \u017ce staniesz si\u0119 radiologiem, lecz u\u0142atwi Ci nauk\u0119 rozpoznawania nieprawid\u0142owo\u015bci i interpretowania obraz\u00f3w radiologicznych. Dzi\u0119ki temu, by\u0107 mo\u017ce, zdob\u0119dziesz wi\u0119ksz\u0105 pewno\u015b\u0107 siebie w pracy z pacjentami.<br \/>\nPodr\u0119cznik zosta\u0142 skonstruowany w taki spos\u00f3b, \u017ce podczas lektury poszczeg\u00f3lnych rozdzia\u0142\u00f3w nauczysz si\u0119, jak rozpozna\u0107 prawid\u0142owe objawy. B\u0119dziesz umia\u0142 odr\u00f3\u017cni\u0107 fa\u0142d sk\u00f3rny od odmy op\u0142ucnowej, dowiesz si\u0119 tak\u017ce, jak stwierdzi\u0107, czy to zamazane, bia\u0142awe \u201eco\u015b\u201d u podstawy p\u0142uca to objaw zapalenia p\u0142uc, czy te\u017c pacjent po prostu nie zaczerpn\u0105\u0142 odpowiednio g\u0142\u0119boko powietrza.<\/p>\n<p>W nowym wydaniu:<br \/>\n\u2022 dodatkowe rozdzia\u0142y po\u015bwi\u0119cone ultrasonografii naczyniowej, pediatrycznej i przy\u0142\u00f3\u017ckowej; interwencjom wspomaganym obrazem w diagnostyce i leczeniu (radiologia interwencyjna); diagnostyce obrazowej chor\u00f3b piersi<br \/>\n\u2022 materia\u0142y online zawieraj\u0105ce 30 film\u00f3w oraz Dodatki (Dodatek D \u2013 ABC chor\u00f3b serca,<br \/>\nDodatek E \u2013 Dawka promieniowania i bezpiecze\u0144stwo, Dodatek F \u2013 Co zleca\u0107 i kiedy,<br \/>\nDodatek G \u2013 Glosariusze terminologii og\u00f3lnej i terminologii obrazowania przewodu pokarmowego)<\/p>\n<p>Naucz si\u0119 podstaw i nabierz pewno\u015bci w interpretowaniu wynik\u00f3w bada\u0144 obrazowych!<\/p>\n","protected":false},"excerpt":{"rendered":"<p>Autor: W. Herring Wydawca: Edra Urban &amp; Partner Oprawa: Mi\u0119kka [&hellip;]<\/p>\n","protected":false},"featured_media":17802,"template":"","meta":[],"product_brand":[],"product_cat":[7493],"product_tag":[3994,6872],"class_list":{"0":"post-17801","1":"product","2":"type-product","3":"status-publish","4":"has-post-thumbnail","6":"product_cat-medycyna","7":"product_tag-medycyna","8":"product_tag-radiologia","10":"first","11":"instock","12":"sale","13":"shipping-taxable","14":"purchasable","15":"product-type-simple"},"_links":{"self":[{"href":"http:\/\/ksiegarnia-akademicka.pl\/index.php\/wp-json\/wp\/v2\/product\/17801","targetHints":{"allow":["GET"]}}],"collection":[{"href":"http:\/\/ksiegarnia-akademicka.pl\/index.php\/wp-json\/wp\/v2\/product"}],"about":[{"href":"http:\/\/ksiegarnia-akademicka.pl\/index.php\/wp-json\/wp\/v2\/types\/product"}],"wp:featuredmedia":[{"embeddable":true,"href":"http:\/\/ksiegarnia-akademicka.pl\/index.php\/wp-json\/wp\/v2\/media\/17802"}],"wp:attachment":[{"href":"http:\/\/ksiegarnia-akademicka.pl\/index.php\/wp-json\/wp\/v2\/media?parent=17801"}],"wp:term":[{"taxonomy":"product_brand","embeddable":true,"href":"http:\/\/ksiegarnia-akademicka.pl\/index.php\/wp-json\/wp\/v2\/product_brand?post=17801"},{"taxonomy":"product_cat","embeddable":true,"href":"http:\/\/ksiegarnia-akademicka.pl\/index.php\/wp-json\/wp\/v2\/product_cat?post=17801"},{"taxonomy":"product_tag","embeddable":true,"href":"http:\/\/ksiegarnia-akademicka.pl\/index.php\/wp-json\/wp\/v2\/product_tag?post=17801"}],"curies":[{"name":"wp","href":"https:\/\/api.w.org\/{rel}","templated":true}]}}