{"id":17779,"date":"2024-03-18T13:16:25","date_gmt":"2024-03-18T12:16:25","guid":{"rendered":"http:\/\/ksiegarnia-akademicka.pl\/?post_type=product&#038;p=17779"},"modified":"2024-03-18T13:16:25","modified_gmt":"2024-03-18T12:16:25","slug":"psychiatria-interdyscyplinarna-przypadki-kliniczne","status":"publish","type":"product","link":"http:\/\/ksiegarnia-akademicka.pl\/index.php\/product\/psychiatria-interdyscyplinarna-przypadki-kliniczne\/","title":{"rendered":"Psychiatria interdyscyplinarna przypadki kliniczne"},"content":{"rendered":"<p>Autor:<br \/>\nMa\u0142gorzata Urban-Kowalczyk<br \/>\nWydawca: Medical Tribune<br \/>\nOprawa: Mi\u0119kka<br \/>\nLiczba stron: 312<br \/>\nRok wydania: 2024<br \/>\nJ\u0119zyk wydania: polski<\/p>\n<p>Spis Tre\u015bci:<\/p>\n<p>Zaburzenia funkcji poznawczych<br \/>\nPowik\u0142ania neuropsychiatryczne po samob\u00f3jczym zatruciu insulin\u0105 u pacjentki z psychoz\u0105<br \/>\nMagdalena Kasjaniuk<\/p>\n<p>Objawy psychopatologiczne u pacjenta po nag\u0142ym zatrzymaniu kr\u0105\u017cenia z licznymi jego powik\u0142aniami .<br \/>\nMarta Zaik-My\u015bli\u0144ska, Waldemar Macha\u0142a<\/p>\n<p>Szybka zmiana obrazu klinicznego zaburze\u0144 psychicznych u pacjenta z zapaleniem m\u00f3zgu<br \/>\nMarta Rechenek-Bia\u0142kowska, Ma\u0142gorzata Urban-Kowalczyk, Magdalena Stasiak<\/p>\n<p>Zesp\u00f3\u0142 ot\u0119pienny o bardzo szybkim przebiegu<br \/>\nMarta Zaik-My\u015bli\u0144ska<\/p>\n<p>Ostre zaburzenia funkcji poznawczych zwi\u0105zane z infekcj\u0105 COVID-19<br \/>\nMagdalena Kasjaniuk<br \/>\nZaburzenia psychotyczne<br \/>\nNietypowy obraz kliniczny i przebieg psychozy konwersyjnej<br \/>\nMagdalena Kasjaniuk<\/p>\n<p>Pierwszy epizod katatonii<br \/>\nAdam Wysoki\u0144ski<\/p>\n<p>Objawy psychotyczne przypominaj\u0105ce schizofreni\u0119 u pacjentki z chorob\u0105 Huntingtona<br \/>\nMagdalena Kasjaniuk, Ma\u0142gorzata Urban-Kowalczyk<\/p>\n<p>Nietypowa psychoza, kt\u00f3ra ujawni\u0142a si\u0119 w trakcie leczenia ci\u0119\u017ckiej nadczynno\u015bci tarczycy w przebiegu choroby Gravesa-Basedowa<br \/>\nMarta Zaik-My\u015bli\u0144ska, Magdalena Stasiak, Ma\u0142gorzata Urban-Kowalczyk<\/p>\n<p>Objawy psychiatryczne w przebiegu leczenia zaawansowanej choroby Parkinsona<br \/>\nAndrzej Bogucki, Marta Zaik-My\u015bli\u0144ska, Ma\u0142gorzata Urban-Kowalczyk, Agata Gajos<\/p>\n<p>Zaburzenia afektywne<br \/>\nLekooporna depresja u pacjenta z obturacyjnym bezdechem podczas snu<br \/>\nAnna Antosik-W\u00f3jci\u0144ska<\/p>\n<p>Nawracaj\u0105ca duszno\u015b\u0107 w przebiegu przewlek\u0142ej obturacyjnej choroby p\u0142uc<br \/>\nKatarzyna Kr\u00f3lak-Nowak, Damian Tworek<\/p>\n<p>Zaburzenia nastroju w przebiegu nadczynno\u015bci przytarczyc<br \/>\nMagdalena Stasiak<\/p>\n<p>Lekooporna depresja u pacjentki z pierwotnym rakiem w\u0105troby<br \/>\nMa\u0142gorzata Urban-Kowalczyk<\/p>\n<p>Zaburzenia l\u0119kowe i nerwicowe<br \/>\nZesp\u00f3\u0142 Gansera o nietypowym obrazie klinicznym<br \/>\nMarta Rechenek-Bia\u0142kowska, Ma\u0142gorzata Dzienniak, Ma\u0142gorzata Urban-Kowalczyk<\/p>\n<p>Zaburzenia psychiczne u pacjentki ze stwardnieniem guzowatym<br \/>\nMagdalena Kasjaniuk<\/p>\n<p>Przewlek\u0142a, oporna na leczenie dermatoza, o nieustalonej etiologii .<br \/>\nAnna Zalewska-Janowska, Dominik Strzelecki, Ma\u0142gorzata Urban-Kowalczyk<\/p>\n<p>Zaburzenia zachowania i zaburzenia \u015bwiadomo\u015bci<br \/>\nZaburzenia \u015bwiadomo\u015bci na\u0142o\u017cone na zesp\u00f3\u0142 ot\u0119pienny u pacjentki z chorob\u0105 nerek leczon\u0105 zachowawczo .<br \/>\nJoanna Wilimborek, Anna Zawiasa-Bryszewska, Ilona Kurnatowska<\/p>\n<p>Zaburzenia \u015bwiadomo\u015bci u chorego we wczesnym okresie po przeszczepieniu nerki .<br \/>\nAnna Zawiasa-Bryszewska, Joanna Wilimborek, Ilona Kurnatowska<\/p>\n<p>Objawy psychopatologiczne spowodowane zatruciem alfakalcydolem<br \/>\nMagdalena Stasiak<\/p>\n<p>Ostre powik\u0142ania neuropsychiatryczne u pacjentki uzale\u017cnionej od opiat\u00f3w i benzodiazepin<br \/>\nMarta Rechenek-Bia\u0142kowska<\/p>\n<p>Psychiatria dzieci i m\u0142odzie\u017cy<br \/>\nObjawy neurologiczne w prodromalnym okresie pierwszego epizodu psychotycznego<br \/>\nMa\u0142gorzata Janas-Kozik, Krzysztof Maria Wilczy\u0144ski<\/p>\n<p>Napady rzekomopadaczkowe czy narkolepsja?<br \/>\nMa\u0142gorzata Janas-Kozik, Krzysztof Maria Wilczy\u0144ski<\/p>\n<p>Przewlek\u0142y kaszel jako manifestacja zespo\u0142u Gilles\u2019a de la Tourette\u2019a .<br \/>\nMa\u0142gorzata Janas-Kozik, Krzysztof Maria Wilczy\u0144ski<\/p>\n<p>P\u00f3\u017ane objawy psychiatryczne PANDAS .<br \/>\nMarta Rechenek-Bia\u0142kowska<\/p>\n<p>Zaburzenia psychiczne zwi\u0105zane z okresem ci\u0105\u017cy i porodu<br \/>\nElektroterapia u pacjentki w ci\u0105\u017cy z depresj\u0105 psychotyczn\u0105 .<br \/>\nMagdalena Kasjaniuk, Ma\u0142gorzata Urban-Kowalczyk, Piotr Sieroszewski<\/p>\n<p>Leczenie depresji psychotycznej w przebiegu choroby afektywnej dwubiegunowej u pacjentki z ci\u0105\u017c\u0105 powik\u0142an\u0105<br \/>\nMarta Rechenek-Bia\u0142kowska, Ma\u0142gorzata Urban-Kowalczyk, Tomasz Rudecki, Piotr Sieroszewski<\/p>\n<p>Leczenie depresji psychotycznej i powik\u0142a\u0144 neuropsychiatrycznych u pacjentki po ci\u0119\u017ckiej pr\u00f3bie samob\u00f3jczej podj\u0119tej w zaawansowanej ci\u0105\u017cy<br \/>\nMa\u0142gorzata Urban-Kowalczyk, Waldemar Macha\u0142a<\/p>\n<p>Pierwszy epizod psychotyczny<br \/>\nRados\u0142aw Magierski<\/p>\n<p>Objawy dysmorfofobii jako pocz\u0105tkowa manifestacja pierwszego epizodu schizofrenii u pacjentki w ci\u0105\u017cy<br \/>\nMarta Zaik-My\u015bli\u0144ska<\/p>\n","protected":false},"excerpt":{"rendered":"<p>Autor: Ma\u0142gorzata Urban-Kowalczyk Wydawca: Medical Tribune Oprawa: Mi\u0119kka Liczba stron: [&hellip;]<\/p>\n","protected":false},"featured_media":17780,"template":"","meta":[],"product_brand":[],"product_cat":[27,7509],"product_tag":[1665,1186],"class_list":{"0":"post-17779","1":"product","2":"type-product","3":"status-publish","4":"has-post-thumbnail","6":"product_cat-nauki-spoleczne","7":"product_cat-psychologia","8":"product_tag-psychiatria","9":"product_tag-psychologia","11":"first","12":"instock","13":"sale","14":"shipping-taxable","15":"purchasable","16":"product-type-simple"},"_links":{"self":[{"href":"http:\/\/ksiegarnia-akademicka.pl\/index.php\/wp-json\/wp\/v2\/product\/17779","targetHints":{"allow":["GET"]}}],"collection":[{"href":"http:\/\/ksiegarnia-akademicka.pl\/index.php\/wp-json\/wp\/v2\/product"}],"about":[{"href":"http:\/\/ksiegarnia-akademicka.pl\/index.php\/wp-json\/wp\/v2\/types\/product"}],"wp:featuredmedia":[{"embeddable":true,"href":"http:\/\/ksiegarnia-akademicka.pl\/index.php\/wp-json\/wp\/v2\/media\/17780"}],"wp:attachment":[{"href":"http:\/\/ksiegarnia-akademicka.pl\/index.php\/wp-json\/wp\/v2\/media?parent=17779"}],"wp:term":[{"taxonomy":"product_brand","embeddable":true,"href":"http:\/\/ksiegarnia-akademicka.pl\/index.php\/wp-json\/wp\/v2\/product_brand?post=17779"},{"taxonomy":"product_cat","embeddable":true,"href":"http:\/\/ksiegarnia-akademicka.pl\/index.php\/wp-json\/wp\/v2\/product_cat?post=17779"},{"taxonomy":"product_tag","embeddable":true,"href":"http:\/\/ksiegarnia-akademicka.pl\/index.php\/wp-json\/wp\/v2\/product_tag?post=17779"}],"curies":[{"name":"wp","href":"https:\/\/api.w.org\/{rel}","templated":true}]}}