{"id":17768,"date":"2024-03-16T13:11:49","date_gmt":"2024-03-16T12:11:49","guid":{"rendered":"http:\/\/ksiegarnia-akademicka.pl\/?post_type=product&#038;p=17768"},"modified":"2024-03-16T13:11:49","modified_gmt":"2024-03-16T12:11:49","slug":"terapia-poznawcza-zaburzen-lekowych-praktyczny-podrecznik-i-przewodnik-po-teorii","status":"publish","type":"product","link":"http:\/\/ksiegarnia-akademicka.pl\/index.php\/product\/terapia-poznawcza-zaburzen-lekowych-praktyczny-podrecznik-i-przewodnik-po-teorii\/","title":{"rendered":"Terapia poznawcza zaburze\u0144 l\u0119kowych Praktyczny podr\u0119cznik i przewodnik po teorii"},"content":{"rendered":"<p>Nale\u017cy do serii:<br \/>\nPSYCHIATRIA<br \/>\nAutor:<br \/>\nAdrian Wells<br \/>\nT\u0142umacze: Andruszko Robert<br \/>\nWydawca: Wydawnictwo Uniwersytetu Jagiello\u0144skiego<br \/>\nOprawa: Mi\u0119kka<br \/>\nFormat: 15.4&#215;23.0cm<br \/>\nLiczba stron: 368<br \/>\nWydanie: 1<br \/>\nRok wydania: 2024<br \/>\nJ\u0119zyk wydania: polski<\/p>\n<p>Zwi\u0119z\u0142y i praktyczny podr\u0119cznik terapii poznawczej przeznaczony zar\u00f3wno dla do\u015bwiadczonych psychoterapeut\u00f3w, jak i dla tych, kt\u00f3rzy stawiaj\u0105 w tej dziedzinie dopiero pierwsze kroki. Czytelnik znajdzie w nim:<\/p>\n<p>* szczeg\u00f3\u0142owe om\u00f3wienie poznawczych modeli zaburze\u0144 l\u0119kowych, w\u0142\u0105cznie z ich nowymi kierunkami rozwoju<br \/>\n* najnowsze zastosowania terapii poznawczej<br \/>\n* przyk\u0142ady kliniczne pokazuj\u0105ce zastosowanie technik terapeutycznych w prawdziwych sytuacjach<br \/>\n* dok\u0142adn\u0105 charakterystyk\u0119 najwa\u017cniejszych zaburze\u0144 l\u0119kowych<br \/>\n* informacje oparte na wieloletnim do\u015bwiadczeniu w prowadzeniu terapii poznawczej<\/p>\n<p>Ksi\u0105\u017cka ta k\u0142adzie nacisk na projektowanie i wdra\u017canie interwencji \u201eczystej\u201d terapii poznawczej. Zawiera og\u00f3lne om\u00f3wienie diagnozy i podstawowych cech terapii poznawczej, a tak\u017ce praktyczne wskaz\u00f3wki dotycz\u0105ce opracowywania i wykonywania eksperyment\u00f3w behawioralnych, zada\u0144 domowych oraz metod reatrybucji werbalnej. Na ko\u0144cu zamieszczono kwestionariusze, skale ocen oraz inne materia\u0142y, kt\u00f3re mo\u017cna wykorzysta\u0107 w pracy z pacjentem.<\/p>\n<p>Adrian Wells wyczerpuj\u0105co om\u00f3wi\u0142 w swej ksi\u0105\u017cce popznawczy model zaburze\u0144 l\u0119kowych i pokaza\u0142, w jaki spos\u00f3b szczeg\u00f3\u0142owe poznwcze konceptualizacje konkretnych zaburze\u0144 decyduj\u0105 o wyborze interwencji terapeutycznych. Ksi\u0105\u017cka ta zawiera najbardziej aktualn\u0105 teori\u0119 zaburze\u0144 l\u0119kowych, kt\u00f3ra w du\u017cej cz\u0119\u015bci zosta\u0142a stworzona przez autora. Doktor Wells przedstawiam wiele skutecznych, \u0142atwych do zastosowania technik poznawczych i \u017cywe przyk\u0142ady z praktyki klinicznej. Warto\u015b\u0107 tej publikacji doceni\u0105 zar\u00f3wno studenci, jak i wytrawni terapeuci.<br \/>\nAaron T.Beck<\/p>\n","protected":false},"excerpt":{"rendered":"<p>Nale\u017cy do serii: PSYCHIATRIA Autor: Adrian Wells T\u0142umacze: Andruszko Robert [&hellip;]<\/p>\n","protected":false},"featured_media":17770,"template":"","meta":[],"product_brand":[],"product_cat":[27,7509],"product_tag":[1665,1186,7813],"class_list":{"0":"post-17768","1":"product","2":"type-product","3":"status-publish","4":"has-post-thumbnail","6":"product_cat-nauki-spoleczne","7":"product_cat-psychologia","8":"product_tag-psychiatria","9":"product_tag-psychologia","10":"product_tag-zaburzenia-lekowe","12":"first","13":"instock","14":"sale","15":"shipping-taxable","16":"purchasable","17":"product-type-simple"},"_links":{"self":[{"href":"http:\/\/ksiegarnia-akademicka.pl\/index.php\/wp-json\/wp\/v2\/product\/17768","targetHints":{"allow":["GET"]}}],"collection":[{"href":"http:\/\/ksiegarnia-akademicka.pl\/index.php\/wp-json\/wp\/v2\/product"}],"about":[{"href":"http:\/\/ksiegarnia-akademicka.pl\/index.php\/wp-json\/wp\/v2\/types\/product"}],"wp:featuredmedia":[{"embeddable":true,"href":"http:\/\/ksiegarnia-akademicka.pl\/index.php\/wp-json\/wp\/v2\/media\/17770"}],"wp:attachment":[{"href":"http:\/\/ksiegarnia-akademicka.pl\/index.php\/wp-json\/wp\/v2\/media?parent=17768"}],"wp:term":[{"taxonomy":"product_brand","embeddable":true,"href":"http:\/\/ksiegarnia-akademicka.pl\/index.php\/wp-json\/wp\/v2\/product_brand?post=17768"},{"taxonomy":"product_cat","embeddable":true,"href":"http:\/\/ksiegarnia-akademicka.pl\/index.php\/wp-json\/wp\/v2\/product_cat?post=17768"},{"taxonomy":"product_tag","embeddable":true,"href":"http:\/\/ksiegarnia-akademicka.pl\/index.php\/wp-json\/wp\/v2\/product_tag?post=17768"}],"curies":[{"name":"wp","href":"https:\/\/api.w.org\/{rel}","templated":true}]}}