{"id":17743,"date":"2024-03-13T10:24:09","date_gmt":"2024-03-13T09:24:09","guid":{"rendered":"http:\/\/ksiegarnia-akademicka.pl\/?post_type=product&#038;p=17743"},"modified":"2024-12-05T09:35:18","modified_gmt":"2024-12-05T08:35:18","slug":"nietuzinkowy-sklep-calodobowy","status":"publish","type":"product","link":"http:\/\/ksiegarnia-akademicka.pl\/index.php\/product\/nietuzinkowy-sklep-calodobowy\/","title":{"rendered":"Nietuzinkowy sklep ca\u0142odobowy"},"content":{"rendered":"<p>Autor:<br \/>\nKim Ho-yeon<br \/>\nT\u0142umacze: Janik \u0141ukasz<br \/>\nWydawca: Znak<br \/>\nOprawa: Mi\u0119kka ze skrzyde\u0142kami<br \/>\nFormat: 13.0&#215;18.5cm<br \/>\nLiczba stron: 304<br \/>\nWydanie: 1<br \/>\nRok wydania: 2024<br \/>\nJ\u0119zyk wydania: polski<\/p>\n<p>KOREA\u0143SKI BESTSELLER PONAD MILION SPRZEDANYCH EGZEMPLARZY<br \/>\nNa jednej z ma\u0142o ucz\u0119szczanych uliczek Seulu mo\u017cna natkn\u0105\u0107 si\u0119 na niepozorny sklep ca\u0142odobowy. Taki, do kt\u00f3rego wpada si\u0119 tylko na chwil\u0119, by wzi\u0105\u0107 na wynos kimbap i buteleczk\u0119 soju. Pewnego dnia w\u0142a\u015bcicielka, pani Yeom, odzyskuje cenn\u0105 zgub\u0119 dzi\u0119ki pomocy pewnego bezdomnego m\u0119\u017cczyzny. Poruszona jego losem postanawia zatrudni\u0107 go w sklepie. Wielki jak nied\u017awied\u017a Dokko z pocz\u0105tku nie wzbudza zaufania. Nie wiadomo sk\u0105d si\u0119 wzi\u0105\u0142, cierpi na amnezj\u0119, ma problemy z m\u00f3wieniem. Ale to jego obecno\u015b\u0107 sprawia, \u017ce w \u017cyciu pracownik\u00f3w i klient\u00f3w sklepu zaczynaj\u0105 dzia\u0107 si\u0119 niezwyk\u0142e rzeczy\u2026 M\u0142oda dziewczyna zyskuje odwag\u0119, by zrobi\u0107 krok dalej. Zapracowany ojciec przestaje topi\u0107 smutki w alkoholu. Zagubiona matka odnajduje ni\u0107 porozumienia z synem. Bo czasem jedna iskra dobra wystarczy, aby odmieni\u0107 \u017cycie wielu os\u00f3b. Urzekaj\u0105ca i ciep\u0142a historia, kt\u00f3ra udowadnia, \u017ce cho\u0107 nie wszystkie b\u0142\u0119dy mo\u017cna naprawi\u0107, to ka\u017cdy z nas zas\u0142uguje na drug\u0105 szans\u0119.<\/p>\n","protected":false},"excerpt":{"rendered":"<p>Autor: Kim Ho-yeon T\u0142umacze: Janik \u0141ukasz Wydawca: Znak Oprawa: Mi\u0119kka [&hellip;]<\/p>\n","protected":false},"featured_media":17744,"template":"","meta":[],"product_brand":[],"product_cat":[7707],"product_tag":[3688],"class_list":{"0":"post-17743","1":"product","2":"type-product","3":"status-publish","4":"has-post-thumbnail","6":"product_cat-literatura","7":"product_tag-powiesc","9":"first","10":"instock","11":"sale","12":"shipping-taxable","13":"purchasable","14":"product-type-simple"},"_links":{"self":[{"href":"http:\/\/ksiegarnia-akademicka.pl\/index.php\/wp-json\/wp\/v2\/product\/17743","targetHints":{"allow":["GET"]}}],"collection":[{"href":"http:\/\/ksiegarnia-akademicka.pl\/index.php\/wp-json\/wp\/v2\/product"}],"about":[{"href":"http:\/\/ksiegarnia-akademicka.pl\/index.php\/wp-json\/wp\/v2\/types\/product"}],"wp:featuredmedia":[{"embeddable":true,"href":"http:\/\/ksiegarnia-akademicka.pl\/index.php\/wp-json\/wp\/v2\/media\/17744"}],"wp:attachment":[{"href":"http:\/\/ksiegarnia-akademicka.pl\/index.php\/wp-json\/wp\/v2\/media?parent=17743"}],"wp:term":[{"taxonomy":"product_brand","embeddable":true,"href":"http:\/\/ksiegarnia-akademicka.pl\/index.php\/wp-json\/wp\/v2\/product_brand?post=17743"},{"taxonomy":"product_cat","embeddable":true,"href":"http:\/\/ksiegarnia-akademicka.pl\/index.php\/wp-json\/wp\/v2\/product_cat?post=17743"},{"taxonomy":"product_tag","embeddable":true,"href":"http:\/\/ksiegarnia-akademicka.pl\/index.php\/wp-json\/wp\/v2\/product_tag?post=17743"}],"curies":[{"name":"wp","href":"https:\/\/api.w.org\/{rel}","templated":true}]}}