{"id":17741,"date":"2024-03-13T10:21:45","date_gmt":"2024-03-13T09:21:45","guid":{"rendered":"http:\/\/ksiegarnia-akademicka.pl\/?post_type=product&#038;p=17741"},"modified":"2024-03-13T10:21:46","modified_gmt":"2024-03-13T09:21:46","slug":"wstepny-wywiad-diagnostyczny-2","status":"publish","type":"product","link":"http:\/\/ksiegarnia-akademicka.pl\/index.php\/product\/wstepny-wywiad-diagnostyczny-2\/","title":{"rendered":"Wst\u0119pny wywiad diagnostyczny"},"content":{"rendered":"<p>Nale\u017cy do serii:<br \/>\nPSYCHIATRIA I PSYCHOTERAPIA<br \/>\nAutor:<br \/>\nJames Morrison<br \/>\nT\u0142umacze: Kapera Marta<br \/>\nWydawca: Wydawnictwo Uniwersytetu Jagiello\u0144skiego<br \/>\nOprawa: Mi\u0119kka ze skrzyde\u0142kami<br \/>\nFormat: 15.5&#215;23.0cm<br \/>\nLiczba stron: 416<br \/>\nWydanie: 1<br \/>\nRok wydania: 2023<br \/>\nJ\u0119zyk wydania: polski<\/p>\n<p>Pierwsze spotkanie lekarza z chorym psychicznie pacjentem mo\u017ce nast\u0105pi\u0107 podczas kr\u00f3tkiego badania przesiewowego, ambulatoryjnego badania diagnostycznego, pobytu na oddziale ratunkowym lub konsultacji w sprawie farmakoterapii czy psychoterapii. Ten rzetelny podr\u0119cznik wszechstronnie, z odwo\u0142aniem do rozmaitych kontekst\u00f3w, opisuje proces skutecznego prowadzenia wywiadu z doros\u0142ym pacjentem w celu postawienia diagnozy.<\/p>\n<p>Korzystaj\u0105c ze swoich do\u015bwiadcze\u0144 w pracy z ponad 15 tysi\u0105cami pacjent\u00f3w psychiatrycznych, James Morrison krok po kroku wyja\u015bnia, jak zbiera\u0107 informacje na temat objaw\u00f3w pacjenta, jego \u017cycia osobistego i chor\u00f3b w rodzinie, jak ocenia\u0107 jego stan psychiczny, czynniki ryzyka oraz inne istotne kwestie. Uczy, jak budowa\u0107 zaufanie i relacj\u0119 terapeutyczn\u0105, oraz przedstawia najlepsze metody formu\u0142owania pyta\u0144 diagnostycznych. Ksi\u0105\u017cka napisana przyst\u0119pnym, gaw\u0119dziarskim stylem zawiera wiele przydatnych przyk\u0142ad\u00f3w i opis\u00f3w przypadk\u00f3w.<\/p>\n<p>Autor podaje najwa\u017cniejsze zasady diagnozy r\u00f3\u017cnicowej i tworzenia planu leczenia. Pisze o tym, jak informowa\u0107 o wynikach wywiadu pacjenta i jego rodzin\u0119 oraz jak uj\u0105\u0107 te wyniki w formie raportu. Aneksy obejmuj\u0105 szczeg\u00f3\u0142owy, cz\u0119\u015bciowo ustrukturalizowany wywiad, narz\u0119dzia pozwalaj\u0105ce na dokonanie jego oceny, transkrypcj\u0119 przyk\u0142adowego wywiadu, raport pisemny oraz opracowanie przypadku.<\/p>\n<p>Lektura obowi\u0105zkowa dla ka\u017cdego specjalisty bez wzgl\u0119du na d\u0142ugo\u015b\u0107 sta\u017cu pracy. Nie znam \u017cadnej innej publikacji, kt\u00f3ra mog\u0142aby si\u0119 r\u00f3wna\u0107 z tym dzie\u0142em.<br \/>\ndr Robert L. Leahy, American Institute for Cognitive Therapy; Department of Psychiatry, Weill Cornell Medical College<\/p>\n<p>Dzi\u0119ki licznym refleksjom zawartym w tej ksi\u0105\u017cce moi obecni oraz przyszli pacjenci b\u0119d\u0105 otoczeni lepsz\u0105, troskliwsz\u0105 opiek\u0105.<br \/>\ndr Alana Iglewicz, Department of Psychiatry, University of California, San Diego<\/p>\n","protected":false},"excerpt":{"rendered":"<p>Nale\u017cy do serii: PSYCHIATRIA I PSYCHOTERAPIA Autor: James Morrison T\u0142umacze: [&hellip;]<\/p>\n","protected":false},"featured_media":17742,"template":"","meta":[],"product_brand":[],"product_cat":[7493,27,7509],"product_tag":[6148,1665,1186],"class_list":{"0":"post-17741","1":"product","2":"type-product","3":"status-publish","4":"has-post-thumbnail","6":"product_cat-medycyna","7":"product_cat-nauki-spoleczne","8":"product_cat-psychologia","9":"product_tag-diagnostyka-medyczna","10":"product_tag-psychiatria","11":"product_tag-psychologia","13":"first","14":"instock","15":"sale","16":"shipping-taxable","17":"purchasable","18":"product-type-simple"},"_links":{"self":[{"href":"http:\/\/ksiegarnia-akademicka.pl\/index.php\/wp-json\/wp\/v2\/product\/17741","targetHints":{"allow":["GET"]}}],"collection":[{"href":"http:\/\/ksiegarnia-akademicka.pl\/index.php\/wp-json\/wp\/v2\/product"}],"about":[{"href":"http:\/\/ksiegarnia-akademicka.pl\/index.php\/wp-json\/wp\/v2\/types\/product"}],"wp:featuredmedia":[{"embeddable":true,"href":"http:\/\/ksiegarnia-akademicka.pl\/index.php\/wp-json\/wp\/v2\/media\/17742"}],"wp:attachment":[{"href":"http:\/\/ksiegarnia-akademicka.pl\/index.php\/wp-json\/wp\/v2\/media?parent=17741"}],"wp:term":[{"taxonomy":"product_brand","embeddable":true,"href":"http:\/\/ksiegarnia-akademicka.pl\/index.php\/wp-json\/wp\/v2\/product_brand?post=17741"},{"taxonomy":"product_cat","embeddable":true,"href":"http:\/\/ksiegarnia-akademicka.pl\/index.php\/wp-json\/wp\/v2\/product_cat?post=17741"},{"taxonomy":"product_tag","embeddable":true,"href":"http:\/\/ksiegarnia-akademicka.pl\/index.php\/wp-json\/wp\/v2\/product_tag?post=17741"}],"curies":[{"name":"wp","href":"https:\/\/api.w.org\/{rel}","templated":true}]}}