{"id":17723,"date":"2024-03-13T10:00:22","date_gmt":"2024-03-13T09:00:22","guid":{"rendered":"http:\/\/ksiegarnia-akademicka.pl\/?post_type=product&#038;p=17723"},"modified":"2024-03-13T10:00:22","modified_gmt":"2024-03-13T09:00:22","slug":"dziennik-1953-1956-pisma-zebrane","status":"publish","type":"product","link":"http:\/\/ksiegarnia-akademicka.pl\/index.php\/product\/dziennik-1953-1956-pisma-zebrane\/","title":{"rendered":"Dziennik 1953-1956 Pisma zebrane"},"content":{"rendered":"<p>Autor:<br \/>\nWitold Gombrowicz<br \/>\nWydawca: Literackie<br \/>\nOprawa: Twarda<br \/>\nFormat: 15.0&#215;24.0cm<br \/>\nLiczba stron: 432<br \/>\nRok wydania: 2024<br \/>\nJ\u0119zyk wydania: polski<\/p>\n<p>Seria pism zebranych Witolda Gombrowicza, powstaj\u0105ca pod redakcj\u0105 prof. W\u0142odzimierza Boleckiego i honorowym patronatem Rity Gombrowicz, powi\u0119ksza si\u0119 o trzy kolejne tomy. Tym razem jest to opus magnum, najwa\u017cniejszy utw\u00f3r pisarza, a zarazem jedno z najwybitniejszych dzie\u0142 literatury XX wieku. Na tom 10. serii sk\u0142adaj\u0105 si\u0119 diarystyczne zapiski Gombrowicza obejmuj\u0105ce lata 1953\u20131956. To w\u0142a\u015bnie Dziennik Gombrowicza stworzy\u0142 norm\u0119 powojennej polszczyzny literackiej, sta\u0142 si\u0119 wademekum stylu bycia i stylu pisania, specyficznego humoru, tragizmu, dawa\u0142 lekcj\u0119 stosunku do Polski i fundamentalnych zagadnie\u0144 ontologicznych. Nadal pozostaje obowi\u0105zkowym podr\u0119cznikiem ludzi prawdziwie \u015bwiat\u0142ych, a jednocze\u015bnie jest kluczem do wielu zagadek Gombrowiczowskiej poetyki i \u015bwiatopogl\u0105du.<\/p>\n","protected":false},"excerpt":{"rendered":"<p>Autor: Witold Gombrowicz Wydawca: Literackie Oprawa: Twarda Format: 15.0&#215;24.0cm Liczba [&hellip;]<\/p>\n","protected":false},"featured_media":17724,"template":"","meta":[],"product_brand":[],"product_cat":[7627],"product_tag":[5658,8184],"class_list":{"0":"post-17723","1":"product","2":"type-product","3":"status-publish","4":"has-post-thumbnail","6":"product_cat-historia-literatury","7":"product_tag-historia-literatury","8":"product_tag-witold-gombrowicz","10":"first","11":"instock","12":"sale","13":"shipping-taxable","14":"purchasable","15":"product-type-simple"},"_links":{"self":[{"href":"http:\/\/ksiegarnia-akademicka.pl\/index.php\/wp-json\/wp\/v2\/product\/17723","targetHints":{"allow":["GET"]}}],"collection":[{"href":"http:\/\/ksiegarnia-akademicka.pl\/index.php\/wp-json\/wp\/v2\/product"}],"about":[{"href":"http:\/\/ksiegarnia-akademicka.pl\/index.php\/wp-json\/wp\/v2\/types\/product"}],"wp:featuredmedia":[{"embeddable":true,"href":"http:\/\/ksiegarnia-akademicka.pl\/index.php\/wp-json\/wp\/v2\/media\/17724"}],"wp:attachment":[{"href":"http:\/\/ksiegarnia-akademicka.pl\/index.php\/wp-json\/wp\/v2\/media?parent=17723"}],"wp:term":[{"taxonomy":"product_brand","embeddable":true,"href":"http:\/\/ksiegarnia-akademicka.pl\/index.php\/wp-json\/wp\/v2\/product_brand?post=17723"},{"taxonomy":"product_cat","embeddable":true,"href":"http:\/\/ksiegarnia-akademicka.pl\/index.php\/wp-json\/wp\/v2\/product_cat?post=17723"},{"taxonomy":"product_tag","embeddable":true,"href":"http:\/\/ksiegarnia-akademicka.pl\/index.php\/wp-json\/wp\/v2\/product_tag?post=17723"}],"curies":[{"name":"wp","href":"https:\/\/api.w.org\/{rel}","templated":true}]}}