{"id":17677,"date":"2024-03-05T09:36:41","date_gmt":"2024-03-05T08:36:41","guid":{"rendered":"http:\/\/ksiegarnia-akademicka.pl\/?post_type=product&#038;p=17677"},"modified":"2024-03-05T09:36:42","modified_gmt":"2024-03-05T08:36:42","slug":"era-prosumenta-2-0-jak-budowac-majatek-kupujac-madrzej-a-nie-taniej-i-polecajac-innym-aby-robili-to-samo","status":"publish","type":"product","link":"http:\/\/ksiegarnia-akademicka.pl\/index.php\/product\/era-prosumenta-2-0-jak-budowac-majatek-kupujac-madrzej-a-nie-taniej-i-polecajac-innym-aby-robili-to-samo\/","title":{"rendered":"Era prosumenta 2.0 Jak budowa\u0107 maj\u0105tek, kupuj\u0105c m\u0105drzej, a nie taniej i polecaj\u0105c innym, aby robili to samo"},"content":{"rendered":"<p>Autor:<br \/>\nBill Quain<br \/>\nT\u0142umacze: Tomasz Ku\u0107ma<br \/>\nWydawca: Studio Emka<br \/>\nOprawa: Mi\u0119kka<br \/>\nFormat: 13.5&#215;20.5cm<br \/>\nLiczba stron: 140<br \/>\nRok wydania: 2024<br \/>\nJ\u0119zyk wydania: polski<\/p>\n<p>Konsumenci wydaj\u0105 pieni\u0105dze.<br \/>\nProducenci zarabiaj\u0105 pieni\u0105dze.<br \/>\nProsumenci mog\u0105 robi\u0107 jedno i drugie!<\/p>\n<p>Konsumenci wydaj\u0105 coraz wi\u0119cej w centrach handlowych i w sklepach internetowych oferuj\u0105cych ni\u017csze ceny. Jednak kupowa\u0107 taniej, to nie zawsze znaczy post\u0119powa\u0107 m\u0105drzej. Oto kilka pyta\u0144, kt\u00f3re powinny da\u0107 konsumentom do my\u015blenia:<br \/>\n&#8211; Czy tw\u00f3j ulubiony sklep zap\u0142aci\u0142 ci kiedy\u015b za to, \u017ce go poleci\u0142e\u015b?<br \/>\n&#8211; Czy sklepy oferuj\u0105 ci mo\u017cliwo\u015b\u0107 zarabiania pieni\u0119dzy czy jedynie wydawania?<br \/>\n&#8211; Czy gdyby\u015b by\u0142 w\u0142a\u015bcicielem sieci sklep\u00f3w, kupowa\u0142by\u015b u konkurencji?<br \/>\n&#8211; Czy jaki\u015b sklep internetowy zaoferowa\u0142 ci kiedy\u015b udzia\u0142y?<br \/>\n&#8211; Czy dzi\u0119ki eksplozji handlu internetowego sta\u0142e\u015b si\u0119 bogatszy?<\/p>\n<p>Je\u015bli na te wszystkie pytania odpowiedzia\u0142e\u015b \u201enie\u201d, to znaczy, \u017ce powiniene\u015b przeczyta\u0107 t\u0119 ksi\u0105\u017ck\u0119!<\/p>\n<p>Dr Bill Quain, ekspert w dziedzinie marketingu, pisze o tym, jak przeci\u0119tni ludzie mog\u0105 zgromadzi\u0107 nieprzeci\u0119tny maj\u0105tek, wykorzystuj\u0105c si\u0142\u0119 prosumpcji.<\/p>\n<p>&#8222;Er\u0119 prosumenta 2.0&#8221; powinni przeczyta\u0107 ci wszyscy, kt\u00f3rzy chc\u0105 skorzysta\u0107 z obecnych trend\u00f3w i robi\u0105c konieczne codzienne zakupy, zacz\u0105\u0107 zarabia\u0107 pieni\u0105dze, zamiast tylko je wydawa\u0107.<\/p>\n<p>Dr Bill Quain jest konsultantem globalnego marketingu, wcze\u015bniej pracowa\u0142 jako profesor marketingu w czterech ameryka\u0144skich wy\u017cszych szko\u0142ach biznesu. &#8222;Era prosumenta 2.0&#8221; to dziewi\u0105ta z jego dwunastu ksi\u0105\u017cek na temat biznesu, marketingu i rozwoju osobistego. Przet\u0142umaczono j\u0105 dot\u0105d na 20 j\u0119zyk\u00f3w.<\/p>\n","protected":false},"excerpt":{"rendered":"<p>Autor: Bill Quain T\u0142umacze: Tomasz Ku\u0107ma Wydawca: Studio Emka Oprawa: [&hellip;]<\/p>\n","protected":false},"featured_media":17679,"template":"","meta":[],"product_brand":[],"product_cat":[17,33,7499],"product_tag":[337,220],"class_list":{"0":"post-17677","1":"product","2":"type-product","3":"status-publish","4":"has-post-thumbnail","6":"product_cat-ekonomia","7":"product_cat-handel","8":"product_cat-makro-i-mikroekonomia","9":"product_tag-ekonomia","10":"product_tag-handel","12":"first","13":"instock","14":"sale","15":"shipping-taxable","16":"purchasable","17":"product-type-simple"},"_links":{"self":[{"href":"http:\/\/ksiegarnia-akademicka.pl\/index.php\/wp-json\/wp\/v2\/product\/17677","targetHints":{"allow":["GET"]}}],"collection":[{"href":"http:\/\/ksiegarnia-akademicka.pl\/index.php\/wp-json\/wp\/v2\/product"}],"about":[{"href":"http:\/\/ksiegarnia-akademicka.pl\/index.php\/wp-json\/wp\/v2\/types\/product"}],"wp:featuredmedia":[{"embeddable":true,"href":"http:\/\/ksiegarnia-akademicka.pl\/index.php\/wp-json\/wp\/v2\/media\/17679"}],"wp:attachment":[{"href":"http:\/\/ksiegarnia-akademicka.pl\/index.php\/wp-json\/wp\/v2\/media?parent=17677"}],"wp:term":[{"taxonomy":"product_brand","embeddable":true,"href":"http:\/\/ksiegarnia-akademicka.pl\/index.php\/wp-json\/wp\/v2\/product_brand?post=17677"},{"taxonomy":"product_cat","embeddable":true,"href":"http:\/\/ksiegarnia-akademicka.pl\/index.php\/wp-json\/wp\/v2\/product_cat?post=17677"},{"taxonomy":"product_tag","embeddable":true,"href":"http:\/\/ksiegarnia-akademicka.pl\/index.php\/wp-json\/wp\/v2\/product_tag?post=17677"}],"curies":[{"name":"wp","href":"https:\/\/api.w.org\/{rel}","templated":true}]}}