{"id":17642,"date":"2024-02-26T11:43:14","date_gmt":"2024-02-26T10:43:14","guid":{"rendered":"http:\/\/ksiegarnia-akademicka.pl\/?post_type=product&#038;p=17642"},"modified":"2024-12-05T09:36:39","modified_gmt":"2024-12-05T08:36:39","slug":"metody-i-programy-hodowli-zwierzat","status":"publish","type":"product","link":"http:\/\/ksiegarnia-akademicka.pl\/index.php\/product\/metody-i-programy-hodowli-zwierzat\/","title":{"rendered":"Metody i programy hodowli zwierz\u0105t"},"content":{"rendered":"<p>Autor:<br \/>\nTomasz Strabel<br \/>\nWydawca: Wydawnictwo Naukowe PWN<br \/>\nOprawa: Mi\u0119kka<br \/>\nFormat: 16.5&#215;23.5cm<br \/>\nLiczba stron: 470<br \/>\nWydanie: 1<br \/>\nRok wydania: 2024<br \/>\nJ\u0119zyk wydania: polski<\/p>\n<p>W ksi\u0105\u017cce przedstawiono zagadnienia zwi\u0105zane z metodami doskonalenia genetycznego zwierz\u0105t, rozszerzone o przyk\u0142ady ich zastosowania w programach hodowlanych dla byd\u0142a mlecznego, byd\u0142a mi\u0119snego, trzody chlewnej i drobiu. Minimalna wiedza z zakresu dziedziczenia i statystyki jest wprowadzona jako t\u0142o umo\u017cliwiaj\u0105ce zrozumienie mechanizm\u00f3w i narz\u0119dzi wykorzystywanych w pracy hodowlanej. Dob\u00f3r licznych schemat\u00f3w, wykres\u00f3w i tabel u\u0142atwia przyswojenie wiedzy oraz na licznych przyk\u0142adach praktycznych demonstruje skutki jej stosowania. Wiedza prezentowana jest w kontek\u015bcie ci\u0105g\u0142ych zmian w produkcji zwierz\u0119cej i wskazuje na potrzeb\u0119 dostosowania cel\u00f3w hodowlanych do oczekiwa\u0144 spo\u0142ecznych, aby dalszy rozw\u00f3j hodowli czyni\u0142 j\u0105 jeszcze bardziej zr\u00f3wnowa\u017con\u0105. Zagadnienia omawiane w podr\u0119czniku wprowadzane s\u0105 stopniowo, rozpoczynaj\u0105c od podstaw dziedziczenia, zmienno\u015bci cech i podobie\u0144stwa genetycznego, aby przedstawi\u0107 kluczowe poj\u0119cie selekcji. Nast\u0119pnie s\u0105 rozwijane o wiedz\u0119 z zakresu warto\u015bci hodowlanej, w tym genomowej warto\u015bci hodowlanej, kt\u00f3ra stanowi podstaw\u0119 selekcji genomowej i jest standardem w doskonaleniu wielu ras i gatunk\u00f3w zwierz\u0105t gospodarskich. Podr\u0119cznik zawiera r\u00f3wnie\u017c informacje na temat zasad prowadzenia doboru do kojarze\u0144 i krzy\u017cowania, korzy\u015bci z coraz powszechniej stosowanych biotechnik rozrodu oraz obszar\u00f3w poszerzaj\u0105cej si\u0119 wsp\u00f3\u0142pracy mi\u0119dzynarodowej. Poszczeg\u00f3lne elementy program\u00f3w hodowlanych s\u0105 rozwini\u0119ciem wcze\u015bniej wprowadzonych zagadnie\u0144. Przyst\u0119pnie przedstawiono wiele podej\u015b\u0107 wykorzystywanych w zaawansowanych programach hodowlanych do maksymalizacji post\u0119pu hodowlanego i minimalizacji negatywnych skutk\u00f3w selekcji. Nie brakuje tak\u017ce informacji na temat zasad optymalizacji program\u00f3w hodowlanych, organizacji hodowli oraz edukacji i doradztwa hodowlanego.<\/p>\n","protected":false},"excerpt":{"rendered":"<p>Autor: Tomasz Strabel Wydawca: Wydawnictwo Naukowe PWN Oprawa: Mi\u0119kka Format: [&hellip;]<\/p>\n","protected":false},"featured_media":17643,"template":"","meta":[],"product_brand":[],"product_cat":[7634],"product_tag":[7635,1454],"class_list":{"0":"post-17642","1":"product","2":"type-product","3":"status-publish","4":"has-post-thumbnail","6":"product_cat-rolnictwo","7":"product_tag-hodowla-zwierzat","8":"product_tag-rolnictwo","10":"first","11":"instock","12":"sale","13":"shipping-taxable","14":"purchasable","15":"product-type-simple"},"_links":{"self":[{"href":"http:\/\/ksiegarnia-akademicka.pl\/index.php\/wp-json\/wp\/v2\/product\/17642","targetHints":{"allow":["GET"]}}],"collection":[{"href":"http:\/\/ksiegarnia-akademicka.pl\/index.php\/wp-json\/wp\/v2\/product"}],"about":[{"href":"http:\/\/ksiegarnia-akademicka.pl\/index.php\/wp-json\/wp\/v2\/types\/product"}],"wp:featuredmedia":[{"embeddable":true,"href":"http:\/\/ksiegarnia-akademicka.pl\/index.php\/wp-json\/wp\/v2\/media\/17643"}],"wp:attachment":[{"href":"http:\/\/ksiegarnia-akademicka.pl\/index.php\/wp-json\/wp\/v2\/media?parent=17642"}],"wp:term":[{"taxonomy":"product_brand","embeddable":true,"href":"http:\/\/ksiegarnia-akademicka.pl\/index.php\/wp-json\/wp\/v2\/product_brand?post=17642"},{"taxonomy":"product_cat","embeddable":true,"href":"http:\/\/ksiegarnia-akademicka.pl\/index.php\/wp-json\/wp\/v2\/product_cat?post=17642"},{"taxonomy":"product_tag","embeddable":true,"href":"http:\/\/ksiegarnia-akademicka.pl\/index.php\/wp-json\/wp\/v2\/product_tag?post=17642"}],"curies":[{"name":"wp","href":"https:\/\/api.w.org\/{rel}","templated":true}]}}