{"id":17588,"date":"2024-02-07T09:59:58","date_gmt":"2024-02-07T08:59:58","guid":{"rendered":"http:\/\/ksiegarnia-akademicka.pl\/?post_type=product&#038;p=17588"},"modified":"2024-02-07T09:59:59","modified_gmt":"2024-02-07T08:59:59","slug":"bhp-przy-monitorach-ekranowych-po-zmianach","status":"publish","type":"product","link":"http:\/\/ksiegarnia-akademicka.pl\/index.php\/product\/bhp-przy-monitorach-ekranowych-po-zmianach\/","title":{"rendered":"BHP przy monitorach ekranowych po zmianach"},"content":{"rendered":"<p>Wydawca: Wiedza i Praktyka<br \/>\nOprawa: Mi\u0119kka<br \/>\nLiczba stron: 76<br \/>\nRok wydania: 2024<br \/>\nJ\u0119zyk wydania: polski<\/p>\n<p>Rozporz\u0105dzenie dotycz\u0105ce warunk\u00f3w bhp na stanowiskach wyposa\u017conych w monitory ekranowe nie by\u0142o zmieniane od ponad 20 lat. Przez ten czas nast\u0105pi\u0142 ogromny post\u0119p technologiczny, kt\u00f3rego resort pracy najwyra\u017aniej nie dostrzega\u0142. To si\u0119 jednak zmieni\u0142o. Najpierw pojawi\u0142 si\u0119 szeroko komentowany projekt rozporz\u0105dzenia, a 18 pa\u017adziernika 2023 r. \u2013 rozporz\u0105dzenie zmieniaj\u0105ce, kt\u00f3re w znacznej mierze upro\u015bci\u0142o dotychczasowe rozwi\u0105zania. Umo\u017cliwi\u0142o te\u017c pracodawcy pewn\u0105 swobod\u0119 w organizacji stanowisk pracy wyposa\u017conych w monitory ekranowe. Nowe przepisy ledwo jednak wesz\u0142y w \u017cycie, a ju\u017c wzbudzi\u0142y w\u0105tpliwo\u015bci dotycz\u0105ce interpretacji.<\/p>\n<p>W ksi\u0105\u017cce:<br \/>\n\u2022 Jakie zmiany wprowadzi\u0142y nowe rozwi\u0105zania dotycz\u0105ce pracy przy monitorach ekranowych?<br \/>\n\u2022 Co si\u0119 dok\u0142adnie zmieni\u0142o?<\/p>\n<p>Ponadto w ksi\u0105\u017cce eksperci bhp odpowiadaj\u0105 na pytania, m.in.:<br \/>\n\u2022 Czy o\u015bwiadczenie pracownika zwalnia pracodawc\u0119 z odpowiedzialno\u015bci<br \/>\n\u2022 Kiedy wiadomo, \u017ce pracownik pracuje po\u0142ow\u0119 czasu z laptopem<br \/>\n\u2022 Jak sprawdzi\u0107, czy stanowisko jest zgodne z przepisami<br \/>\n\u2022 Czy pracodawca musi zapewni\u0107 dwa monitory<br \/>\n\u2022 Jakie konsekwencje gro\u017c\u0105 za niedostosowanie stanowisk do nowych przepis\u00f3w<br \/>\n\u2022 Czy mo\u017cna ustali\u0107, \u017ce pracownik wykorzystuje w\u0142asne materia\u0142y i narz\u0119dzia pracy<\/p>\n","protected":false},"excerpt":{"rendered":"<p>Wydawca: Wiedza i Praktyka Oprawa: Mi\u0119kka Liczba stron: 76 Rok [&hellip;]<\/p>\n","protected":false},"featured_media":17589,"template":"","meta":[],"product_brand":[],"product_cat":[18,7550],"product_tag":[498,793],"class_list":{"0":"post-17588","1":"product","2":"type-product","3":"status-publish","4":"has-post-thumbnail","6":"product_cat-prawo","7":"product_cat-prawo-pracy","8":"product_tag-bhp","9":"product_tag-prawo-pracy","11":"first","12":"instock","13":"sale","14":"shipping-taxable","15":"purchasable","16":"product-type-simple"},"_links":{"self":[{"href":"http:\/\/ksiegarnia-akademicka.pl\/index.php\/wp-json\/wp\/v2\/product\/17588","targetHints":{"allow":["GET"]}}],"collection":[{"href":"http:\/\/ksiegarnia-akademicka.pl\/index.php\/wp-json\/wp\/v2\/product"}],"about":[{"href":"http:\/\/ksiegarnia-akademicka.pl\/index.php\/wp-json\/wp\/v2\/types\/product"}],"wp:featuredmedia":[{"embeddable":true,"href":"http:\/\/ksiegarnia-akademicka.pl\/index.php\/wp-json\/wp\/v2\/media\/17589"}],"wp:attachment":[{"href":"http:\/\/ksiegarnia-akademicka.pl\/index.php\/wp-json\/wp\/v2\/media?parent=17588"}],"wp:term":[{"taxonomy":"product_brand","embeddable":true,"href":"http:\/\/ksiegarnia-akademicka.pl\/index.php\/wp-json\/wp\/v2\/product_brand?post=17588"},{"taxonomy":"product_cat","embeddable":true,"href":"http:\/\/ksiegarnia-akademicka.pl\/index.php\/wp-json\/wp\/v2\/product_cat?post=17588"},{"taxonomy":"product_tag","embeddable":true,"href":"http:\/\/ksiegarnia-akademicka.pl\/index.php\/wp-json\/wp\/v2\/product_tag?post=17588"}],"curies":[{"name":"wp","href":"https:\/\/api.w.org\/{rel}","templated":true}]}}