{"id":17586,"date":"2024-02-07T09:58:21","date_gmt":"2024-02-07T08:58:21","guid":{"rendered":"http:\/\/ksiegarnia-akademicka.pl\/?post_type=product&#038;p=17586"},"modified":"2024-02-07T09:58:22","modified_gmt":"2024-02-07T08:58:22","slug":"transhumanizm-w-strone-biopolityki-ponowoczesnej","status":"publish","type":"product","link":"http:\/\/ksiegarnia-akademicka.pl\/index.php\/product\/transhumanizm-w-strone-biopolityki-ponowoczesnej\/","title":{"rendered":"Transhumanizm W stron\u0119 biopolityki ponowoczesnej"},"content":{"rendered":"<p>Autor:<br \/>\nJakub Chustecki<br \/>\nWydawca: Wydawnictwa Uniwersytetu Warszawskiego<br \/>\nOprawa: Mi\u0119kka<br \/>\nFormat: 14.8&#215;21.0cm<br \/>\nLiczba stron: 170<br \/>\nWydanie: 1<br \/>\nRok wydania: 2024<br \/>\nJ\u0119zyk wydania: polski<\/p>\n<p>Praca ukazuje meandry definicyjne transhumanizmu oraz jego r\u00f3\u017cne subsystemy. Omawia jego sprz\u0119\u017cenie z biopolityk\u0105, a tak\u017ce wi\u0105\u017c\u0105ce si\u0119 z tym potencjalne skutki. Autor pr\u00f3buje odpowiedzie\u0107 na pytanie o spo\u0142eczne, polityczne i aksjologiczne konsekwencje dynamicznego rozwoju technologicznego i ostatecznego ukonstytuowania si\u0119 posthumanistycznego porz\u0105dku. Przyjmuje hipotez\u0119, \u017ce transhumanizm w coraz wi\u0119kszym stopniu b\u0119dzie si\u0119 stawa\u0142 przedmiotem oddzia\u0142ywania biopolityki nowoczesnej i ponowoczesnej, a tym samym skutki dynamicznego rozwoju technologicznego nale\u017cy bada\u0107 w zestawieniu z oddzia\u0142ywaniami biopolitycznymi.<\/p>\n<p>******<\/p>\n<p>Transhumanism. Towards Postmodern Biopolitics<\/p>\n<p>The publication shows definitional meanders of transhumanism and its various subsystems. It discusses its link with biopolitics, as well as the potential results associated with it. The author attempts to answer the question concerning social, political, axiological consequences of dynamic technological development and the ultimate constitution of the post-humanist order. He proposes a hypothesis that transhumanism will increasingly become an object of modern and postmodern biopolitics and thus, the effects of dynamic technological development should be examined in comparison with biopolitical interactions.<\/p>\n","protected":false},"excerpt":{"rendered":"<p>Autor: Jakub Chustecki Wydawca: Wydawnictwa Uniwersytetu Warszawskiego Oprawa: Mi\u0119kka Format: [&hellip;]<\/p>\n","protected":false},"featured_media":17587,"template":"","meta":[],"product_brand":[],"product_cat":[27,7507,7508],"product_tag":[74,246,8260],"class_list":{"0":"post-17586","1":"product","2":"type-product","3":"status-publish","4":"has-post-thumbnail","6":"product_cat-nauki-spoleczne","7":"product_cat-politologia","8":"product_cat-socjologia","9":"product_tag-politologia","10":"product_tag-socjologia","11":"product_tag-transhumanizm","13":"first","14":"instock","15":"shipping-taxable","16":"purchasable","17":"product-type-simple"},"_links":{"self":[{"href":"http:\/\/ksiegarnia-akademicka.pl\/index.php\/wp-json\/wp\/v2\/product\/17586","targetHints":{"allow":["GET"]}}],"collection":[{"href":"http:\/\/ksiegarnia-akademicka.pl\/index.php\/wp-json\/wp\/v2\/product"}],"about":[{"href":"http:\/\/ksiegarnia-akademicka.pl\/index.php\/wp-json\/wp\/v2\/types\/product"}],"wp:featuredmedia":[{"embeddable":true,"href":"http:\/\/ksiegarnia-akademicka.pl\/index.php\/wp-json\/wp\/v2\/media\/17587"}],"wp:attachment":[{"href":"http:\/\/ksiegarnia-akademicka.pl\/index.php\/wp-json\/wp\/v2\/media?parent=17586"}],"wp:term":[{"taxonomy":"product_brand","embeddable":true,"href":"http:\/\/ksiegarnia-akademicka.pl\/index.php\/wp-json\/wp\/v2\/product_brand?post=17586"},{"taxonomy":"product_cat","embeddable":true,"href":"http:\/\/ksiegarnia-akademicka.pl\/index.php\/wp-json\/wp\/v2\/product_cat?post=17586"},{"taxonomy":"product_tag","embeddable":true,"href":"http:\/\/ksiegarnia-akademicka.pl\/index.php\/wp-json\/wp\/v2\/product_tag?post=17586"}],"curies":[{"name":"wp","href":"https:\/\/api.w.org\/{rel}","templated":true}]}}