{"id":17517,"date":"2024-01-25T11:14:34","date_gmt":"2024-01-25T10:14:34","guid":{"rendered":"http:\/\/ksiegarnia-akademicka.pl\/?post_type=product&#038;p=17517"},"modified":"2024-01-25T11:14:34","modified_gmt":"2024-01-25T10:14:34","slug":"practical-business-english-prowadzenie-firmy-i-komunikacja-w-zespole","status":"publish","type":"product","link":"http:\/\/ksiegarnia-akademicka.pl\/index.php\/product\/practical-business-english-prowadzenie-firmy-i-komunikacja-w-zespole\/","title":{"rendered":"Practical Business English Prowadzenie firmy i komunikacja w zespole"},"content":{"rendered":"<p>Autor:<br \/>\nPiotr Doma\u0144ski<br \/>\nMaciej Doma\u0144ski<br \/>\nWydawca: MT Biznes<br \/>\nOprawa: Mi\u0119kka ze skrzyde\u0142kami<br \/>\nFormat: 16.5&#215;23.5cm<br \/>\nLiczba stron: 380<br \/>\nWydanie: 1<br \/>\nRok wydania: 2024<br \/>\nJ\u0119zyk wydania: polski<\/p>\n<p>Practical Business English na poziomie B2-C1 u\u0142atwi ci prowadzenie firmy i komunikacj\u0119 w zespole Umiej\u0119tno\u015b\u0107 sprawnego porozumiewania si\u0119? pozwala zyska\u0107 \u017cyczliwo\u015b\u0107\u00b4, sympatie?, zaufanie oraz u\u0142atwia tworzenie odpowiednich relacji i wi\u0119zi mi\u0119dzyludzkich. Dzi\u0119ki temu \u0142atwiej budowa\u0107 korzystny wizerunek, a co za tym idzie karier\u0119? zawodowa?. Practical Business Englishstanowi skuteczny instrument komunikacji, dzi\u0119ki kt\u00f3remu opanujesz j\u0119zyk angielski przydatny podczas prezentacji, negocjacji, konferencji, podpisywania um\u00f3w i kontrakt\u00f3w oraz starania si\u0105 o prac\u0119, a tak\u017ce osi\u0105gniesz p\u0142ynno\u015b\u0107 w codziennej komunikacji ze wsp\u00f3\u0142pracownikami i partnerami biznesowymi. Znajdziesz tu takie tematy jak: struktura organizacyjna firmy, marketing i reklama oraz finanse i bankowo\u015b\u0107. Practical Business Englishpozwala \u0107wiczy\u0107 umiej\u0119tno\u015bci, kt\u00f3re wynikaj\u0105 z charakteru wykonywanej pracy. S\u0105 to m.in. : &#8211; sztuka prowadzenia negocjacji (ability to negotiate) &#8211; prowadzenie zebra\u0144 (running meetings) &#8211; wyg\u0142aszanie prezentacji (giving presentations) &#8211; pisanie raport\u00f3w (writing reports) &#8211; organizowanie podr\u00f3\u017cy (making travel arrangements) &#8211; rozmowy telefoniczne (telephoning skills) &#8211; prowadzenie \u017cycia towarzyskiego na tle kontakt\u00f3w s\u0142u\u017cbowych (socializing in business). To kompendium fachowego j\u0119zyka angielskiego zawiera poj\u0119cia, zwroty, wyra\u017cenia i idiomy niezb\u0119dne w \u017cyciu zawodowym, kt\u00f3re pozwol\u0105 p\u0142ynniej m\u00f3wi\u0107, efektywniej komunikowa\u0107 si\u0119? w spos\u00f3b profesjonalny i swobodniej my\u015ble\u0107 w tym j\u0119zyku. Piotr Doma\u0144ski studiowa\u0142 w Warszawie, Southampton i Edynburgu, a praktyk\u0119 j\u0119zykow\u0105 odbywa\u0142 w Wielkiej Brytanii, USA i Kanadzie. Piotr Doma\u0144ski z wykszta\u0142cenia jest ekonomist\u0105, lingwist\u0105, pedagogiem i t\u0142umaczem literatury naukowo-technicznej. Ponadto jest autorem og\u00f3lnopolskichprogram\u00f3w nauczania, s\u0142ownik\u00f3w og\u00f3lnych i specjalistycznych oraz skrypt\u00f3w akademickich.Jego ksi\u0105\u017cki s\u0105 adresowane do wszystkich czytelnik\u00f3w maj\u0105cych kontakt z j\u0119zykiem angielskim,a w szczeg\u00f3lno\u015bci do student\u00f3w i absolwent\u00f3w wy\u017cszych uczelni, przedstawicieli \u015bwiata nauki i techniki,in\u017cynier\u00f3w oraz os\u00f3b pracuj\u0105cych w biznesie. W swoim bogatym dorobku autorskim ma m.in.: English in Science and Technology, Naukowo-techniczny s\u0142ownik frazeologiczny angielsko-polski ipolsko-angielski z wymow\u0105, Nowy s\u0142ownik idiom\u00f3w angielsko-polski, Sztuk\u0119 t\u0142umaczenia tekst\u00f3w angielskich, S\u0142ownik tematyczny angielsko-polski, Praktyczny s\u0142ownik angielsko-polski i polsko-angielski (z idiomami), S\u0142ownik organizacyjno-konferencyjny angielsko-polski i polsko-angielski, English for Active Communication, Active English at Work, Practical Meetings and Conferences. Maciej Doma\u0144ski jest filologiem, studiowa\u0142 na Uniwersytetach Warszawskim i Barcelo\u0144skim. Odbywa\u0142 praktyki j\u0119zykowe w Wielkiej Brytanii, Kanadzie, Hiszpanii i W\u0142oszech. Jest autorem nowoczesnych program\u00f3w edukacyjnych oraz wsp\u00f3\u0142autorem specjalistycznych ksi\u0105\u017cek jako konsultant merytoryczny i lingwistyczny.<\/p>\n","protected":false},"excerpt":{"rendered":"<p>Autor: Piotr Doma\u0144ski Maciej Doma\u0144ski Wydawca: MT Biznes Oprawa: Mi\u0119kka [&hellip;]<\/p>\n","protected":false},"featured_media":17518,"template":"","meta":[],"product_brand":[],"product_cat":[37],"product_tag":[4559,336],"class_list":{"0":"post-17517","1":"product","2":"type-product","3":"status-publish","4":"has-post-thumbnail","6":"product_cat-jezyki-obce","7":"product_tag-business-english","8":"product_tag-jezyk-angielski","10":"first","11":"instock","12":"sale","13":"shipping-taxable","14":"purchasable","15":"product-type-simple"},"_links":{"self":[{"href":"http:\/\/ksiegarnia-akademicka.pl\/index.php\/wp-json\/wp\/v2\/product\/17517","targetHints":{"allow":["GET"]}}],"collection":[{"href":"http:\/\/ksiegarnia-akademicka.pl\/index.php\/wp-json\/wp\/v2\/product"}],"about":[{"href":"http:\/\/ksiegarnia-akademicka.pl\/index.php\/wp-json\/wp\/v2\/types\/product"}],"wp:featuredmedia":[{"embeddable":true,"href":"http:\/\/ksiegarnia-akademicka.pl\/index.php\/wp-json\/wp\/v2\/media\/17518"}],"wp:attachment":[{"href":"http:\/\/ksiegarnia-akademicka.pl\/index.php\/wp-json\/wp\/v2\/media?parent=17517"}],"wp:term":[{"taxonomy":"product_brand","embeddable":true,"href":"http:\/\/ksiegarnia-akademicka.pl\/index.php\/wp-json\/wp\/v2\/product_brand?post=17517"},{"taxonomy":"product_cat","embeddable":true,"href":"http:\/\/ksiegarnia-akademicka.pl\/index.php\/wp-json\/wp\/v2\/product_cat?post=17517"},{"taxonomy":"product_tag","embeddable":true,"href":"http:\/\/ksiegarnia-akademicka.pl\/index.php\/wp-json\/wp\/v2\/product_tag?post=17517"}],"curies":[{"name":"wp","href":"https:\/\/api.w.org\/{rel}","templated":true}]}}