{"id":17438,"date":"2024-01-17T09:56:13","date_gmt":"2024-01-17T08:56:13","guid":{"rendered":"http:\/\/ksiegarnia-akademicka.pl\/?post_type=product&#038;p=17438"},"modified":"2025-01-21T12:04:12","modified_gmt":"2025-01-21T11:04:12","slug":"pediatria-pytania-testowe","status":"publish","type":"product","link":"http:\/\/ksiegarnia-akademicka.pl\/index.php\/product\/pediatria-pytania-testowe\/","title":{"rendered":"Pediatria. Pytania testowe Lissauer"},"content":{"rendered":"<p>Autor:<br \/>\nW. Carroll<br \/>\nWydawca: Edra Urban &amp; Partner<br \/>\nOprawa: Mi\u0119kka<br \/>\nFormat: 16.5&#215;23.5cm<br \/>\nLiczba stron: 328<br \/>\nWydanie: 2<br \/>\nRok wydania: 2023<br \/>\nJ\u0119zyk wydania: polski<\/p>\n<p>Celem niniejszej ksi\u0105\u017cki jest pomoc w utrwaleniu Twojej wiedzy z zakresu pediatrii oraz w powt\u00f3rzeniu materia\u0142u przed egzaminami. Pytania s\u0105 uzupe\u0142nieniem podr\u0119cznika Pediatria (wydanie 6.), zawieraj\u0105cego wszystkie podstawowe informacje, na bazie kt\u00f3rych opracowano pytania.<br \/>\nNowe wydanie ksi\u0105\u017cki Pediatria. Pytania testowe zosta\u0142o gruntownie zmienione, aby zapewni\u0107 jego aktualno\u015b\u0107, oraz uzupe\u0142nione o wiele nowych pyta\u0144 i rycin.Przeznaczone jest ono przede wszystkim dla student\u00f3w medycyny, jednak powinno by\u0107 r\u00f3wnie\u017c pomocne w powt\u00f3rzeniu materia\u0142u osobom przygotowuj\u0105cym si\u0119 do podyplomowych egzamin\u00f3w pediatrycznych, takich jak cz\u0119\u015b\u0107 teoretyczna egzaminu cz\u0142onkowskiego Royal College of Paediatrics and Child Health lub egzaminu specjalisty znego w dziedzinie pediatrii. Do wszystkich pyta\u0144 do\u0142\u0105czono odpowiedzi opatrzone dodatkowymi komentarzami lub wyja\u015bnieniami pomagaj\u0105cymi w zrozumieniu i poznaniu tematu, a nie tylko sprawdzeniu, czy odpowied\u017a jest prawid\u0142owa, czy nie.<br \/>\nWykorzystali\u015bmy dwa formaty pyta\u0144: z jedn\u0105 prawid\u0142ow\u0105 odpowiedzi\u0105 oraz pytania problemowe z dopasowaniem. Odzwierciedla to zmian\u0119 formy egzamin\u00f3w z mniejszym wykorzystaniem pyta\u0144 z wieloma prawid\u0142owymi\/ nieprawid\u0142owymi odpowiedziami. Do\u0142\u0105czyli\u015bmy r\u00f3wnie\u017c kilka rycin w celu oceny zdolno\u015bci rozpoznawania stan\u00f3w klinicznych lub interpretacji wynik\u00f3w bada\u0144.<br \/>\n[Przedmowa]<\/p>\n","protected":false},"excerpt":{"rendered":"<p>Autor: W. Carroll Wydawca: Edra Urban &amp; Partner Oprawa: Mi\u0119kka [&hellip;]<\/p>\n","protected":false},"featured_media":17439,"template":"","meta":[],"product_brand":[],"product_cat":[7493,8067],"product_tag":[8247,3074],"class_list":{"0":"post-17438","1":"product","2":"type-product","3":"status-publish","4":"has-post-thumbnail","6":"product_cat-medycyna","7":"product_cat-pediatria","8":"product_tag-lissauer","9":"product_tag-pediatria","11":"first","12":"instock","13":"sale","14":"shipping-taxable","15":"purchasable","16":"product-type-simple"},"_links":{"self":[{"href":"http:\/\/ksiegarnia-akademicka.pl\/index.php\/wp-json\/wp\/v2\/product\/17438","targetHints":{"allow":["GET"]}}],"collection":[{"href":"http:\/\/ksiegarnia-akademicka.pl\/index.php\/wp-json\/wp\/v2\/product"}],"about":[{"href":"http:\/\/ksiegarnia-akademicka.pl\/index.php\/wp-json\/wp\/v2\/types\/product"}],"wp:featuredmedia":[{"embeddable":true,"href":"http:\/\/ksiegarnia-akademicka.pl\/index.php\/wp-json\/wp\/v2\/media\/17439"}],"wp:attachment":[{"href":"http:\/\/ksiegarnia-akademicka.pl\/index.php\/wp-json\/wp\/v2\/media?parent=17438"}],"wp:term":[{"taxonomy":"product_brand","embeddable":true,"href":"http:\/\/ksiegarnia-akademicka.pl\/index.php\/wp-json\/wp\/v2\/product_brand?post=17438"},{"taxonomy":"product_cat","embeddable":true,"href":"http:\/\/ksiegarnia-akademicka.pl\/index.php\/wp-json\/wp\/v2\/product_cat?post=17438"},{"taxonomy":"product_tag","embeddable":true,"href":"http:\/\/ksiegarnia-akademicka.pl\/index.php\/wp-json\/wp\/v2\/product_tag?post=17438"}],"curies":[{"name":"wp","href":"https:\/\/api.w.org\/{rel}","templated":true}]}}