{"id":17425,"date":"2024-01-15T11:06:36","date_gmt":"2024-01-15T10:06:36","guid":{"rendered":"http:\/\/ksiegarnia-akademicka.pl\/?post_type=product&#038;p=17425"},"modified":"2024-12-05T09:40:25","modified_gmt":"2024-12-05T08:40:25","slug":"cyberbezpieczenstwo-w-malych-sieciach-praktyczny-przewodnik-dla-umiarkowanych-paranoikow","status":"publish","type":"product","link":"http:\/\/ksiegarnia-akademicka.pl\/index.php\/product\/cyberbezpieczenstwo-w-malych-sieciach-praktyczny-przewodnik-dla-umiarkowanych-paranoikow\/","title":{"rendered":"Cyberbezpiecze\u0144stwo w ma\u0142ych sieciach. Praktyczny przewodnik dla umiarkowanych paranoik\u00f3w"},"content":{"rendered":"<p>Autor:<br \/>\nEnoka Seth<br \/>\nT\u0142umacze: Werner Grzegorz<br \/>\nWydawca: Helion<br \/>\nOprawa: Mi\u0119kka<br \/>\nFormat: 16.5&#215;22.8cm<br \/>\nLiczba stron: 208<br \/>\nRok wydania: 2024<br \/>\nJ\u0119zyk wydania: polski<\/p>\n<p>Ma\u0142e sieci, stosowane przez rodziny lub niewielkie firmy, s\u0105 \u0142akomym k\u0105skiem dla r\u00f3\u017cnego rodzaju przest\u0119pc\u00f3w. Poluj\u0105 oni na dane osobowe, wra\u017cliwe dane medyczne i identyfikacyjne, a tak\u017ce na w\u0142asno\u015b\u0107 intelektualn\u0105. Wielu w\u0142a\u015bcicieli ma\u0142ych sieci nie zabezpiecza ich wystarczaj\u0105co, tymczasem konsekwencje kradzie\u017cy poufnych czy wra\u017cliwych informacji mog\u0105 by\u0107 \u015bmiertelnie powa\u017cne.<br \/>\nRozwi\u0105zanie problemu znajdziesz w tej ksi\u0105\u017cce. Zosta\u0142a ona napisana specjalnie z my\u015bl\u0105 o osobach, kt\u00f3re administruj\u0105 ma\u0142ymi sieciami, dysponuj\u0105 niewielkim bud\u017cetem i ograniczonym wsparciem profesjonalist\u00f3w. Dzi\u0119ki niej zrozumiesz podstawy zabezpieczania \u0142\u0105czno\u015bci sieciowej i poznasz sposoby zabezpieczania sieci przy niewielkim nak\u0142adzie pieni\u0119dzy i czasu. Opanujesz uznane techniki hartowania system\u00f3w, takie jak mapowanie sieci, \u015bledzenie stanu urz\u0105dze\u0144 i rozpoznawanie nietypowej aktywno\u015bci, kt\u00f3ra mo\u017ce sygnalizowa\u0107 atak. Zag\u0142\u0119bisz si\u0119 w sposoby eliminowania luk w zabezpieczeniach i zapobiegania dost\u0119powi do urz\u0105dze\u0144 mobilnych i stacjonarnych, a nawet punkt\u00f3w ko\u0144cowych IoT. Dowiesz si\u0119 te\u017c, jak wdra\u017ca\u0107 w\u0142asne strategie backupu, a tak\u017ce wykrywa\u0107 i blokowa\u0107 z\u0142o\u015bliwe oprogramowanie i ransomware.<br \/>\nNauczysz si\u0119:<br \/>\n* u\u017cywa\u0107 zap\u00f3r do filtrowania ruchu sieciowego<br \/>\n* tworzy\u0107 plan segmentacji sieci i zarz\u0105dza\u0107 dost\u0119pem u\u017cytkownik\u00f3w<br \/>\n* szyfrowa\u0107 i chroni\u0107 komunikacj\u0119 sieciow\u0105<br \/>\n* ukrywa\u0107 wra\u017cliwe dane<br \/>\n* przechwytywa\u0107 i analizowa\u0107 ruch sieciowy<br \/>\n* korzysta\u0107 z Security Onion i otrzymywa\u0107 alarmy o podejrzanej aktywno\u015bci<br \/>\nZahartowana ma\u0142a sie\u0107? Zrobisz to samodzielnie!<\/p>\n","protected":false},"excerpt":{"rendered":"<p>Autor: Enoka Seth T\u0142umacze: Werner Grzegorz Wydawca: Helion Oprawa: Mi\u0119kka [&hellip;]<\/p>\n","protected":false},"featured_media":17426,"template":"","meta":[],"product_brand":[],"product_cat":[36],"product_tag":[103,2732],"class_list":{"0":"post-17425","1":"product","2":"type-product","3":"status-publish","4":"has-post-thumbnail","6":"product_cat-informatyka","7":"product_tag-informatyka","8":"product_tag-sieci-komputerowe","10":"first","11":"instock","12":"sale","13":"shipping-taxable","14":"purchasable","15":"product-type-simple"},"_links":{"self":[{"href":"http:\/\/ksiegarnia-akademicka.pl\/index.php\/wp-json\/wp\/v2\/product\/17425","targetHints":{"allow":["GET"]}}],"collection":[{"href":"http:\/\/ksiegarnia-akademicka.pl\/index.php\/wp-json\/wp\/v2\/product"}],"about":[{"href":"http:\/\/ksiegarnia-akademicka.pl\/index.php\/wp-json\/wp\/v2\/types\/product"}],"wp:featuredmedia":[{"embeddable":true,"href":"http:\/\/ksiegarnia-akademicka.pl\/index.php\/wp-json\/wp\/v2\/media\/17426"}],"wp:attachment":[{"href":"http:\/\/ksiegarnia-akademicka.pl\/index.php\/wp-json\/wp\/v2\/media?parent=17425"}],"wp:term":[{"taxonomy":"product_brand","embeddable":true,"href":"http:\/\/ksiegarnia-akademicka.pl\/index.php\/wp-json\/wp\/v2\/product_brand?post=17425"},{"taxonomy":"product_cat","embeddable":true,"href":"http:\/\/ksiegarnia-akademicka.pl\/index.php\/wp-json\/wp\/v2\/product_cat?post=17425"},{"taxonomy":"product_tag","embeddable":true,"href":"http:\/\/ksiegarnia-akademicka.pl\/index.php\/wp-json\/wp\/v2\/product_tag?post=17425"}],"curies":[{"name":"wp","href":"https:\/\/api.w.org\/{rel}","templated":true}]}}