{"id":17413,"date":"2024-01-15T10:31:10","date_gmt":"2024-01-15T09:31:10","guid":{"rendered":"http:\/\/ksiegarnia-akademicka.pl\/?post_type=product&#038;p=17413"},"modified":"2024-01-15T10:31:11","modified_gmt":"2024-01-15T09:31:11","slug":"terapia-poznawczo-behawioralna-podstawy-i-zagadnienia-szczegolowe-2","status":"publish","type":"product","link":"http:\/\/ksiegarnia-akademicka.pl\/index.php\/product\/terapia-poznawczo-behawioralna-podstawy-i-zagadnienia-szczegolowe-2\/","title":{"rendered":"Terapia poznawczo-behawioralna Podstawy i zagadnienia szczeg\u00f3\u0142owe"},"content":{"rendered":"<p>Nale\u017cy do serii:<br \/>\nPSYCHIATRIA I PSYCHOTERAPIA<br \/>\nAutor:<br \/>\nJudith S. Beck<br \/>\nT\u0142umacze: Cierpisz Malgorzata, Andruszko Robert<br \/>\nWydawca: Wydawnictwo Uniwersytetu Jagiello\u0144skiego<br \/>\nOprawa: Mi\u0119kka ze skrzyde\u0142kami<br \/>\nFormat: 15.5&#215;23.0cm<br \/>\nLiczba stron: 418<br \/>\nWydanie: 2<br \/>\nRok wydania: 2023<br \/>\nJ\u0119zyk wydania: polski<\/p>\n<p>Opr\u00f3cz podstawowych aspekt\u00f3w psychoterapii poznawczo-behawioralnej, kt\u00f3re zosta\u0142y przedstawione w pierwszym wydaniu tej ksi\u0105\u017cki, drugie wydanie omawia innowacje w zakresie teorii i praktyki klinicznej. Podobnie jak jej poprzedniczka, ksi\u0105\u017cka ta jest skazana na mi\u0119dzynarodowy sukces. Jest napisana w przejrzysty i interesuj\u0105cy spos\u00f3b i zawiera wiele praktycznych wskaz\u00f3wek i przyk\u0142ad\u00f3w klinicznych. Jest to naprawd\u0119 niezb\u0119dna lektura dla ka\u017cdego, kto chce sta\u0107 si\u0119 ekspertem w dziedzinie psychoterapii poznawczo-behawioralnej.<br \/>\nDr Keith S. Dobson, profesor i kierownik Katedry Psychologii<br \/>\nUniwersytet w Calgary, Kanada<\/p>\n","protected":false},"excerpt":{"rendered":"<p>Nale\u017cy do serii: PSYCHIATRIA I PSYCHOTERAPIA Autor: Judith S. Beck [&hellip;]<\/p>\n","protected":false},"featured_media":17414,"template":"","meta":[],"product_brand":[],"product_cat":[27,7509],"product_tag":[1665,1186,1659],"class_list":{"0":"post-17413","1":"product","2":"type-product","3":"status-publish","4":"has-post-thumbnail","6":"product_cat-nauki-spoleczne","7":"product_cat-psychologia","8":"product_tag-psychiatria","9":"product_tag-psychologia","10":"product_tag-psychoterapia","12":"first","13":"instock","14":"sale","15":"shipping-taxable","16":"purchasable","17":"product-type-simple"},"_links":{"self":[{"href":"http:\/\/ksiegarnia-akademicka.pl\/index.php\/wp-json\/wp\/v2\/product\/17413","targetHints":{"allow":["GET"]}}],"collection":[{"href":"http:\/\/ksiegarnia-akademicka.pl\/index.php\/wp-json\/wp\/v2\/product"}],"about":[{"href":"http:\/\/ksiegarnia-akademicka.pl\/index.php\/wp-json\/wp\/v2\/types\/product"}],"wp:featuredmedia":[{"embeddable":true,"href":"http:\/\/ksiegarnia-akademicka.pl\/index.php\/wp-json\/wp\/v2\/media\/17414"}],"wp:attachment":[{"href":"http:\/\/ksiegarnia-akademicka.pl\/index.php\/wp-json\/wp\/v2\/media?parent=17413"}],"wp:term":[{"taxonomy":"product_brand","embeddable":true,"href":"http:\/\/ksiegarnia-akademicka.pl\/index.php\/wp-json\/wp\/v2\/product_brand?post=17413"},{"taxonomy":"product_cat","embeddable":true,"href":"http:\/\/ksiegarnia-akademicka.pl\/index.php\/wp-json\/wp\/v2\/product_cat?post=17413"},{"taxonomy":"product_tag","embeddable":true,"href":"http:\/\/ksiegarnia-akademicka.pl\/index.php\/wp-json\/wp\/v2\/product_tag?post=17413"}],"curies":[{"name":"wp","href":"https:\/\/api.w.org\/{rel}","templated":true}]}}