{"id":17366,"date":"2024-01-08T11:00:01","date_gmt":"2024-01-08T10:00:01","guid":{"rendered":"http:\/\/ksiegarnia-akademicka.pl\/?post_type=product&#038;p=17366"},"modified":"2024-01-08T11:00:17","modified_gmt":"2024-01-08T10:00:17","slug":"zaburzenie-obsesyjno-kompulsyjne-poradnik-pacjenta-terapia-ekspozycji-i-powstrzymania-reakcji","status":"publish","type":"product","link":"http:\/\/ksiegarnia-akademicka.pl\/index.php\/product\/zaburzenie-obsesyjno-kompulsyjne-poradnik-pacjenta-terapia-ekspozycji-i-powstrzymania-reakcji\/","title":{"rendered":"Zaburzenie obsesyjno-kompulsyjne Poradnik pacjenta Terapia ekspozycji i powstrzymania reakcji"},"content":{"rendered":"<p>Autor:<br \/>\nFoa Edna B., Yadin Elna, Lichner Tracey K.<br \/>\nT\u0142umacze: Pikiel Sylwia<br \/>\nWydawca: GWP<br \/>\nOprawa: Mi\u0119kka<br \/>\nFormat: 16.5&#215;23.5cm<br \/>\nLiczba stron: 72<br \/>\nRok wydania: 2024<br \/>\nJ\u0119zyk wydania: polski<\/p>\n<p>Pierwsze wydanie w j\u0119zyku polskim jednego z najskuteczniejszych program\u00f3w terapii zaburzenia obsesyjno-kompulsyjnego<\/p>\n<p>Zaburzenie obsesyjno-kompulsyjne to przewlek\u0142a dolegliwo\u015b\u0107 wp\u0142ywaj\u0105ca na codzienne funkcjonowanie i na jako\u015b\u0107 \u017cycia dotkni\u0119tej nim osoby. Niniejsza ksi\u0105\u017cka to doskona\u0142y poradnik napisany z my\u015bl\u0105 o osobach pragn\u0105cych zapanowa\u0107 nad natr\u0119tnymi my\u015blami i reakcjami za pomoc\u0105 terapii, kt\u00f3rej skuteczno\u015b\u0107 zosta\u0142a potwierdzona klinicznie.<br \/>\nAutorki w przyst\u0119pny spos\u00f3b wyja\u015bniaj\u0105, czym cechuje si\u0119 zaburzenie obsesyjno-kompulsyjne, jakie s\u0105 jego przyczyny i jak radzi\u0107 sobie z objawami. Opisuj\u0105 najskuteczniejszy w jego przypadku program terapii ekspozycji i powstrzymania reakcji, w tym cele leczenia, stosowane techniki oraz przebieg poszczeg\u00f3lnych sesji. Poradnik dla pacjenta, stanowi\u0105cy uzupe\u0142nienie podr\u0119cznika terapeuty, zawiera wszystkie formularze wykorzystywane podczas sesji i niezb\u0119dne do wykonania zada\u0144 domowych. Formularze te s\u0142u\u017c\u0105 do tworzenia hierarchii ekspozycji, codziennego monitorowania rytua\u0142\u00f3w, przeprowadzania ekspozycji in vivo i wyobra\u017ceniowych oraz prowadzenia zapisu ekspozycji wykonywanych w ramach pracy domowej. Niniejsza ksi\u0105\u017cka to \u017ar\u00f3d\u0142o rzetelnych informacji dla os\u00f3b uczestnicz\u0105cych w terapii, wspieraj\u0105ce ich dzia\u0142ania mi\u0119dzy sesjami.<\/p>\n","protected":false},"excerpt":{"rendered":"<p>Autor: Foa Edna B., Yadin Elna, Lichner Tracey K. T\u0142umacze: [&hellip;]<\/p>\n","protected":false},"featured_media":17367,"template":"","meta":[],"product_brand":[],"product_cat":[27,7509],"product_tag":[1665,1186,8241],"class_list":{"0":"post-17366","1":"product","2":"type-product","3":"status-publish","4":"has-post-thumbnail","6":"product_cat-nauki-spoleczne","7":"product_cat-psychologia","8":"product_tag-psychiatria","9":"product_tag-psychologia","10":"product_tag-zaburzenia-obsesyjno-kompulsyjne","12":"first","13":"instock","14":"shipping-taxable","15":"purchasable","16":"product-type-simple"},"_links":{"self":[{"href":"http:\/\/ksiegarnia-akademicka.pl\/index.php\/wp-json\/wp\/v2\/product\/17366","targetHints":{"allow":["GET"]}}],"collection":[{"href":"http:\/\/ksiegarnia-akademicka.pl\/index.php\/wp-json\/wp\/v2\/product"}],"about":[{"href":"http:\/\/ksiegarnia-akademicka.pl\/index.php\/wp-json\/wp\/v2\/types\/product"}],"wp:featuredmedia":[{"embeddable":true,"href":"http:\/\/ksiegarnia-akademicka.pl\/index.php\/wp-json\/wp\/v2\/media\/17367"}],"wp:attachment":[{"href":"http:\/\/ksiegarnia-akademicka.pl\/index.php\/wp-json\/wp\/v2\/media?parent=17366"}],"wp:term":[{"taxonomy":"product_brand","embeddable":true,"href":"http:\/\/ksiegarnia-akademicka.pl\/index.php\/wp-json\/wp\/v2\/product_brand?post=17366"},{"taxonomy":"product_cat","embeddable":true,"href":"http:\/\/ksiegarnia-akademicka.pl\/index.php\/wp-json\/wp\/v2\/product_cat?post=17366"},{"taxonomy":"product_tag","embeddable":true,"href":"http:\/\/ksiegarnia-akademicka.pl\/index.php\/wp-json\/wp\/v2\/product_tag?post=17366"}],"curies":[{"name":"wp","href":"https:\/\/api.w.org\/{rel}","templated":true}]}}