{"id":17322,"date":"2023-12-21T09:14:03","date_gmt":"2023-12-21T08:14:03","guid":{"rendered":"http:\/\/ksiegarnia-akademicka.pl\/?post_type=product&#038;p=17322"},"modified":"2023-12-21T09:14:04","modified_gmt":"2023-12-21T08:14:04","slug":"transport-kolejowy-wyzwania-i-innowacje","status":"publish","type":"product","link":"http:\/\/ksiegarnia-akademicka.pl\/index.php\/product\/transport-kolejowy-wyzwania-i-innowacje\/","title":{"rendered":"Transport kolejowy &#8211; wyzwania i innowacje"},"content":{"rendered":"<p>Autor:<br \/>\nMonika Zi\u00f3\u0142ko<br \/>\nWydawca: CeDeWu<br \/>\nOprawa: Mi\u0119kka<br \/>\nFormat: 16.5&#215;23.5cm<br \/>\nLiczba stron: 236<br \/>\nWydanie: 1<br \/>\nRok wydania: 2023<br \/>\nJ\u0119zyk wydania: polski<\/p>\n<p>Na przestrzeni dw\u00f3ch wiek\u00f3w kolej przesz\u0142a wiele zmian. Pocz\u0105wszy od \u017ar\u00f3de\u0142 zasilania, infrastruktury, dost\u0119pno\u015bci, znaczenia w gospodarce, po unowocze\u015bniony tabor, szybko\u015b\u0107 i komfort jazdy. Wsp\u00f3\u0142czesne spo\u0142ecze\u0144stwa stawiaj\u0105 coraz to wi\u0119ksze wyzwania przewo\u017anikom, wymuszaj\u0105c zmiany czyni\u0105ce kolej bardziej konkurencyjn\u0105 form\u0105 transportu. Dodatkowo zmiany klimatyczne powoduj\u0105 konieczno\u015b\u0107 szukania bardziej ekologicznych rozwi\u0105za\u0144 zar\u00f3wno w zakresie zasilania taboru, jak i infrastruktury kolejowej. W\u015br\u00f3d om\u00f3wionych przez Autor\u00f3w zagadnie\u0144 m.in.: \u2022 kolej du\u017cych pr\u0119dko\u015bci, kolej magnetyczna, kolej wodorowa, \u2022 hyperloop, \u2022 poci\u0105gi wysoce zautomatyzowane i autonomiczne, \u2022 Internet of Trains, \u2022 zastosowanie dron\u00f3w i statk\u00f3w lataj\u0105cych w transporcie kolejowym, \u2022 oddzia\u0142ywanie transportu kolejowego na \u015brodowisko, \u2022 transport kolejowy w realiach wojny rosyjsko-ukrai\u0144skiej, \u2022 rola Polski w inicjatywie Nowego Jedwabnego Szlaku.<\/p>\n","protected":false},"excerpt":{"rendered":"<p>Autor: Monika Zi\u00f3\u0142ko Wydawca: CeDeWu Oprawa: Mi\u0119kka Format: 16.5&#215;23.5cm Liczba [&hellip;]<\/p>\n","protected":false},"featured_media":17323,"template":"","meta":[],"product_brand":[],"product_cat":[41,7923],"product_tag":[150],"class_list":{"0":"post-17322","1":"product","2":"type-product","3":"status-publish","4":"has-post-thumbnail","6":"product_cat-nauki-techniczne","7":"product_cat-transport-kolejowy","8":"product_tag-transport-kolejowy","10":"first","11":"instock","12":"sale","13":"shipping-taxable","14":"purchasable","15":"product-type-simple"},"_links":{"self":[{"href":"http:\/\/ksiegarnia-akademicka.pl\/index.php\/wp-json\/wp\/v2\/product\/17322","targetHints":{"allow":["GET"]}}],"collection":[{"href":"http:\/\/ksiegarnia-akademicka.pl\/index.php\/wp-json\/wp\/v2\/product"}],"about":[{"href":"http:\/\/ksiegarnia-akademicka.pl\/index.php\/wp-json\/wp\/v2\/types\/product"}],"wp:featuredmedia":[{"embeddable":true,"href":"http:\/\/ksiegarnia-akademicka.pl\/index.php\/wp-json\/wp\/v2\/media\/17323"}],"wp:attachment":[{"href":"http:\/\/ksiegarnia-akademicka.pl\/index.php\/wp-json\/wp\/v2\/media?parent=17322"}],"wp:term":[{"taxonomy":"product_brand","embeddable":true,"href":"http:\/\/ksiegarnia-akademicka.pl\/index.php\/wp-json\/wp\/v2\/product_brand?post=17322"},{"taxonomy":"product_cat","embeddable":true,"href":"http:\/\/ksiegarnia-akademicka.pl\/index.php\/wp-json\/wp\/v2\/product_cat?post=17322"},{"taxonomy":"product_tag","embeddable":true,"href":"http:\/\/ksiegarnia-akademicka.pl\/index.php\/wp-json\/wp\/v2\/product_tag?post=17322"}],"curies":[{"name":"wp","href":"https:\/\/api.w.org\/{rel}","templated":true}]}}