{"id":17234,"date":"2023-12-15T08:34:14","date_gmt":"2023-12-15T07:34:14","guid":{"rendered":"http:\/\/ksiegarnia-akademicka.pl\/?post_type=product&#038;p=17234"},"modified":"2023-12-15T08:34:14","modified_gmt":"2023-12-15T07:34:14","slug":"jak-rysowac-czlowieka-kurs-dla-artystow-ilustratorow-i-animatorow","status":"publish","type":"product","link":"http:\/\/ksiegarnia-akademicka.pl\/index.php\/product\/jak-rysowac-czlowieka-kurs-dla-artystow-ilustratorow-i-animatorow\/","title":{"rendered":"Jak rysowa\u0107 cz\u0142owieka Kurs dla artyst\u00f3w, ilustrator\u00f3w i animator\u00f3w"},"content":{"rendered":"<p>Autor:<br \/>\nJeff Mellem<br \/>\nT\u0142umacze: Sikorski Witold<br \/>\nWydawca: Wydawnictwo Naukowe PWN<br \/>\nOprawa: Mi\u0119kka<br \/>\nFormat: 20.5&#215;28.5cm<br \/>\nLiczba stron: 128<br \/>\nWydanie: 1<br \/>\nRok wydania: 2023<br \/>\nJ\u0119zyk wydania: polski<\/p>\n<p>Jak narysowa\u0107 cz\u0142owieka? Dowiesz si\u0119 o tym z tej jednej ksi\u0105\u017cki, kt\u00f3ra jest kompletnym przewodnikiem po rysowaniu postaci dla pocz\u0105tkuj\u0105cych. Jeff Mellem pokazuje krok po kroku, w \u0142atwych do powt\u00f3rzenia lekcjach, jak narysowa\u0107 realistycznie posta\u0107 ludzk\u0105. Na pocz\u0105tku autor uczy pewnych podstaw, kt\u00f3re maj\u0105 na celu rozwijanie zdolno\u015bci rozumowania przestrzennego i k\u0142ad\u0105 podwaliny pod czerpanie z wyobra\u017ani. Ka\u017cdy nowy rozdzia\u0142 opiera si\u0119 na poprzednim i wprowadza nowe zagadnienia, aby zapewni\u0107 umiej\u0119tno\u015bci potrzebne do zwi\u0119kszenia z\u0142o\u017cono\u015bci rysunku. Pod koniec ka\u017cdego rozdzia\u0142u b\u0119dziesz w stanie narysowa\u0107 cz\u0142owieka z wi\u0119ksz\u0105 szczeg\u00f3\u0142owo\u015bci\u0105, a finalnie, kieruj\u0105c si\u0119 swoj\u0105 wyobra\u017ani\u0105, wymy\u015bla\u0107 nowe fantastyczne postacie i pozy.<br \/>\nW ksi\u0105\u017cce znajdziesz liczne wskaz\u00f3wki i cele, zadania do \u0107wiczenia nowych umiej\u0119tno\u015bci oraz listy kontrolne, s\u0142u\u017c\u0105ce do oceny swoich umiej\u0119tno\u015bci przed przej\u015bciem do kolejnego etapu. Ksi\u0105\u017cka przeznaczona jest dla pocz\u0105tkuj\u0105cych artyst\u00f3w, nauczycieli i animator\u00f3w oraz wszystkich zainteresowanych rysowaniem.<\/p>\n","protected":false},"excerpt":{"rendered":"<p>Autor: Jeff Mellem T\u0142umacze: Sikorski Witold Wydawca: Wydawnictwo Naukowe PWN [&hellip;]<\/p>\n","protected":false},"featured_media":17235,"template":"","meta":[],"product_brand":[],"product_cat":[7824],"product_tag":[2223,5033,1257,8236],"class_list":{"0":"post-17234","1":"product","2":"type-product","3":"status-publish","4":"has-post-thumbnail","6":"product_cat-malarstwo","7":"product_tag-grafika","8":"product_tag-malarstwo","9":"product_tag-poradniki","10":"product_tag-rysunek","12":"first","13":"instock","14":"sale","15":"shipping-taxable","16":"purchasable","17":"product-type-simple"},"_links":{"self":[{"href":"http:\/\/ksiegarnia-akademicka.pl\/index.php\/wp-json\/wp\/v2\/product\/17234","targetHints":{"allow":["GET"]}}],"collection":[{"href":"http:\/\/ksiegarnia-akademicka.pl\/index.php\/wp-json\/wp\/v2\/product"}],"about":[{"href":"http:\/\/ksiegarnia-akademicka.pl\/index.php\/wp-json\/wp\/v2\/types\/product"}],"wp:featuredmedia":[{"embeddable":true,"href":"http:\/\/ksiegarnia-akademicka.pl\/index.php\/wp-json\/wp\/v2\/media\/17235"}],"wp:attachment":[{"href":"http:\/\/ksiegarnia-akademicka.pl\/index.php\/wp-json\/wp\/v2\/media?parent=17234"}],"wp:term":[{"taxonomy":"product_brand","embeddable":true,"href":"http:\/\/ksiegarnia-akademicka.pl\/index.php\/wp-json\/wp\/v2\/product_brand?post=17234"},{"taxonomy":"product_cat","embeddable":true,"href":"http:\/\/ksiegarnia-akademicka.pl\/index.php\/wp-json\/wp\/v2\/product_cat?post=17234"},{"taxonomy":"product_tag","embeddable":true,"href":"http:\/\/ksiegarnia-akademicka.pl\/index.php\/wp-json\/wp\/v2\/product_tag?post=17234"}],"curies":[{"name":"wp","href":"https:\/\/api.w.org\/{rel}","templated":true}]}}