{"id":17232,"date":"2023-12-15T08:31:45","date_gmt":"2023-12-15T07:31:45","guid":{"rendered":"http:\/\/ksiegarnia-akademicka.pl\/?post_type=product&#038;p=17232"},"modified":"2023-12-15T08:31:45","modified_gmt":"2023-12-15T07:31:45","slug":"powstanie-styczniowe-fakty-znane-i-nieznane","status":"publish","type":"product","link":"http:\/\/ksiegarnia-akademicka.pl\/index.php\/product\/powstanie-styczniowe-fakty-znane-i-nieznane\/","title":{"rendered":"Powstanie styczniowe Fakty znane i nieznane"},"content":{"rendered":"<p>Autor:<br \/>\nJacek Jaworski<br \/>\nWydawca: SBM<br \/>\nOprawa: Twarda<br \/>\nFormat: 16.5&#215;23.5cm<br \/>\nLiczba stron: 320<br \/>\nRok wydania: 2023<br \/>\nJ\u0119zyk wydania: polski<\/p>\n<p>Ksi\u0105\u017cka Jacka Jaworskiego przywo\u0142uje dramatyczne wydarzenia i kulisy walki o niepodleg\u0142o\u015b\u0107 w latach 1863\u20131864, prezentuj\u0105c wiele nowych i cennych ustale\u0144 Autora, wzbogacaj\u0105cych nasz\u0105 wiedz\u0119 o czasie powstania styczniowego.<br \/>\nPorusza zagadnienia takie jak powsta\u0144cze sztandary i barwy, niezwyk\u0142e projekty techniczno-militarne z czas\u00f3w styczniowej insurekcji, a tak\u017ce kwestie udzia\u0142u cudzoziemc\u00f3w w tych bojach czy nieznanych powsta\u0144czych formacji i aparatu bezpiecze\u0144stwa. Ksi\u0105\u017ck\u0119 wie\u0144czy temat po\u017cegnania z broni\u0105, kt\u00f3re przysz\u0142o wraz z kl\u0119sk\u0105 powsta\u0144czego zrywu.<br \/>\nPraca jest oparta na licznych wydawnictwach \u017ar\u00f3d\u0142owych, si\u0119ga do ocala\u0142ej spu\u015bcizny po powstaniu i skrz\u0119tnie wykorzystuje literatur\u0119 przedmiotu. Wzbogacona o oryginalny materia\u0142 ilustracyjny zainteresuje nie tylko historyk\u00f3w, ale tak\u017ce szersze grono mi\u0142o\u015bnik\u00f3w polskiej historii.<\/p>\n","protected":false},"excerpt":{"rendered":"<p>Autor: Jacek Jaworski Wydawca: SBM Oprawa: Twarda Format: 16.5&#215;23.5cm Liczba [&hellip;]<\/p>\n","protected":false},"featured_media":17233,"template":"","meta":[],"product_brand":[],"product_cat":[38],"product_tag":[71,67],"class_list":{"0":"post-17232","1":"product","2":"type-product","3":"status-publish","4":"has-post-thumbnail","6":"product_cat-historia","7":"product_tag-historia","8":"product_tag-historia-polski","10":"first","11":"instock","12":"sale","13":"shipping-taxable","14":"purchasable","15":"product-type-simple"},"_links":{"self":[{"href":"http:\/\/ksiegarnia-akademicka.pl\/index.php\/wp-json\/wp\/v2\/product\/17232","targetHints":{"allow":["GET"]}}],"collection":[{"href":"http:\/\/ksiegarnia-akademicka.pl\/index.php\/wp-json\/wp\/v2\/product"}],"about":[{"href":"http:\/\/ksiegarnia-akademicka.pl\/index.php\/wp-json\/wp\/v2\/types\/product"}],"wp:featuredmedia":[{"embeddable":true,"href":"http:\/\/ksiegarnia-akademicka.pl\/index.php\/wp-json\/wp\/v2\/media\/17233"}],"wp:attachment":[{"href":"http:\/\/ksiegarnia-akademicka.pl\/index.php\/wp-json\/wp\/v2\/media?parent=17232"}],"wp:term":[{"taxonomy":"product_brand","embeddable":true,"href":"http:\/\/ksiegarnia-akademicka.pl\/index.php\/wp-json\/wp\/v2\/product_brand?post=17232"},{"taxonomy":"product_cat","embeddable":true,"href":"http:\/\/ksiegarnia-akademicka.pl\/index.php\/wp-json\/wp\/v2\/product_cat?post=17232"},{"taxonomy":"product_tag","embeddable":true,"href":"http:\/\/ksiegarnia-akademicka.pl\/index.php\/wp-json\/wp\/v2\/product_tag?post=17232"}],"curies":[{"name":"wp","href":"https:\/\/api.w.org\/{rel}","templated":true}]}}