{"id":17200,"date":"2023-12-11T09:02:54","date_gmt":"2023-12-11T08:02:54","guid":{"rendered":"http:\/\/ksiegarnia-akademicka.pl\/?post_type=product&#038;p=17200"},"modified":"2023-12-11T09:02:54","modified_gmt":"2023-12-11T08:02:54","slug":"mysli-nieuczesane-wydanie-poprawione","status":"publish","type":"product","link":"http:\/\/ksiegarnia-akademicka.pl\/index.php\/product\/mysli-nieuczesane-wydanie-poprawione\/","title":{"rendered":"My\u015bli nieuczesane Wydanie poprawione"},"content":{"rendered":"<p>Autor:<br \/>\nStanis\u0142aw Jerzy Lec<br \/>\nWydawca: Noir Sur Blanc<br \/>\nOprawa: Twarda z obwolut\u0105<br \/>\nFormat: 13.1&#215;18.1cm<br \/>\nLiczba stron: 792<br \/>\nWydanie: 6<br \/>\nRok wydania: 2023<br \/>\nJ\u0119zyk wydania: polski<\/p>\n<p>&#8222;Jest to ksi\u0105\u017cka, z kt\u00f3rej ka\u017cdy cywilizowany, my\u015bl\u0105cy cz\u0142owiek powinien co wiecz\u00f3r przeczyta\u0107 trzy lub cztery linijki, zanim za\u015bnie (je\u015bli w og\u00f3le b\u0119dzie m\u00f3g\u0142 zasn\u0105\u0107).&#8221; Umberto Eco Si\u0119gaj\u0105c po formu\u0142\u0119 staro\u017cytnych sentencji, pos\u0142uguj\u0105c si\u0119 ostrym dowcipem, kalamburem, skr\u00f3tem my\u015blowym, kondensacj\u0105 znacze\u0144, Lec budowa\u0142 wyj\u0105tkowo trafny komentarz do wynaturze\u0144 wsp\u00f3\u0142czesnych czas\u00f3w, nawi\u0105zuj\u0105c do najszerszego kontekstu kultury europejskiej. Sta\u0142 si\u0119 mistrzem paradoksu, tropicielem wszelkich my\u015blowych falsyfikat\u00f3w i j\u0119zykowych frazes\u00f3w, zniewalaj\u0105cych ludzk\u0105 indywidualno\u015b\u0107 i pozostaj\u0105cych na us\u0142ugach totalitaryzmu. Cho\u0107 czytelnikom jego aforyzmy wydawa\u0107 si\u0119 mog\u0142y celn\u0105 reakcj\u0105 na absurdy peerelowskiej rzeczywisto\u015bci, nie s\u0105 one jedynie wytworem chwili historycznej, lecz zachowuj\u0105 aktualno\u015b\u0107 i uniwersalny sens: Nie poznaj\u0119 tych ludzi. Na barykadach byli wy\u017csi. Gorszy od \u201ekultu jednostki\u201d jest \u201ekult zera\u201d. S\u0105 tacy, co nie maj\u0105 \u017cadnych uprzedze\u0144 narodowych. Mog\u0105 bi\u0107 si\u0119 z ka\u017cdym. Z opozycji mo\u017cna si\u0119 wyliza\u0107. W My\u015blach nieuczesanych Lec kontynuuje tradycj\u0119 gorzkiego \u017cydowskiego humoru i intelektualnej gry, prze\u015bcigaj\u0105c lapidarno\u015bci\u0105 i esencjonalno\u015bci\u0105 swych aforyzm\u00f3w niekwestionowanego mistrza gatunku, wiede\u0144czyka Karla Krausa. W eseju po\u015bwi\u0119conym pami\u0119ci wybitnego aforysty prof. Leszek Ko\u0142akowski napisa\u0142: \u201eRozbudza\u0142 swoim wysi\u0142kiem ten obszar \u015bwiadomo\u015bci, ku kt\u00f3remu si\u0119 zwraca autentyczna praca filozofa: miast, jak zawodowi filozofowie nieraz czyni\u0105, zlepia\u0107 zastane bana\u0142y w pozorne ca\u0142o\u015bci, demaskowa\u0142, jeden po drugim, ka\u017cdy bana\u0142 obiegowy, nie darowa\u0142 \u017cadnemu s\u0142owu, kt\u00f3re bezw\u0142adem j\u0119zyka usypia my\u015bl. Przywr\u00f3ci\u0142 godno\u015b\u0107 pi\u0119knemu kunsztowi aforystyki, wyja\u0142owionemu przez wym\u0119czony humorek kalamburzyst\u00f3w, dla kt\u00f3rych kalambur jest celem, nie za\u015b my\u015bl, wyra\u017caj\u0105ca rzeczywiste paradoksy \u015bwiata\u201d. T\u0142umaczone na wiele j\u0119zyk\u00f3w, cytowane w renomowanych antologiach, My\u015bli nieuczesane sta\u0142y si\u0119 ulubion\u0105 lektur\u0105 artyst\u00f3w, naukowc\u00f3w i polityk\u00f3w.<\/p>\n","protected":false},"excerpt":{"rendered":"<p>Autor: Stanis\u0142aw Jerzy Lec Wydawca: Noir Sur Blanc Oprawa: Twarda [&hellip;]<\/p>\n","protected":false},"featured_media":17201,"template":"","meta":[],"product_brand":[],"product_cat":[7707],"product_tag":[5953,6300],"class_list":{"0":"post-17200","1":"product","2":"type-product","3":"status-publish","4":"has-post-thumbnail","6":"product_cat-literatura","7":"product_tag-literatura","8":"product_tag-literatura-polska","10":"first","11":"instock","12":"sale","13":"shipping-taxable","14":"purchasable","15":"product-type-simple"},"_links":{"self":[{"href":"http:\/\/ksiegarnia-akademicka.pl\/index.php\/wp-json\/wp\/v2\/product\/17200","targetHints":{"allow":["GET"]}}],"collection":[{"href":"http:\/\/ksiegarnia-akademicka.pl\/index.php\/wp-json\/wp\/v2\/product"}],"about":[{"href":"http:\/\/ksiegarnia-akademicka.pl\/index.php\/wp-json\/wp\/v2\/types\/product"}],"wp:featuredmedia":[{"embeddable":true,"href":"http:\/\/ksiegarnia-akademicka.pl\/index.php\/wp-json\/wp\/v2\/media\/17201"}],"wp:attachment":[{"href":"http:\/\/ksiegarnia-akademicka.pl\/index.php\/wp-json\/wp\/v2\/media?parent=17200"}],"wp:term":[{"taxonomy":"product_brand","embeddable":true,"href":"http:\/\/ksiegarnia-akademicka.pl\/index.php\/wp-json\/wp\/v2\/product_brand?post=17200"},{"taxonomy":"product_cat","embeddable":true,"href":"http:\/\/ksiegarnia-akademicka.pl\/index.php\/wp-json\/wp\/v2\/product_cat?post=17200"},{"taxonomy":"product_tag","embeddable":true,"href":"http:\/\/ksiegarnia-akademicka.pl\/index.php\/wp-json\/wp\/v2\/product_tag?post=17200"}],"curies":[{"name":"wp","href":"https:\/\/api.w.org\/{rel}","templated":true}]}}