{"id":17198,"date":"2023-12-11T09:00:51","date_gmt":"2023-12-11T08:00:51","guid":{"rendered":"http:\/\/ksiegarnia-akademicka.pl\/?post_type=product&#038;p=17198"},"modified":"2024-12-05T09:25:54","modified_gmt":"2024-12-05T08:25:54","slug":"przygody-baltazara-gabki-trylogia","status":"publish","type":"product","link":"http:\/\/ksiegarnia-akademicka.pl\/index.php\/product\/przygody-baltazara-gabki-trylogia\/","title":{"rendered":"Przygody Baltazara G\u0105bki Trylogia"},"content":{"rendered":"<p>Autor:<br \/>\nStanis\u0142aw Pagaczewski<br \/>\nWydawca: Literackie<br \/>\nOprawa: Twarda<br \/>\nFormat: 14.3&#215;20.5cm<br \/>\nLiczba stron: 720<br \/>\nWydanie: 1<br \/>\nRok wydania: 2023<br \/>\nJ\u0119zyk wydania: polski<\/p>\n<p>Carramba! Kultowe powie\u015bci Stanis\u0142awa Pagaczewskiego o przygodach profesora Baltazara G\u0105bki i Smoka Wawelskiego po raz pierwszy wydane w jednym tomie. W twardej oprawie i z oryginalnymi, kolorowymi ilustracjami Alfreda Ledwiga. Cykl stworzony przez Stanis\u0142awa Pagaczewskiego sk\u0142ada si\u0119 z trzech powie\u015bci: &#8222;Porwanie Baltazara G\u0105bki&#8221;, &#8222;Misja profesora G\u0105bki&#8221; oraz &#8222;G\u0105bka i lataj\u0105ce talerze&#8221;. Autor w mistrzowski spos\u00f3b po\u0142\u0105czy\u0142 elementy powie\u015bci przygodowej i szpiegowskiej z du\u017c\u0105 dawk\u0105 niezwykle oryginalnego humoru, zdobywaj\u0105c w efekcie rzesze oddanych czytelnik\u00f3w, kt\u00f3rzy do dzi\u015b recytuj\u0105 z pami\u0119ci fragmenty ksi\u0105\u017cek o Smoku i jego przyjacio\u0142ach. Na przygodach Baltazara G\u0105bki wychowa\u0142o si\u0119 kilka pokole\u0144 Polak\u00f3w, cho\u0107 szpiedzy z Krainy Deszczowc\u00f3w robili wszystko, aby w tym przeszkodzi\u0107. Absolutna klasyka na Gwiazdk\u0119! Stanis\u0142aw Pagaczewski (1916-1984), poeta, prozaik, reporta\u017cysta i autor przewodnik\u00f3w krajoznawczych. Uko\u0144czy\u0142 studia polonistyczne na Uniwersytecie Jagiello\u0144skim. W okresie okupacji uczestniczy\u0142 w tajnym nauczaniu. Po wojnie by\u0142 dziennikarzem i dzia\u0142aczem organizacji turystyczno-krajoznawczych. Autor ksi\u0105\u017cek, kt\u00f3re na trwa\u0142e wesz\u0142y do klasyki literatury dzieci\u0119cej, kawaler Orderu U\u015bmiechu.<\/p>\n","protected":false},"excerpt":{"rendered":"<p>Autor: Stanis\u0142aw Pagaczewski Wydawca: Literackie Oprawa: Twarda Format: 14.3&#215;20.5cm Liczba [&hellip;]<\/p>\n","protected":false},"featured_media":17199,"template":"","meta":[],"product_brand":[],"product_cat":[7707],"product_tag":[5953,7817],"class_list":{"0":"post-17198","1":"product","2":"type-product","3":"status-publish","4":"has-post-thumbnail","6":"product_cat-literatura","7":"product_tag-literatura","8":"product_tag-literatura-dziecieca","10":"first","11":"instock","12":"sale","13":"shipping-taxable","14":"purchasable","15":"product-type-simple"},"_links":{"self":[{"href":"http:\/\/ksiegarnia-akademicka.pl\/index.php\/wp-json\/wp\/v2\/product\/17198","targetHints":{"allow":["GET"]}}],"collection":[{"href":"http:\/\/ksiegarnia-akademicka.pl\/index.php\/wp-json\/wp\/v2\/product"}],"about":[{"href":"http:\/\/ksiegarnia-akademicka.pl\/index.php\/wp-json\/wp\/v2\/types\/product"}],"wp:featuredmedia":[{"embeddable":true,"href":"http:\/\/ksiegarnia-akademicka.pl\/index.php\/wp-json\/wp\/v2\/media\/17199"}],"wp:attachment":[{"href":"http:\/\/ksiegarnia-akademicka.pl\/index.php\/wp-json\/wp\/v2\/media?parent=17198"}],"wp:term":[{"taxonomy":"product_brand","embeddable":true,"href":"http:\/\/ksiegarnia-akademicka.pl\/index.php\/wp-json\/wp\/v2\/product_brand?post=17198"},{"taxonomy":"product_cat","embeddable":true,"href":"http:\/\/ksiegarnia-akademicka.pl\/index.php\/wp-json\/wp\/v2\/product_cat?post=17198"},{"taxonomy":"product_tag","embeddable":true,"href":"http:\/\/ksiegarnia-akademicka.pl\/index.php\/wp-json\/wp\/v2\/product_tag?post=17198"}],"curies":[{"name":"wp","href":"https:\/\/api.w.org\/{rel}","templated":true}]}}