{"id":17192,"date":"2023-12-11T08:54:00","date_gmt":"2023-12-11T07:54:00","guid":{"rendered":"http:\/\/ksiegarnia-akademicka.pl\/?post_type=product&#038;p=17192"},"modified":"2023-12-11T08:54:00","modified_gmt":"2023-12-11T07:54:00","slug":"wszystkie-przygody-ferdynanda-wspanialego","status":"publish","type":"product","link":"http:\/\/ksiegarnia-akademicka.pl\/index.php\/product\/wszystkie-przygody-ferdynanda-wspanialego\/","title":{"rendered":"Wszystkie przygody Ferdynanda Wspania\u0142ego"},"content":{"rendered":"<p>Autor:<br \/>\nLudwik Jerzy Kern<br \/>\nWydawca: Literackie<br \/>\nOprawa: Twarda<br \/>\nFormat: 16.5&#215;24.0cm<br \/>\nLiczba stron: 272<br \/>\nWydanie: 1<br \/>\nRok wydania: 2023<br \/>\nJ\u0119zyk wydania: polski<\/p>\n<p>Klasyka literatury dzieci\u0119cej pi\u00f3ra Ludwika Jerzego Kerna, z doskonale znanymi wielu pokoleniom ilustracjami Kazimierza Mikulskiego, po raz pierwszy zebrana w jednym tomie! Znacie ju\u017c Ferdynanda Wspania\u0142ego? Jeszcze nie?! To najwy\u017cszy czas nadrobi\u0107 zaleg\u0142o\u015bci. Co nieco opowiedzie\u0107 wam mog\u0105 rodzice, a nawet dziadkowie, bo Ferdynand to najbardziej znany czworon\u00f3g w polskiej literaturze. Ba! Celebryta w\u015br\u00f3d ps\u00f3w! Ten dobrze u\u0142o\u017cony cz\u0142onek pewnej mieszcza\u0144skiej rodziny popo\u0142udnia sp\u0119dza najch\u0119tniej na kanapie, kt\u00f3ra jest stara i z jednej strony ma zag\u0142\u0119bienie wielko\u015bci Ferdynanda. Dzieli j\u0105 ze swoim panem, ale ten szybko zasypia, wi\u0119c i Ferdynand czuje si\u0119 znu\u017cony. A kiedy ju\u017c za\u015bnie, wyobra\u017ca sobie, \u017ce wychodzi na korytarz, staje na dw\u00f3ch \u0142apach, zak\u0142ada melonik i mo\u017ce robi\u0107 wszystko, czego tylko dusza zapragnie. Mo\u017ce by\u0107 cz\u0142owiekiem! Spotykaj\u0105 go w\u00f3wczas przygody, o kt\u00f3rych nawet nie marzy\u0142. Dlatego Ferdynand lubi \u015bni\u0107 i jest z tych sn\u00f3w tak dumny, \u017ce sam nazywa siebie Ferdynandem Wspania\u0142ym. To posta\u0107 i opowie\u015b\u0107 o tyle niezwyk\u0142a, \u017ce wymy\u015bli\u0142 j\u0105 pies. A w\u0142a\u015bciwie suka boksera imieniem Farsa\u2026<br \/>\n\u201eBy\u0142 taki wiecz\u00f3r, \u017ce w domu byli\u015bmy tylko ja i ona. Ja stuka\u0142em sobie co\u015b na swojej dzi\u015b ju\u017c niemodnej maszynie, a ona le\u017ca\u0142a u moich n\u00f3g i spa\u0142a. Pocz\u0105tkowo spokojnie, a potem w tym jej \u015bnie zacz\u0119\u0142o si\u0119 co\u015b dzia\u0107. Szczerzy\u0142a z\u0119by, dr\u017ca\u0142a, przebiera\u0142a \u0142apami, jakby przed kim\u015b czy przed czym\u015b ucieka\u0142a. Nie ulega\u0142o w\u0105tpliwo\u015bci: pies ma sny. By\u0107 mo\u017ce podobne do naszych? A mo\u017ce jej si\u0119 \u015bni, \u017ce jest cz\u0142owiekiem?&#8230;I ksi\u0105\u017cka by\u0142a gotowa. Pozosta\u0142 drobiazg: trzeba j\u0105 by\u0142o tylko napisa\u0107\u201d \u2013 wspomina\u0142 Ludwik Jerzy Kern. Ludwik Jerzy Kern \u2013 urodzony przed stu laty pisarz, poeta, autor literatury dla dzieci i m\u0142odzie\u017cy, publicysta, uwielbiany przez czytelnik\u00f3w wielu pokole\u0144. Zmar\u0142 w 2010 roku. Farsa \u2013 jak pisze Ludwik Jerzy Kern: Wytworna ciemna bokserka o wdzi\u0119ku perskiej ksi\u0119\u017cniczki i wybitnych uzdolnieniach aktorskich. Wyst\u0119powa\u0142a zreszt\u0105 na scenie (w duecie ze swoj\u0105 pani\u0105) w dw\u00f3ch krakowskich teatrach: w Starym Teatrze (!) i w Bagateli. W Starym gra\u0142a w Cudzie w Alabamie, a w Bagateli w Zielonym Gilu. By\u0142a profesjonalistk\u0105. Otrzymywa\u0142a za to honoraria: 18 z\u0142otych za wiecz\u00f3r i niekiedy jeszcze dodatkowo mielony kotlecik, co nawet wybitnym aktorom si\u0119 nie zdarza.<\/p>\n","protected":false},"excerpt":{"rendered":"<p>Autor: Ludwik Jerzy Kern Wydawca: Literackie Oprawa: Twarda Format: 16.5&#215;24.0cm [&hellip;]<\/p>\n","protected":false},"featured_media":17193,"template":"","meta":[],"product_brand":[],"product_cat":[7707],"product_tag":[5953,6432],"class_list":{"0":"post-17192","1":"product","2":"type-product","3":"status-publish","4":"has-post-thumbnail","6":"product_cat-literatura","7":"product_tag-literatura","8":"product_tag-literatura-dla-dzieci","10":"first","11":"instock","12":"sale","13":"shipping-taxable","14":"purchasable","15":"product-type-simple"},"_links":{"self":[{"href":"http:\/\/ksiegarnia-akademicka.pl\/index.php\/wp-json\/wp\/v2\/product\/17192","targetHints":{"allow":["GET"]}}],"collection":[{"href":"http:\/\/ksiegarnia-akademicka.pl\/index.php\/wp-json\/wp\/v2\/product"}],"about":[{"href":"http:\/\/ksiegarnia-akademicka.pl\/index.php\/wp-json\/wp\/v2\/types\/product"}],"wp:featuredmedia":[{"embeddable":true,"href":"http:\/\/ksiegarnia-akademicka.pl\/index.php\/wp-json\/wp\/v2\/media\/17193"}],"wp:attachment":[{"href":"http:\/\/ksiegarnia-akademicka.pl\/index.php\/wp-json\/wp\/v2\/media?parent=17192"}],"wp:term":[{"taxonomy":"product_brand","embeddable":true,"href":"http:\/\/ksiegarnia-akademicka.pl\/index.php\/wp-json\/wp\/v2\/product_brand?post=17192"},{"taxonomy":"product_cat","embeddable":true,"href":"http:\/\/ksiegarnia-akademicka.pl\/index.php\/wp-json\/wp\/v2\/product_cat?post=17192"},{"taxonomy":"product_tag","embeddable":true,"href":"http:\/\/ksiegarnia-akademicka.pl\/index.php\/wp-json\/wp\/v2\/product_tag?post=17192"}],"curies":[{"name":"wp","href":"https:\/\/api.w.org\/{rel}","templated":true}]}}