{"id":17164,"date":"2023-12-06T09:01:36","date_gmt":"2023-12-06T08:01:36","guid":{"rendered":"http:\/\/ksiegarnia-akademicka.pl\/?post_type=product&#038;p=17164"},"modified":"2023-12-06T09:12:56","modified_gmt":"2023-12-06T08:12:56","slug":"swiadczenia-rodzinne-komentarz-2","status":"publish","type":"product","link":"http:\/\/ksiegarnia-akademicka.pl\/index.php\/product\/swiadczenia-rodzinne-komentarz-2\/","title":{"rendered":"\u015awiadczenia rodzinne Komentarz"},"content":{"rendered":"<p>Autor:<br \/>\nMarek M\u0105czy\u0144ski<br \/>\nPiotr Lisowski<br \/>\nAnna Kawecka<br \/>\nPrzemys\u0142aw Kledzik<br \/>\nRedakcja: Ma\u0142ysa-Suli\u0144ska Katarzyna<br \/>\nWydawca: Wolters Kluwer<br \/>\nOprawa: Twarda<br \/>\nLiczba stron: 716<br \/>\nWydanie: 1<br \/>\nRok wydania: 2023<br \/>\nJ\u0119zyk wydania: polski<\/p>\n<p>Publikacja stanowi kompleksowe uj\u0119cie problematyki \u015bwiadcze\u0144 rodzinnych, przygotowane pod k\u0105tem potrzeb praktyki administracyjnej. Zawiera pog\u0142\u0119bion\u0105 analiz\u0119 przepis\u00f3w ustawy o \u015bwiadczeniach rodzinnych i omawia zar\u00f3wno klasyczne, jak i najnowsze problemy administrowania w tej sferze, a tak\u017ce te dotycz\u0105ce kontroli s\u0105d\u00f3w administracyjnych (a w pewnym zakresie \u2013 r\u00f3wnie\u017c kontroli sprawowanej przez Trybuna\u0142 Konstytucyjny).<\/p>\n<p>Komentarz uwzgl\u0119dnia najnowsze zmiany w stanie prawnym, w tym wprowadzane z dniem 1.01.2024 r. przez ustaw\u0119 o \u015bwiadczeniu wspieraj\u0105cym. Akt ten w istotny spos\u00f3b modyfikuje regulacje ustawy o \u015bwiadczeniach rodzinnych, zw\u0142aszcza w odniesieniu do jednego z najpowszechniej inicjowanych w praktyce post\u0119powa\u0144, tj. post\u0119powania w przedmiocie \u015bwiadczenia piel\u0119gnacyjnego.<br \/>\nSzczeg\u00f3lnie interesuj\u0105ce dla czytelnik\u00f3w b\u0119dzie przedstawienie mo\u017cliwych sposob\u00f3w interpretacji poszczeg\u00f3lnych przepis\u00f3w wraz ze wskazaniem tych, kt\u00f3re w ocenie autor\u00f3w znajduj\u0105 uzasadnienie z uwagi na przyj\u0119te rozwi\u0105zania systemowe.<\/p>\n<p>Autorzy publikacji s\u0105 zar\u00f3wno teoretykami, jak i praktykami, kt\u00f3rzy na co dzie\u0144 zajmuj\u0105 si\u0119 problematyk\u0105 \u015bwiadcze\u0144 rodzinnych, w tym w szczeg\u00f3lno\u015bci rozstrzygaj\u0105 na poziomie organ\u00f3w wy\u017cszego stopnia w sprawach z tego zakresu. Omawiaj\u0105 kwestie szczeg\u00f3\u0142owe i problematyczne, nie unikaj\u0105c krytycznej analizy porz\u0105dku prawnego, wybor\u00f3w praktyki administracyjnej oraz dorobku judykatury.<\/p>\n<p>Ksi\u0105\u017cka jest przeznaczona przede wszystkim dla pracownik\u00f3w administracji publicznej, s\u0119dzi\u00f3w, adwokat\u00f3w i radc\u00f3w prawnych zajmuj\u0105cych si\u0119 sprawami z zakresu \u015bwiadcze\u0144 rodzinnych. B\u0119dzie ponadto cennym \u017ar\u00f3d\u0142em wiedzy dla naukowc\u00f3w i doktorant\u00f3w specjalizuj\u0105cych si\u0119 w tej tematyce.<\/p>\n","protected":false},"excerpt":{"rendered":"<p>Autor: Marek M\u0105czy\u0144ski Piotr Lisowski Anna Kawecka Przemys\u0142aw Kledzik Redakcja: [&hellip;]<\/p>\n","protected":false},"featured_media":17165,"template":"","meta":[],"product_brand":[],"product_cat":[7491,18],"product_tag":[615,4584,4603],"class_list":{"0":"post-17164","1":"product","2":"type-product","3":"status-publish","4":"has-post-thumbnail","6":"product_cat-cywilne","7":"product_cat-prawo","8":"product_tag-prawo-cywilne","9":"product_tag-prawo-rodzinne-i-opiekuncze","10":"product_tag-seria-komentarze-praktyczne","12":"first","13":"instock","14":"sale","15":"shipping-taxable","16":"purchasable","17":"product-type-simple"},"_links":{"self":[{"href":"http:\/\/ksiegarnia-akademicka.pl\/index.php\/wp-json\/wp\/v2\/product\/17164","targetHints":{"allow":["GET"]}}],"collection":[{"href":"http:\/\/ksiegarnia-akademicka.pl\/index.php\/wp-json\/wp\/v2\/product"}],"about":[{"href":"http:\/\/ksiegarnia-akademicka.pl\/index.php\/wp-json\/wp\/v2\/types\/product"}],"wp:featuredmedia":[{"embeddable":true,"href":"http:\/\/ksiegarnia-akademicka.pl\/index.php\/wp-json\/wp\/v2\/media\/17165"}],"wp:attachment":[{"href":"http:\/\/ksiegarnia-akademicka.pl\/index.php\/wp-json\/wp\/v2\/media?parent=17164"}],"wp:term":[{"taxonomy":"product_brand","embeddable":true,"href":"http:\/\/ksiegarnia-akademicka.pl\/index.php\/wp-json\/wp\/v2\/product_brand?post=17164"},{"taxonomy":"product_cat","embeddable":true,"href":"http:\/\/ksiegarnia-akademicka.pl\/index.php\/wp-json\/wp\/v2\/product_cat?post=17164"},{"taxonomy":"product_tag","embeddable":true,"href":"http:\/\/ksiegarnia-akademicka.pl\/index.php\/wp-json\/wp\/v2\/product_tag?post=17164"}],"curies":[{"name":"wp","href":"https:\/\/api.w.org\/{rel}","templated":true}]}}